{"id":619,"date":"2016-11-30T11:29:52","date_gmt":"2016-11-30T17:29:52","guid":{"rendered":"https:\/\/www.stthomaschc.org\/services\/"},"modified":"2024-04-22T11:28:19","modified_gmt":"2024-04-22T16:28:19","slug":"servicos","status":"publish","type":"page","link":"https:\/\/stthomaschc.org\/es\/servicos\/","title":{"rendered":"Servicios"},"content":{"rendered":"<div class=\"wpb-content-wrapper\"><p>[vc_row type=\u00bbfull-width-content\u00bb content_placement=\u00bbmiddle\u00bb css=\u00bb.vc_custom_1480535506379{margin-top: 0px !important;margin-bottom: 0px !important;background-color: #ea7070 !important;}\u00bb][vc_column width=\u00bb1\/2&#8243; css=\u00bb.vc_custom_1479486723414{margin-top: 0px !important;margin-right: 0px !important;margin-bottom: 0px !important;margin-left: 0px !important;}\u00bb][vc_single_image image=\u00bb124&#8243; img_size=\u00bb745&#215;450&#8243; css=\u00bb.vc_custom_1480538961066{margin-top: 0px !important;margin-right: 0px !important;margin-bottom: 0px !important;margin-left: 0px !important;}\u00bb][\/vc_column][vc_column width=\u00bb1\/2&#8243; css=\u00bb.vc_custom_1480535566420{margin-left: 35px !important;}\u00bb][vc_column_text]<\/p>\n<p class=\"mobileheader\">Servicios<\/p>\n<p>[\/vc_column_text][\/vc_column][\/vc_row][vc_row][vc_column][vc_empty_space height=\u00bb15px\u00bb][\/vc_column][\/vc_row][vc_row type=\u00bbfull-width-content\u00bb equal_height=\u00bbyes\u00bb content_placement=\u00bbtop\u00bb][vc_column width=\u00bb1\/12&#8243;][\/vc_column][vc_column width=\u00bb5\/12&#8243; css=\u00bb.vc_custom_1486054722782{margin-right: 10px !important;margin-left: 10px !important;}\u00bb][vc_row_inner css=\u00bb.vc_custom_1489090919870{padding-top: 15px !important;padding-right: 20px !important;padding-bottom: 10px !important;padding-left: 20px !important;background-color: #de9a42 !important;}\u00bb el_class=\u00bbribbon-1&#8243;][vc_column_inner width=\u00bb3\/4&#8243; css=\u00bb.vc_custom_1479485895249{margin-bottom: 10px !important;}\u00bb][vc_column_text css=\u00bb.vc_custom_1490884188391{margin-top: 5px !important;}\u00bb]<\/p>\n<h2 style=\"color: white; font-size: 28px;\">Atenci\u00f3n Primaria para Adultos<\/h2>\n<p>[\/vc_column_text][\/vc_column_inner][vc_column_inner width=\u00bb1\/4&#8243;]<style type=\"text\/css\" >#b_1pln0enpu17z86f8yadk a{color:#ffffff; background:; border-style:solid; border-color:#ffffff; margin-top:0px; margin-bottom:0px;  margin-left:0px; margin-right:0px; font-weight:900; border-radius:0px;}#b_1pln0enpu17z86f8yadk a:hover{color: ; background: ; border-color:;}<\/style><div class=\"ta_center tf_btn_pos\" id=\"b_1pln0enpu17z86f8yadk\" ><a class=\"rd_stroke_bt small_rd_bt border_1px  \" href=\"\/services\/adult-primary-care\/\" target=\"\"   >MAS INFORMACI\u00d3N<\/a><\/div>[\/vc_column_inner][\/vc_row_inner][vc_empty_space height=\u00bb20px\u00bb][vc_row_inner css=\u00bb.vc_custom_1490883652685{margin-right: 30px !important;padding-top: 15px !important;padding-right: 20px !important;padding-bottom: 10px !important;padding-left: 20px !important;background-color: #dd830d !important;}\u00bb el_class=\u00bbribbon-1&#8243;][vc_column_inner width=\u00bb3\/4&#8243; css=\u00bb.vc_custom_1479485895249{margin-bottom: 10px !important;}\u00bb][vc_column_text css=\u00bb.vc_custom_1490916290969{margin-top: 5px !important;}\u00bb]<\/p>\n<h2 style=\"color: white; font-size: 28px;\">Hepatitis C<\/h2>\n<p>[\/vc_column_text][\/vc_column_inner][vc_column_inner width=\u00bb1\/4&#8243;]<style type=\"text\/css\" >#b_6zvj7f944r8crn8i19zj a{color:#ffffff; background:; border-style:solid; border-color:#ffffff; margin-top:0px; margin-bottom:0px;  margin-left:0px; margin-right:0px; font-weight:900; border-radius:0px;}#b_6zvj7f944r8crn8i19zj a:hover{color: ; background: ; border-color:;}<\/style><div class=\"ta_center tf_btn_pos\" id=\"b_6zvj7f944r8crn8i19zj\" ><a class=\"rd_stroke_bt small_rd_bt border_1px  \" href=\"\/services\/hepatitis-c\/\" target=\"\"   >MAS INFORMACI\u00d3N<\/a><\/div>[\/vc_column_inner][\/vc_row_inner][vc_empty_space height=\u00bb20px\u00bb][vc_row_inner css=\u00bb.vc_custom_1490366255221{margin-right: 30px !important;padding-top: 15px !important;padding-right: 20px !important;padding-bottom: 10px !important;padding-left: 20px !important;background-color: #e5448a !important;}\u00bb el_class=\u00bbribbon-1&#8243;][vc_column_inner width=\u00bb3\/4&#8243; css=\u00bb.vc_custom_1479485895249{margin-bottom: 10px !important;}\u00bb][vc_column_text css=\u00bb.vc_custom_1490916296660{margin-top: 5px !important;}\u00bb]<\/p>\n<h2 style=\"color: white; font-size: 28px;\">Salud de la Mujer<\/h2>\n<p>[\/vc_column_text][\/vc_column_inner][vc_column_inner width=\u00bb1\/4&#8243;]<style type=\"text\/css\" >#b_3dv12ycs64zc2qlbpte0 a{color:#ffffff; background:; border-style:solid; border-color:#ffffff; margin-top:0px; margin-bottom:0px;  margin-left:0px; margin-right:0px; font-weight:900; border-radius:0px;}#b_3dv12ycs64zc2qlbpte0 a:hover{color: ; background: ; border-color:;}<\/style><div class=\"ta_center tf_btn_pos\" id=\"b_3dv12ycs64zc2qlbpte0\" ><a class=\"rd_stroke_bt small_rd_bt border_1px  \" href=\"\/services\/womens-health-prenatal-postpartum-birth-control\/\" target=\"\"   >MAS INFORMACI\u00d3N<\/a><\/div>[\/vc_column_inner][\/vc_row_inner][vc_empty_space height=\u00bb20px\u00bb][vc_row_inner css=\u00bb.vc_custom_1607571962138{margin-right: 30px !important;padding-top: 15px !important;padding-right: 20px !important;padding-bottom: 10px !important;padding-left: 20px !important;background-color: #b2113c !important;}\u00bb el_class=\u00bbribbon-1&#8243;][vc_column_inner width=\u00bb3\/4&#8243; css=\u00bb.vc_custom_1479485895249{margin-bottom: 10px !important;}\u00bb][vc_column_text css=\u00bb.vc_custom_1607571971513{margin-top: 5px !important;}\u00bb]<\/p>\n<h2 style=\"color: white; font-size: 28px;\">Telemedicina<\/h2>\n<p>[\/vc_column_text][\/vc_column_inner][vc_column_inner width=\u00bb1\/4&#8243;]<style type=\"text\/css\" >#b_zfjidbcagn59xge8cwnk a{color:#ffffff; background:; border-style:solid; border-color:#ffffff; margin-top:0px; margin-bottom:0px;  margin-left:0px; margin-right:0px; font-weight:900; border-radius:0px;}#b_zfjidbcagn59xge8cwnk a:hover{color: ; background: ; border-color:;}<\/style><div class=\"ta_center tf_btn_pos\" id=\"b_zfjidbcagn59xge8cwnk\" ><a class=\"rd_stroke_bt small_rd_bt border_1px  \" href=\"\/telemedicine-information\/\" target=\"\"   >MAS INFORMACI\u00d3N<\/a><\/div>[\/vc_column_inner][\/vc_row_inner][vc_empty_space height=\u00bb20px\u00bb][vc_row_inner css=\u00bb.vc_custom_1489090972960{padding-top: 15px !important;padding-right: 20px !important;padding-bottom: 10px !important;padding-left: 20px !important;background-color: #318dcd !important;}\u00bb el_class=\u00bbribbon-1&#8243;][vc_column_inner width=\u00bb3\/4&#8243; css=\u00bb.vc_custom_1479485895249{margin-bottom: 10px !important;}\u00bb][vc_column_text css=\u00bb.vc_custom_1490916395590{margin-top: 5px !important;}\u00bb]<\/p>\n<h2 style=\"color: white; font-size: 28px;\">PrEP<\/h2>\n<p>[\/vc_column_text][\/vc_column_inner][vc_column_inner width=\u00bb1\/4&#8243;]<style type=\"text\/css\" >#b_f92ezkrppwdzv2wc0nyz a{color:#ffffff; background:; border-style:solid; border-color:#ffffff; margin-top:0px; margin-bottom:0px;  margin-left:0px; margin-right:0px; font-weight:900; border-radius:0px;}#b_f92ezkrppwdzv2wc0nyz a:hover{color: ; background: ; border-color:;}<\/style><div class=\"ta_center tf_btn_pos\" id=\"b_f92ezkrppwdzv2wc0nyz\" ><a class=\"rd_stroke_bt small_rd_bt border_1px  \" href=\"\/services\/prep-medication-prevention-pill-treatment-hiv-aids\/\" target=\"\"   >MAS INFORMACI\u00d3N<\/a><\/div>[\/vc_column_inner][\/vc_row_inner][vc_empty_space height=\u00bb20px\u00bb][vc_row_inner css=\u00bb.vc_custom_1489090947421{margin-right: 30px !important;padding-top: 15px !important;padding-right: 20px !important;padding-bottom: 10px !important;padding-left: 20px !important;background-color: #44c0e5 !important;}\u00bb el_class=\u00bbribbon-1&#8243;][vc_column_inner width=\u00bb3\/4&#8243; css=\u00bb.vc_custom_1479485895249{margin-bottom: 10px !important;}\u00bb][vc_column_text css=\u00bb.vc_custom_1490916306324{margin-top: 5px !important;}\u00bb]<\/p>\n<h2 style=\"color: white; font-size: 28px;\">\u00d3ptica<\/h2>\n<p>[\/vc_column_text][\/vc_column_inner][vc_column_inner width=\u00bb1\/4&#8243;]<style type=\"text\/css\" >#b_rh13tozkjz2wv1xo3qw8 a{color:#ffffff; background:; border-style:solid; border-color:#ffffff; margin-top:0px; margin-bottom:0px;  margin-left:0px; margin-right:0px; font-weight:900; border-radius:0px;}#b_rh13tozkjz2wv1xo3qw8 a:hover{color: ; background: ; border-color:;}<\/style><div class=\"ta_center tf_btn_pos\" id=\"b_rh13tozkjz2wv1xo3qw8\" ><a class=\"rd_stroke_bt small_rd_bt border_1px  \" href=\"\/services\/optometry-eye-doctor-optometrist\/\" target=\"\"   >MAS INFORMACI\u00d3N<\/a><\/div>[\/vc_column_inner][\/vc_row_inner][\/vc_column][vc_column width=\u00bb5\/12&#8243; css=\u00bb.vc_custom_1486054730004{margin-right: 10px !important;margin-left: 10px !important;}\u00bb][vc_row_inner css=\u00bb.vc_custom_1711384682906{margin-right: 30px !important;padding-top: 15px !important;padding-right: 20px !important;padding-bottom: 10px !important;padding-left: 20px !important;background-color: #9e7300 !important;}\u00bb el_class=\u00bbribbon-1&#8243;][vc_column_inner width=\u00bb3\/4&#8243; css=\u00bb.vc_custom_1479485895249{margin-bottom: 10px !important;}\u00bb][vc_column_text css=\u00bb.vc_custom_1711384648407{margin-top: 5px !important;}\u00bb]<\/p>\n<h2 style=\"color: white; font-size: 28px;\">Cuidado Cr\u00f3nico<\/h2>\n<p>[\/vc_column_text][\/vc_column_inner][vc_column_inner width=\u00bb1\/4&#8243;]<style type=\"text\/css\" >#b_ydo2op4teanffgn27czl a{color:#ffffff; background:; border-style:solid; border-color:#ffffff; margin-top:0px; margin-bottom:0px;  margin-left:0px; margin-right:0px; font-weight:900; border-radius:0px;}#b_ydo2op4teanffgn27czl a:hover{color: ; background: ; border-color:;}<\/style><div class=\"ta_center tf_btn_pos\" id=\"b_ydo2op4teanffgn27czl\" ><a class=\"rd_stroke_bt small_rd_bt border_1px  \" href=\"\/services\/new-orleans-chronic-care-management\/\" target=\"\"   >MAS INFORMACI\u00d3N<\/a><\/div>[\/vc_column_inner][\/vc_row_inner][vc_empty_space height=\u00bb20px\u00bb][vc_row_inner css=\u00bb.vc_custom_1490366302045{padding-top: 15px !important;padding-right: 20px !important;padding-bottom: 10px !important;padding-left: 20px !important;background-color: #d12343 !important;}\u00bb el_class=\u00bbribbon-1&#8243;][vc_column_inner width=\u00bb3\/4&#8243; css=\u00bb.vc_custom_1486055243104{margin-bottom: 10px !important;}\u00bb][vc_column_text css=\u00bb.vc_custom_1566770097049{margin-top: 5px !important;}\u00bb]<\/p>\n<h2 style=\"color: white; font-size: 28px;\">Atenci\u00f3n Cardiovascular<\/h2>\n<p>[\/vc_column_text][\/vc_column_inner][vc_column_inner width=\u00bb1\/4&#8243;]<style type=\"text\/css\" >#b_f0gj6m2v0gksixzn7hs1 a{color:#ffffff; background:; border-style:solid; border-color:#ffffff; margin-top:0px; margin-bottom:0px;  margin-left:0px; margin-right:0px; font-weight:900; border-radius:0px;}#b_f0gj6m2v0gksixzn7hs1 a:hover{color: ; background: ; border-color:;}<\/style><div class=\"ta_center tf_btn_pos\" id=\"b_f0gj6m2v0gksixzn7hs1\" ><a class=\"rd_stroke_bt small_rd_bt border_1px  \" href=\"\/services\/heart-vascular-center-cardiology\/\" target=\"\"   >MAS INFORMACI\u00d3N<\/a><\/div>[\/vc_column_inner][\/vc_row_inner][vc_empty_space height=\u00bb20px\u00bb][vc_row_inner css=\u00bb.vc_custom_1490365875032{padding-top: 15px !important;padding-right: 20px !important;padding-bottom: 10px !important;padding-left: 20px !important;background-color: #5d9ecc !important;}\u00bb el_class=\u00bbribbon-1&#8243;][vc_column_inner width=\u00bb3\/4&#8243; css=\u00bb.vc_custom_1479485895249{margin-bottom: 10px !important;}\u00bb][vc_column_text css=\u00bb.vc_custom_1490916390787{margin-top: 5px !important;}\u00bb]<\/p>\n<h2 style=\"color: white; font-size: 28px;\">VIH<\/h2>\n<p>[\/vc_column_text][\/vc_column_inner][vc_column_inner width=\u00bb1\/4&#8243;]<style type=\"text\/css\" >#b_ldyes1izz8shp8bmw5ol a{color:#ffffff; background:; border-style:solid; border-color:#ffffff; margin-top:0px; margin-bottom:0px;  margin-left:0px; margin-right:0px; font-weight:900; border-radius:0px;}#b_ldyes1izz8shp8bmw5ol a:hover{color: ; background: ; border-color:;}<\/style><div class=\"ta_center tf_btn_pos\" id=\"b_ldyes1izz8shp8bmw5ol\" ><a class=\"rd_stroke_bt small_rd_bt border_1px  \" href=\"\/services\/hiv-aids-treatment-prevention\/\" target=\"\"   >MAS INFORMACI\u00d3N<\/a><\/div>[\/vc_column_inner][\/vc_row_inner][vc_empty_space height=\u00bb20px\u00bb][vc_row_inner css=\u00bb.vc_custom_1489595182843{margin-right: 30px !important;padding-top: 15px !important;padding-right: 20px !important;padding-bottom: 10px !important;padding-left: 20px !important;background-color: #0072e5 !important;}\u00bb el_class=\u00bbribbon-1&#8243;][vc_column_inner width=\u00bb3\/4&#8243; css=\u00bb.vc_custom_1479485895249{margin-bottom: 10px !important;}\u00bb][vc_column_text css=\u00bb.vc_custom_1490916374261{margin-top: 5px !important;}\u00bb]<\/p>\n<h2 style=\"color: white; font-size: 28px;\">Pediatr\u00eda<\/h2>\n<p>[\/vc_column_text][\/vc_column_inner][vc_column_inner width=\u00bb1\/4&#8243;]<style type=\"text\/css\" >#b_u6mn4l6k3lsvjpu07gzd a{color:#ffffff; background:; border-style:solid; border-color:#ffffff; margin-top:0px; margin-bottom:0px;  margin-left:0px; margin-right:0px; font-weight:900; border-radius:0px;}#b_u6mn4l6k3lsvjpu07gzd a:hover{color: ; background: ; border-color:;}<\/style><div class=\"ta_center tf_btn_pos\" id=\"b_u6mn4l6k3lsvjpu07gzd\" ><a class=\"rd_stroke_bt small_rd_bt border_1px  \" href=\"\/services\/pediatrics-child-medical-care\/\" target=\"\"   >MAS INFORMACI\u00d3N<\/a><\/div>[\/vc_column_inner][\/vc_row_inner][vc_empty_space height=\u00bb20px\u00bb][vc_row_inner css=\u00bb.vc_custom_1663260442512{margin-right: 30px !important;padding-top: 15px !important;padding-right: 20px !important;padding-bottom: 10px !important;padding-left: 20px !important;background-color: #a01656 !important;}\u00bb el_class=\u00bbribbon-1&#8243;][vc_column_inner width=\u00bb3\/4&#8243; css=\u00bb.vc_custom_1479485895249{margin-bottom: 10px !important;}\u00bb][vc_column_text css=\u00bb.vc_custom_1663260370756{margin-top: 5px !important;}\u00bb]<\/p>\n<h2 style=\"color: white; font-size: 28px;\">Hipertensi\u00f3n<\/h2>\n<p>[\/vc_column_text][\/vc_column_inner][vc_column_inner width=\u00bb1\/4&#8243;]<style type=\"text\/css\" >#b_mcaqsvzxvfnf8ruqdj3l a{color:#ffffff; background:; border-style:solid; border-color:#ffffff; margin-top:0px; margin-bottom:0px;  margin-left:0px; margin-right:0px; font-weight:900; border-radius:0px;}#b_mcaqsvzxvfnf8ruqdj3l a:hover{color: ; background: ; border-color:;}<\/style><div class=\"ta_center tf_btn_pos\" id=\"b_mcaqsvzxvfnf8ruqdj3l\" ><a class=\"rd_stroke_bt small_rd_bt border_1px  \" href=\"\/services\/hypertension-program\/\" target=\"\"   >MAS INFORMACI\u00d3N<\/a><\/div>[\/vc_column_inner][\/vc_row_inner][vc_empty_space height=\u00bb20px\u00bb][vc_row_inner css=\u00bb.vc_custom_1711384799368{margin-right: 30px !important;padding-top: 15px !important;padding-right: 20px !important;padding-bottom: 10px !important;padding-left: 20px !important;background-color: #1060c9 !important;}\u00bb el_class=\u00bbribbon-1&#8243;][vc_column_inner width=\u00bb3\/4&#8243; css=\u00bb.vc_custom_1479485895249{margin-bottom: 10px !important;}\u00bb][vc_column_text css=\u00bb.vc_custom_1711384699499{margin-top: 5px !important;}\u00bb]<\/p>\n<h2 style=\"color: white; font-size: 28px;\">Farmacia<\/h2>\n<p>[\/vc_column_text][\/vc_column_inner][vc_column_inner width=\u00bb1\/4&#8243;]<style type=\"text\/css\" >#b_7jxnlqq8wytzcogd7hzv a{color:#ffffff; background:; border-style:solid; border-color:#ffffff; margin-top:0px; margin-bottom:0px;  margin-left:0px; margin-right:0px; font-weight:900; border-radius:0px;}#b_7jxnlqq8wytzcogd7hzv a:hover{color: ; background: ; border-color:;}<\/style><div class=\"ta_center tf_btn_pos\" id=\"b_7jxnlqq8wytzcogd7hzv\" ><a class=\"rd_stroke_bt small_rd_bt border_1px  \" href=\"\/services\/pharmacy-services-medication-home-delivery\/\" target=\"\"   >MAS INFORMACI\u00d3N<\/a><\/div>[\/vc_column_inner][\/vc_row_inner][\/vc_column][vc_column width=\u00bb1\/12&#8243;][\/vc_column][\/vc_row]<\/p>\n<\/div>","protected":false},"excerpt":{"rendered":"<p>[vc_row type=\u00bbfull-width-content\u00bb content_placement=\u00bbmiddle\u00bb css=\u00bb.vc_custom_1480535506379{margin-top: 0px !important;margin-bottom: 0px !important;background-color: #ea7070 !important;}\u00bb][vc_column width=\u00bb1\/2&#8243; css=\u00bb.vc_custom_1479486723414{margin-top: 0px !important;margin-right: 0px !important;margin-bottom: 0px !important;margin-left: 0px !important;}\u00bb][vc_single_image image=\u00bb124&#8243; img_size=\u00bb745&#215;450&#8243; css=\u00bb.vc_custom_1480538961066{margin-top: 0px !important;margin-right: 0px !important;margin-bottom: 0px !important;margin-left: 0px !important;}\u00bb][\/vc_column][vc_column width=\u00bb1\/2&#8243; css=\u00bb.vc_custom_1480535566420{margin-left: 35px !important;}\u00bb][vc_column_text] Servicios [\/vc_column_text][\/vc_column][\/vc_row][vc_row][vc_column][vc_empty_space height=\u00bb15px\u00bb][\/vc_column][\/vc_row][vc_row type=\u00bbfull-width-content\u00bb equal_height=\u00bbyes\u00bb content_placement=\u00bbtop\u00bb][vc_column width=\u00bb1\/12&#8243;][\/vc_column][vc_column width=\u00bb5\/12&#8243; css=\u00bb.vc_custom_1486054722782{margin-right: 10px !important;margin-left: 10px !important;}\u00bb][vc_row_inner css=\u00bb.vc_custom_1489090919870{padding-top: 15px !important;padding-right: 20px !important;padding-bottom: 10px !important;padding-left:<br \/><a href=\"https:\/\/stthomaschc.org\/es\/servicos\/\" class=\"more\">Read more<\/a><\/p>\n","protected":false},"author":2,"featured_media":0,"parent":0,"menu_order":0,"comment_status":"closed","ping_status":"closed","template":"","meta":{"_acf_changed":false,"footnotes":""},"class_list":["post-619","page","type-page","status-publish","hentry"],"acf":[],"yoast_head":"<!-- This site is optimized with the Yoast SEO plugin v26.8 - https:\/\/yoast.com\/product\/yoast-seo-wordpress\/ -->\n<title>Servicios m\u00e9dicos | St. Thomas Community Health Center<\/title>\n<meta name=\"description\" content=\"Nuestro equipo de proveedores dedicados incluye m\u00e9dicos de medicina interna, enfermeras practicantes, pediatras, psic\u00f3logos, cardi\u00f3logos y m\u00e1s.\" \/>\n<meta name=\"robots\" content=\"index, follow, max-snippet:-1, max-image-preview:large, max-video-preview:-1\" \/>\n<link rel=\"canonical\" href=\"https:\/\/stthomaschc.org\/es\/servicos\/\" \/>\n<meta property=\"og:locale\" content=\"es_ES\" \/>\n<meta property=\"og:type\" content=\"article\" \/>\n<meta property=\"og:title\" content=\"Servicios m\u00e9dicos | St. Thomas Community Health Center\" \/>\n<meta property=\"og:description\" content=\"Nuestro equipo de proveedores dedicados incluye m\u00e9dicos de medicina interna, enfermeras practicantes, pediatras, psic\u00f3logos, cardi\u00f3logos y m\u00e1s.\" \/>\n<meta property=\"og:url\" content=\"https:\/\/stthomaschc.org\/es\/servicos\/\" \/>\n<meta property=\"og:site_name\" content=\"St. Thomas Community Health Center\" \/>\n<meta property=\"article:publisher\" content=\"https:\/\/www.facebook.com\/stthomaschc\" \/>\n<meta property=\"article:modified_time\" content=\"2024-04-22T16:28:19+00:00\" \/>\n<meta name=\"twitter:card\" content=\"summary_large_image\" \/>\n<meta name=\"twitter:site\" content=\"@StThomasCHC\" \/>\n<meta name=\"twitter:label1\" content=\"Tiempo de lectura\" \/>\n\t<meta name=\"twitter:data1\" content=\"6 minutos\" \/>\n<script type=\"application\/ld+json\" class=\"yoast-schema-graph\">{\"@context\":\"https:\/\/schema.org\",\"@graph\":[{\"@type\":\"WebPage\",\"@id\":\"https:\/\/stthomaschc.org\/es\/servicos\/\",\"url\":\"https:\/\/stthomaschc.org\/es\/servicos\/\",\"name\":\"Servicios m\u00e9dicos | St. Thomas Community Health Center\",\"isPartOf\":{\"@id\":\"https:\/\/stthomaschc.org\/#website\"},\"datePublished\":\"2016-11-30T17:29:52+00:00\",\"dateModified\":\"2024-04-22T16:28:19+00:00\",\"description\":\"Nuestro equipo de proveedores dedicados incluye m\u00e9dicos de medicina interna, enfermeras practicantes, pediatras, psic\u00f3logos, cardi\u00f3logos y m\u00e1s.\",\"breadcrumb\":{\"@id\":\"https:\/\/stthomaschc.org\/es\/servicos\/#breadcrumb\"},\"inLanguage\":\"es\",\"potentialAction\":[{\"@type\":\"ReadAction\",\"target\":[\"https:\/\/stthomaschc.org\/es\/servicos\/\"]}]},{\"@type\":\"BreadcrumbList\",\"@id\":\"https:\/\/stthomaschc.org\/es\/servicos\/#breadcrumb\",\"itemListElement\":[{\"@type\":\"ListItem\",\"position\":1,\"name\":\"Home\",\"item\":\"https:\/\/stthomaschc.org\/es\/\"},{\"@type\":\"ListItem\",\"position\":2,\"name\":\"Servicios\"}]},{\"@type\":\"WebSite\",\"@id\":\"https:\/\/stthomaschc.org\/#website\",\"url\":\"https:\/\/stthomaschc.org\/\",\"name\":\"St. Thomas Community Health Center\",\"description\":\"St. Thomas Community Health Center&#039;s Site\",\"potentialAction\":[{\"@type\":\"SearchAction\",\"target\":{\"@type\":\"EntryPoint\",\"urlTemplate\":\"https:\/\/stthomaschc.org\/?s={search_term_string}\"},\"query-input\":{\"@type\":\"PropertyValueSpecification\",\"valueRequired\":true,\"valueName\":\"search_term_string\"}}],\"inLanguage\":\"es\"}]}<\/script>\n<!-- \/ Yoast SEO plugin. -->","yoast_head_json":{"title":"Servicios m\u00e9dicos | St. Thomas Community Health Center","description":"Nuestro equipo de proveedores dedicados incluye m\u00e9dicos de medicina interna, enfermeras practicantes, pediatras, psic\u00f3logos, cardi\u00f3logos y m\u00e1s.","robots":{"index":"index","follow":"follow","max-snippet":"max-snippet:-1","max-image-preview":"max-image-preview:large","max-video-preview":"max-video-preview:-1"},"canonical":"https:\/\/stthomaschc.org\/es\/servicos\/","og_locale":"es_ES","og_type":"article","og_title":"Servicios m\u00e9dicos | St. Thomas Community Health Center","og_description":"Nuestro equipo de proveedores dedicados incluye m\u00e9dicos de medicina interna, enfermeras practicantes, pediatras, psic\u00f3logos, cardi\u00f3logos y m\u00e1s.","og_url":"https:\/\/stthomaschc.org\/es\/servicos\/","og_site_name":"St. Thomas Community Health Center","article_publisher":"https:\/\/www.facebook.com\/stthomaschc","article_modified_time":"2024-04-22T16:28:19+00:00","twitter_card":"summary_large_image","twitter_site":"@StThomasCHC","twitter_misc":{"Tiempo de lectura":"6 minutos"},"schema":{"@context":"https:\/\/schema.org","@graph":[{"@type":"WebPage","@id":"https:\/\/stthomaschc.org\/es\/servicos\/","url":"https:\/\/stthomaschc.org\/es\/servicos\/","name":"Servicios m\u00e9dicos | St. Thomas Community Health Center","isPartOf":{"@id":"https:\/\/stthomaschc.org\/#website"},"datePublished":"2016-11-30T17:29:52+00:00","dateModified":"2024-04-22T16:28:19+00:00","description":"Nuestro equipo de proveedores dedicados incluye m\u00e9dicos de medicina interna, enfermeras practicantes, pediatras, psic\u00f3logos, cardi\u00f3logos y m\u00e1s.","breadcrumb":{"@id":"https:\/\/stthomaschc.org\/es\/servicos\/#breadcrumb"},"inLanguage":"es","potentialAction":[{"@type":"ReadAction","target":["https:\/\/stthomaschc.org\/es\/servicos\/"]}]},{"@type":"BreadcrumbList","@id":"https:\/\/stthomaschc.org\/es\/servicos\/#breadcrumb","itemListElement":[{"@type":"ListItem","position":1,"name":"Home","item":"https:\/\/stthomaschc.org\/es\/"},{"@type":"ListItem","position":2,"name":"Servicios"}]},{"@type":"WebSite","@id":"https:\/\/stthomaschc.org\/#website","url":"https:\/\/stthomaschc.org\/","name":"St. Thomas Community Health Center","description":"St. Thomas Community Health Center&#039;s Site","potentialAction":[{"@type":"SearchAction","target":{"@type":"EntryPoint","urlTemplate":"https:\/\/stthomaschc.org\/?s={search_term_string}"},"query-input":{"@type":"PropertyValueSpecification","valueRequired":true,"valueName":"search_term_string"}}],"inLanguage":"es"}]}},"_links":{"self":[{"href":"https:\/\/stthomaschc.org\/es\/wp-json\/wp\/v2\/pages\/619","targetHints":{"allow":["GET"]}}],"collection":[{"href":"https:\/\/stthomaschc.org\/es\/wp-json\/wp\/v2\/pages"}],"about":[{"href":"https:\/\/stthomaschc.org\/es\/wp-json\/wp\/v2\/types\/page"}],"author":[{"embeddable":true,"href":"https:\/\/stthomaschc.org\/es\/wp-json\/wp\/v2\/users\/2"}],"replies":[{"embeddable":true,"href":"https:\/\/stthomaschc.org\/es\/wp-json\/wp\/v2\/comments?post=619"}],"version-history":[{"count":0,"href":"https:\/\/stthomaschc.org\/es\/wp-json\/wp\/v2\/pages\/619\/revisions"}],"wp:attachment":[{"href":"https:\/\/stthomaschc.org\/es\/wp-json\/wp\/v2\/media?parent=619"}],"curies":[{"name":"wp","href":"https:\/\/api.w.org\/{rel}","templated":true}]}}