{"id":599,"date":"2016-11-28T15:25:27","date_gmt":"2016-11-28T21:25:27","guid":{"rendered":"https:\/\/www.stthomaschc.org\/careers\/"},"modified":"2026-01-23T14:09:27","modified_gmt":"2026-01-23T20:09:27","slug":"careers","status":"publish","type":"page","link":"https:\/\/stthomaschc.org\/es\/careers\/","title":{"rendered":"Oportunidades de Trabajo"},"content":{"rendered":"<div class=\"wpb-content-wrapper\"><p>[vc_row type=\u00bbfull-width-content\u00bb content_placement=\u00bbmiddle\u00bb css=\u00bb.vc_custom_1488486539203{background-color: #ff984c !important;}\u00bb][vc_column width=\u00bb1\/2&#8243;][vc_single_image image=\u00bb2902&#8243; img_size=\u00bb745&#215;450&#8243; css=\u00bb.vc_custom_1480538442645{margin-top: 0px !important;margin-right: 0px !important;margin-bottom: 0px !important;margin-left: 0px !important;}\u00bb][\/vc_column][vc_column width=\u00bb1\/2&#8243; css=\u00bb.vc_custom_1479750092618{margin-left: 35px !important;}\u00bb][vc_column_text css=\u00bb\u00bb]<\/p>\n<p class=\"mobileheader\">Oportunidades de Trabajo<\/p>\n<p>[\/vc_column_text][\/vc_column][\/vc_row][vc_row][vc_column][vc_column_text]<\/p>\n<h3 style=\"text-align: center;\"><strong>El Centro de Salud Comunitario St. Thomas se compromete a la igualdad de oportunidades de empleo como una pr\u00e1ctica empresarial s\u00f3lida. Las pr\u00e1cticas de empleo no se ver\u00e1n influenciadas ni afectadas por la raza, el color, la religi\u00f3n, el sexo, la orientaci\u00f3n sexual, el origen nacional, la edad, la discapacidad ni ninguna otra caracter\u00edstica protegida por la ley de los solicitantes o empleados.<\/strong><\/h3>\n<h4 style=\"text-align: center;\">Ofrecemos un salario competitivo y un excelente paquete de beneficios que incluye: seguro m\u00e9dico, dental, de vida y por muerte accidental; tiempo libre remunerado, d\u00edas festivos y plan de jubilaci\u00f3n 401(k) con contribuci\u00f3n de la empresa.<\/h4>\n<h4 style=\"text-align: center;\">\u00a1Animamos a nuestros veteranos a postularse!<\/h4>\n<p>[\/vc_column_text][\/vc_column][\/vc_row][vc_row][vc_column][vc_raw_js]JTNDaWZyYW1lJTIwaWQlM0QlMjJjcGF0c2ZyYW1lJTIyJTIwc3R5bGUlM0QlMjJwb3NpdGlvbiUzQSUyMHJlbGF0aXZlJTNCJTIyJTIwc3JjJTNEJTIyaHR0cHMlM0ElMkYlMkZzdC10aG9tYXMtY29tbXVuaXR5LWhlYWx0aC1jZW50ZXIuY2FyZWVycGx1Zy5jb20lM0ZlbWJlZCUzRDElMjIlMjB3aWR0aCUzRCUyMjEwMCUyNSUyMiUyMGhlaWdodCUzRCUyMjEwMDAlMjIlMjBmcmFtZWJvcmRlciUzRCUyMjAlMjIlMjBzY3JvbGxpbmclM0QlMjJubyUyMiUzRVNvcnJ5JTJDJTIwaWZyYW1lcyUyMGFyZSUyMG5vdCUyMHN1cHBvcnRlZC4lM0MlMkZpZnJhbWUlM0UlMEElM0NzY3JpcHQlMjB0eXBlJTNEJTIydGV4dCUyRmphdmFzY3JpcHQlMjIlMjBzcmMlM0QlMjJodHRwcyUzQSUyRiUyRmNwYXRzLnMzLmFtYXpvbmF3cy5jb20lMkZhc3NldHMlMkZlbWJlZC5qcyUyMiUzRSUzQyUyRnNjcmlwdCUzRQ==[\/vc_raw_js][\/vc_column][\/vc_row]<\/p>\n<\/div>","protected":false},"excerpt":{"rendered":"<p>[vc_row type=\u00bbfull-width-content\u00bb content_placement=\u00bbmiddle\u00bb css=\u00bb.vc_custom_1488486539203{background-color: #ff984c !important;}\u00bb][vc_column width=\u00bb1\/2&#8243;][vc_single_image image=\u00bb2902&#8243; img_size=\u00bb745&#215;450&#8243; css=\u00bb.vc_custom_1480538442645{margin-top: 0px !important;margin-right: 0px !important;margin-bottom: 0px !important;margin-left: 0px !important;}\u00bb][\/vc_column][vc_column width=\u00bb1\/2&#8243; css=\u00bb.vc_custom_1479750092618{margin-left: 35px !important;}\u00bb][vc_column_text css=\u00bb\u00bb] Oportunidades de Trabajo [\/vc_column_text][\/vc_column][\/vc_row][vc_row][vc_column][vc_column_text] El Centro de Salud Comunitario St. Thomas se compromete a la igualdad de oportunidades de empleo como una pr\u00e1ctica empresarial s\u00f3lida. Las pr\u00e1cticas de empleo no se ver\u00e1n<br \/><a href=\"https:\/\/stthomaschc.org\/es\/careers\/\" class=\"more\">Read more<\/a><\/p>\n","protected":false},"author":2,"featured_media":2844,"parent":0,"menu_order":0,"comment_status":"closed","ping_status":"closed","template":"","meta":{"_acf_changed":false,"footnotes":""},"class_list":["post-599","page","type-page","status-publish","has-post-thumbnail","hentry"],"acf":[],"yoast_head":"<!-- This site is optimized with the Yoast SEO plugin v26.8 - https:\/\/yoast.com\/product\/yoast-seo-wordpress\/ -->\n<title>Oportunidades de Trabajo - St. Thomas Community Health Center<\/title>\n<meta name=\"robots\" content=\"index, follow, max-snippet:-1, max-image-preview:large, max-video-preview:-1\" \/>\n<link rel=\"canonical\" href=\"https:\/\/stthomaschc.org\/es\/careers\/\" \/>\n<meta property=\"og:locale\" content=\"es_ES\" \/>\n<meta property=\"og:type\" content=\"article\" \/>\n<meta property=\"og:title\" content=\"Oportunidades de Trabajo - St. Thomas Community Health Center\" \/>\n<meta property=\"og:description\" content=\"[vc_row type=\u00bbfull-width-content\u00bb content_placement=\u00bbmiddle\u00bb css=\u00bb.vc_custom_1488486539203{background-color: #ff984c !important;}\u00bb][vc_column width=\u00bb1\/2&#8243;][vc_single_image image=\u00bb2902&#8243; img_size=\u00bb745&#215;450&#8243; css=\u00bb.vc_custom_1480538442645{margin-top: 0px !important;margin-right: 0px !important;margin-bottom: 0px !important;margin-left: 0px !important;}\u00bb][\/vc_column][vc_column width=\u00bb1\/2&#8243; css=\u00bb.vc_custom_1479750092618{margin-left: 35px !important;}\u00bb][vc_column_text css=\u00bb\u00bb] Oportunidades de Trabajo [\/vc_column_text][\/vc_column][\/vc_row][vc_row][vc_column][vc_column_text] El Centro de Salud Comunitario St. Thomas se compromete a la igualdad de oportunidades de empleo como una pr\u00e1ctica empresarial s\u00f3lida. Las pr\u00e1cticas de empleo no se ver\u00e1nRead more\" \/>\n<meta property=\"og:url\" content=\"https:\/\/stthomaschc.org\/es\/careers\/\" \/>\n<meta property=\"og:site_name\" content=\"St. Thomas Community Health Center\" \/>\n<meta property=\"article:publisher\" content=\"https:\/\/www.facebook.com\/stthomaschc\" \/>\n<meta property=\"article:modified_time\" content=\"2026-01-23T20:09:27+00:00\" \/>\n<meta property=\"og:image\" content=\"https:\/\/stthomaschc.org\/wp-content\/uploads\/2026\/01\/St-Thomas-Featured-Image.jpg\" \/>\n\t<meta property=\"og:image:width\" content=\"1600\" \/>\n\t<meta property=\"og:image:height\" content=\"900\" \/>\n\t<meta property=\"og:image:type\" content=\"image\/jpeg\" \/>\n<meta name=\"twitter:card\" content=\"summary_large_image\" \/>\n<meta name=\"twitter:site\" content=\"@StThomasCHC\" \/>\n<meta name=\"twitter:label1\" content=\"Tiempo de lectura\" \/>\n\t<meta name=\"twitter:data1\" content=\"1 minuto\" \/>\n<script type=\"application\/ld+json\" class=\"yoast-schema-graph\">{\"@context\":\"https:\/\/schema.org\",\"@graph\":[{\"@type\":\"WebPage\",\"@id\":\"https:\/\/stthomaschc.org\/es\/careers\/\",\"url\":\"https:\/\/stthomaschc.org\/es\/careers\/\",\"name\":\"Oportunidades de Trabajo - St. Thomas Community Health Center\",\"isPartOf\":{\"@id\":\"https:\/\/stthomaschc.org\/#website\"},\"primaryImageOfPage\":{\"@id\":\"https:\/\/stthomaschc.org\/es\/careers\/#primaryimage\"},\"image\":{\"@id\":\"https:\/\/stthomaschc.org\/es\/careers\/#primaryimage\"},\"thumbnailUrl\":\"https:\/\/stthomaschc.org\/wp-content\/uploads\/2026\/01\/St-Thomas-Featured-Image.jpg\",\"datePublished\":\"2016-11-28T21:25:27+00:00\",\"dateModified\":\"2026-01-23T20:09:27+00:00\",\"breadcrumb\":{\"@id\":\"https:\/\/stthomaschc.org\/es\/careers\/#breadcrumb\"},\"inLanguage\":\"es\",\"potentialAction\":[{\"@type\":\"ReadAction\",\"target\":[\"https:\/\/stthomaschc.org\/es\/careers\/\"]}]},{\"@type\":\"ImageObject\",\"inLanguage\":\"es\",\"@id\":\"https:\/\/stthomaschc.org\/es\/careers\/#primaryimage\",\"url\":\"https:\/\/stthomaschc.org\/wp-content\/uploads\/2026\/01\/St-Thomas-Featured-Image.jpg\",\"contentUrl\":\"https:\/\/stthomaschc.org\/wp-content\/uploads\/2026\/01\/St-Thomas-Featured-Image.jpg\",\"width\":1600,\"height\":900,\"caption\":\"St Thomas Logo\"},{\"@type\":\"BreadcrumbList\",\"@id\":\"https:\/\/stthomaschc.org\/es\/careers\/#breadcrumb\",\"itemListElement\":[{\"@type\":\"ListItem\",\"position\":1,\"name\":\"Home\",\"item\":\"https:\/\/stthomaschc.org\/es\/\"},{\"@type\":\"ListItem\",\"position\":2,\"name\":\"Oportunidades de Trabajo\"}]},{\"@type\":\"WebSite\",\"@id\":\"https:\/\/stthomaschc.org\/#website\",\"url\":\"https:\/\/stthomaschc.org\/\",\"name\":\"St. Thomas Community Health Center\",\"description\":\"St. Thomas Community Health Center&#039;s Site\",\"potentialAction\":[{\"@type\":\"SearchAction\",\"target\":{\"@type\":\"EntryPoint\",\"urlTemplate\":\"https:\/\/stthomaschc.org\/?s={search_term_string}\"},\"query-input\":{\"@type\":\"PropertyValueSpecification\",\"valueRequired\":true,\"valueName\":\"search_term_string\"}}],\"inLanguage\":\"es\"}]}<\/script>\n<!-- \/ Yoast SEO plugin. -->","yoast_head_json":{"title":"Oportunidades de Trabajo - St. Thomas Community Health Center","robots":{"index":"index","follow":"follow","max-snippet":"max-snippet:-1","max-image-preview":"max-image-preview:large","max-video-preview":"max-video-preview:-1"},"canonical":"https:\/\/stthomaschc.org\/es\/careers\/","og_locale":"es_ES","og_type":"article","og_title":"Oportunidades de Trabajo - St. Thomas Community Health Center","og_description":"[vc_row type=\u00bbfull-width-content\u00bb content_placement=\u00bbmiddle\u00bb css=\u00bb.vc_custom_1488486539203{background-color: #ff984c !important;}\u00bb][vc_column width=\u00bb1\/2&#8243;][vc_single_image image=\u00bb2902&#8243; img_size=\u00bb745&#215;450&#8243; css=\u00bb.vc_custom_1480538442645{margin-top: 0px !important;margin-right: 0px !important;margin-bottom: 0px !important;margin-left: 0px !important;}\u00bb][\/vc_column][vc_column width=\u00bb1\/2&#8243; css=\u00bb.vc_custom_1479750092618{margin-left: 35px !important;}\u00bb][vc_column_text css=\u00bb\u00bb] Oportunidades de Trabajo [\/vc_column_text][\/vc_column][\/vc_row][vc_row][vc_column][vc_column_text] El Centro de Salud Comunitario St. Thomas se compromete a la igualdad de oportunidades de empleo como una pr\u00e1ctica empresarial s\u00f3lida. Las pr\u00e1cticas de empleo no se ver\u00e1nRead more","og_url":"https:\/\/stthomaschc.org\/es\/careers\/","og_site_name":"St. Thomas Community Health Center","article_publisher":"https:\/\/www.facebook.com\/stthomaschc","article_modified_time":"2026-01-23T20:09:27+00:00","og_image":[{"width":1600,"height":900,"url":"https:\/\/stthomaschc.org\/wp-content\/uploads\/2026\/01\/St-Thomas-Featured-Image.jpg","type":"image\/jpeg"}],"twitter_card":"summary_large_image","twitter_site":"@StThomasCHC","twitter_misc":{"Tiempo de lectura":"1 minuto"},"schema":{"@context":"https:\/\/schema.org","@graph":[{"@type":"WebPage","@id":"https:\/\/stthomaschc.org\/es\/careers\/","url":"https:\/\/stthomaschc.org\/es\/careers\/","name":"Oportunidades de Trabajo - St. Thomas Community Health Center","isPartOf":{"@id":"https:\/\/stthomaschc.org\/#website"},"primaryImageOfPage":{"@id":"https:\/\/stthomaschc.org\/es\/careers\/#primaryimage"},"image":{"@id":"https:\/\/stthomaschc.org\/es\/careers\/#primaryimage"},"thumbnailUrl":"https:\/\/stthomaschc.org\/wp-content\/uploads\/2026\/01\/St-Thomas-Featured-Image.jpg","datePublished":"2016-11-28T21:25:27+00:00","dateModified":"2026-01-23T20:09:27+00:00","breadcrumb":{"@id":"https:\/\/stthomaschc.org\/es\/careers\/#breadcrumb"},"inLanguage":"es","potentialAction":[{"@type":"ReadAction","target":["https:\/\/stthomaschc.org\/es\/careers\/"]}]},{"@type":"ImageObject","inLanguage":"es","@id":"https:\/\/stthomaschc.org\/es\/careers\/#primaryimage","url":"https:\/\/stthomaschc.org\/wp-content\/uploads\/2026\/01\/St-Thomas-Featured-Image.jpg","contentUrl":"https:\/\/stthomaschc.org\/wp-content\/uploads\/2026\/01\/St-Thomas-Featured-Image.jpg","width":1600,"height":900,"caption":"St Thomas Logo"},{"@type":"BreadcrumbList","@id":"https:\/\/stthomaschc.org\/es\/careers\/#breadcrumb","itemListElement":[{"@type":"ListItem","position":1,"name":"Home","item":"https:\/\/stthomaschc.org\/es\/"},{"@type":"ListItem","position":2,"name":"Oportunidades de Trabajo"}]},{"@type":"WebSite","@id":"https:\/\/stthomaschc.org\/#website","url":"https:\/\/stthomaschc.org\/","name":"St. Thomas Community Health Center","description":"St. Thomas Community Health Center&#039;s Site","potentialAction":[{"@type":"SearchAction","target":{"@type":"EntryPoint","urlTemplate":"https:\/\/stthomaschc.org\/?s={search_term_string}"},"query-input":{"@type":"PropertyValueSpecification","valueRequired":true,"valueName":"search_term_string"}}],"inLanguage":"es"}]}},"_links":{"self":[{"href":"https:\/\/stthomaschc.org\/es\/wp-json\/wp\/v2\/pages\/599","targetHints":{"allow":["GET"]}}],"collection":[{"href":"https:\/\/stthomaschc.org\/es\/wp-json\/wp\/v2\/pages"}],"about":[{"href":"https:\/\/stthomaschc.org\/es\/wp-json\/wp\/v2\/types\/page"}],"author":[{"embeddable":true,"href":"https:\/\/stthomaschc.org\/es\/wp-json\/wp\/v2\/users\/2"}],"replies":[{"embeddable":true,"href":"https:\/\/stthomaschc.org\/es\/wp-json\/wp\/v2\/comments?post=599"}],"version-history":[{"count":0,"href":"https:\/\/stthomaschc.org\/es\/wp-json\/wp\/v2\/pages\/599\/revisions"}],"wp:featuredmedia":[{"embeddable":true,"href":"https:\/\/stthomaschc.org\/es\/wp-json\/wp\/v2\/media\/2844"}],"wp:attachment":[{"href":"https:\/\/stthomaschc.org\/es\/wp-json\/wp\/v2\/media?parent=599"}],"curies":[{"name":"wp","href":"https:\/\/api.w.org\/{rel}","templated":true}]}}