{"id":592,"date":"2017-03-03T09:29:42","date_gmt":"2017-03-03T15:29:42","guid":{"rendered":"https:\/\/www.stthomaschc.org\/pago\/insurance-definitions\/"},"modified":"2017-07-03T08:50:31","modified_gmt":"2017-07-03T13:50:31","slug":"definiciones-seguro-medico","status":"publish","type":"page","link":"https:\/\/stthomaschc.org\/es\/pago\/definiciones-seguro-medico\/","title":{"rendered":"Definiciones de un Seguro M\u00e9dico"},"content":{"rendered":"<div class=\"wpb-content-wrapper\"><p>[vc_row type=\u00bbfull-width-content\u00bb content_placement=\u00bbmiddle\u00bb css=\u00bb.vc_custom_1488563081580{background-color: #72d0ea !important;}\u00bb][vc_column width=\u00bb1\/2&#8243;][vc_single_image image=\u00bb296&#8243; img_size=\u00bb745&#215;450&#8243; css=\u00bb.vc_custom_1488563152509{margin-top: 0px !important;margin-right: 0px !important;margin-bottom: 0px !important;margin-left: 0px !important;}\u00bb][\/vc_column][vc_column width=\u00bb1\/2&#8243; css=\u00bb.vc_custom_1479750092618{margin-left: 35px !important;}\u00bb][vc_column_text]<\/p>\n<p class=\"mobileheader\">Definiciones de un<br \/>\nSeguro M\u00e9dico<\/p>\n<p>[\/vc_column_text][\/vc_column][\/vc_row][vc_row type=\u00bbfull-width-section\u00bb][vc_column width=\u00bb1\/2&#8243;][vc_row_inner css=\u00bb.vc_custom_1488557776026{padding-top: 10px !important;padding-right: 15px !important;padding-bottom: 10px !important;padding-left: 15px !important;background-color: #f2bcbc !important;}\u00bb el_class=\u00bbshadow\u00bb][vc_column_inner][vc_custom_heading text=\u00bbPRIMA DEL SEGURO\u00bb font_container=\u00bbtag:h2|font_size:30|text_align:left|color:%23bc7878&#8243; google_fonts=\u00bbfont_family:Lato%3A100%2C100italic%2C300%2C300italic%2Cregular%2Citalic%2C700%2C700italic%2C900%2C900italic|font_style:700%20bold%20regular%3A700%3Anormal\u00bb css=\u00bb.vc_custom_1499089174088{margin-bottom: 15px !important;}\u00bb][vc_column_text]\u00c9sta es una cantidad fija que usted paga a su plan de seguro. Los pagos generalmente se realizan mes a mes. Usted paga este costo sin importar si recibe o no servicios m\u00e9dicos ese mes.<br \/>\n[\/vc_column_text][\/vc_column_inner][\/vc_row_inner][vc_row_inner css=\u00bb.vc_custom_1488557780942{padding-top: 10px !important;padding-right: 15px !important;padding-bottom: 10px !important;padding-left: 15px !important;background-color: #f2d298 !important;}\u00bb el_class=\u00bbshadow\u00bb][vc_column_inner][vc_custom_heading text=\u00bbDEDUCIBLE\u00bb font_container=\u00bbtag:h2|font_size:30|text_align:left|color:%23af9344&#8243; google_fonts=\u00bbfont_family:Lato%3A100%2C100italic%2C300%2C300italic%2Cregular%2Citalic%2C700%2C700italic%2C900%2C900italic|font_style:700%20bold%20regular%3A700%3Anormal\u00bb css=\u00bb.vc_custom_1499089183270{margin-bottom: 15px !important;}\u00bb][vc_column_text]\u00c9sta es la cantidad de dinero que usted paga por los servicios m\u00e9dicos antes de que la compa\u00f1\u00eda de seguros inicie el pago de sus servicios. Usted paga una cantidad de dinero fija, predeterminada, cada vez que recibe servicios m\u00e9dicos. Una vez usted paga esa cantidad, o \u201ccompleta su deducible\u201d, su compa\u00f1\u00eda de seguros comienza a cubrir algunos costos de sus servicios m\u00e9dicos. Usted puede elegir tener un plan con un deducible alto o un deducible bajo.[\/vc_column_text][\/vc_column_inner][\/vc_row_inner][vc_row_inner css=\u00bb.vc_custom_1488557679343{padding-top: 10px !important;padding-right: 15px !important;padding-bottom: 10px !important;padding-left: 15px !important;background-color: #cbe59c !important;}\u00bb el_class=\u00bbshadow\u00bb][vc_column_inner][vc_custom_heading text=\u00bbCOPAGO\u00bb font_container=\u00bbtag:h2|font_size:30|text_align:left|color:%23849963&#8243; google_fonts=\u00bbfont_family:Lato%3A100%2C100italic%2C300%2C300italic%2Cregular%2Citalic%2C700%2C700italic%2C900%2C900italic|font_style:700%20bold%20regular%3A700%3Anormal\u00bb css=\u00bb.vc_custom_1499089206781{margin-bottom: 15px !important;}\u00bb][vc_column_text]\u00c9sta es la cantidad fija que usted paga por servicios m\u00e9dicos por visita despu\u00e9s de completar su deducible.\u00a0 El plan de salud pagar\u00e1 el resto del costo de la visita.\u00a0 Por ejemplo, es posible que usted pague $30 por una visita al m\u00e9dico en el momento de la visita que normalmente le costar\u00eda $150. La compa\u00f1\u00eda de seguros ser\u00e1 responsable de pagar los $120 restantes.[\/vc_column_text][\/vc_column_inner][\/vc_row_inner][vc_row_inner css=\u00bb.vc_custom_1488557812084{padding-top: 10px !important;padding-right: 15px !important;padding-bottom: 10px !important;padding-left: 15px !important;background-color: #e1c1f2 !important;}\u00bb el_class=\u00bbshadow\u00bb][vc_column_inner][vc_custom_heading text=\u00bbCOBERTURA ESENCIAL M\u00cdNIMA\u00bb font_container=\u00bbtag:h2|font_size:30|text_align:left|color:%23957e9e\u00bb google_fonts=\u00bbfont_family:Lato%3A100%2C100italic%2C300%2C300italic%2Cregular%2Citalic%2C700%2C700italic%2C900%2C900italic|font_style:700%20bold%20regular%3A700%3Anormal\u00bb css=\u00bb.vc_custom_1499089227054{margin-bottom: 15px !important;}\u00bb][vc_column_text]El tipo de cobertura necesario para cumplir con el requisito de conformidad con la Ley de Cuidado de la Salud Asequible. Esto incluye cobertura del Mercado, cobertura subsidiada por su trabajo, Medicare, Medicaid, TRICARE, el Plan de Seguro M\u00e9dico para Ni\u00f1os (CHIP, por sus siglas en ingl\u00e9s), y algunos otros planes de seguro.[\/vc_column_text][\/vc_column_inner][\/vc_row_inner][\/vc_column][vc_column width=\u00bb1\/2&#8243;][vc_row_inner css=\u00bb.vc_custom_1488559785992{padding-top: 10px !important;padding-right: 15px !important;padding-bottom: 10px !important;padding-left: 15px !important;background-color: #d5ceed !important;}\u00bb el_class=\u00bbshadow\u00bb][vc_column_inner][vc_custom_heading text=\u00bbBENEFICIOS ESENCIALES\u00bb font_container=\u00bbtag:h2|font_size:30|text_align:left|color:%238f899e\u00bb google_fonts=\u00bbfont_family:Lato%3A100%2C100italic%2C300%2C300italic%2Cregular%2Citalic%2C700%2C700italic%2C900%2C900italic|font_style:700%20bold%20regular%3A700%3Anormal\u00bb css=\u00bb.vc_custom_1499089249262{margin-bottom: 15px !important;}\u00bb][vc_column_text css=\u00bb.vc_custom_1499089586984{margin-bottom: 0px !important;}\u00bb]\u00c9stos son los requisitos m\u00ednimos que todos los planes en el Mercado deben brindar. Algunos planes incluyen beneficios adicionales.<\/p>\n<p>Los beneficios esenciales incluyen:<\/p>\n<ul>\n<li style=\"list-style-type: none;\">\n<ul>\n<li>Servicios ambulatorios para pacientes\n<ul>\n<li>Esto es atenci\u00f3n ambulatoria, que significa servicio que se recibe en el hospital sin ser admitido<\/li>\n<\/ul>\n<\/li>\n<li>Servicios de emergencia<\/li>\n<li>Hospitalizaci\u00f3n<\/li>\n<li>Maternidad y cuidado neonatal<\/li>\n<li>Salud mental y trastornos por uso de sustancias, incluyendo tratamiento para trastornos de conducta (orientaci\u00f3n y psicoterapia)<\/li>\n<li>Servicios y dispositivos de rehabilitaci\u00f3n y habilitaci\u00f3n\n<ul>\n<li>\u00c9stos son servicios y dispositivos para ayudar a las personas que est\u00e1n lesionadas, discapacitadas, o sufren de problemas cr\u00f3nicos, a recuperar habilidades mentales y f\u00edsicas<\/li>\n<\/ul>\n<\/li>\n<li>Servicios de laboratorio<\/li>\n<li>Servicios preventivos y de bienestar y tratamiento de enfermedades cr\u00f3nicas<\/li>\n<li>Servicios pedi\u00e1tricos<\/li>\n<\/ul>\n<\/li>\n<\/ul>\n<p>[\/vc_column_text][\/vc_column_inner][\/vc_row_inner][vc_row_inner css=\u00bb.vc_custom_1488557819024{padding-top: 10px !important;padding-right: 15px !important;padding-bottom: 10px !important;padding-left: 15px !important;background-color: #e5b5d0 !important;}\u00bb el_class=\u00bbshadow\u00bb][vc_column_inner][vc_custom_heading text=\u00bbDESEMBOLSO PERSONAL M\u00c1XIMO\u00bb font_container=\u00bbtag:h2|font_size:30|text_align:left|color:%239b7989&#8243; google_fonts=\u00bbfont_family:Lato%3A100%2C100italic%2C300%2C300italic%2Cregular%2Citalic%2C700%2C700italic%2C900%2C900italic|font_style:700%20bold%20regular%3A700%3Anormal\u00bb css=\u00bb.vc_custom_1499089604227{margin-bottom: 15px !important;}\u00bb][vc_column_text]<\/p>\n<ul>\n<li>\u00c9sta es la cantidad m\u00e1s alta que usted pagar\u00e1 con sus propios fondos (deducibles, copagos o coaseguro) por el a\u00f1o, si se enferma. Esta cantidad no incluye el costo de primas, facturaci\u00f3n del saldo (la cantidad que usted tiene que pagar despu\u00e9s de exceder el reembolso del Plan de Salud para un servicio cubierto), o servicios m\u00e9dicos que su plan de seguro no cubre.<\/li>\n<li>Algunos planes de seguro no cuentan los costos que cubre el propio asegurado para el l\u00edmite m\u00e1ximo que cubre el asegurado con sus propios fondos.<\/li>\n<li>En Medicaid y el Plan de Seguro M\u00e9dico para Ni\u00f1os (CHIP) el l\u00edmite s\u00ed incluye la prima.<\/li>\n<\/ul>\n<p>[\/vc_column_text][\/vc_column_inner][\/vc_row_inner]<style type=\"text\/css\" >#b_dux1ja137rp4gyug7tg2 a{color:#ffffff; background:#35b3a5; border-style:solid; border-color:#ffffff; margin-top:0px; margin-bottom:0px;  margin-left:0px; margin-right:0px; font-weight:900; border-radius:0px;}#b_dux1ja137rp4gyug7tg2 a:hover{color:#ffffff ; background:#289689 ; border-color:#289689;}<\/style><div class=\"ta_center tf_btn_pos\" id=\"b_dux1ja137rp4gyug7tg2\" ><a class=\"rd_stroke_bt mediumlarge_rd_bt border_1px  bt_icon_left   \" href=\"\/payment\" target=\"\"   ><i class=\"ion-ios7-arrow-left\" ><\/i><span>OPCIONES DE PAGO<\/span><\/a><\/div><style type=\"text\/css\" >#b_dux1ja137rp4gyug7tg2 i {color:#ffffff;}#b_dux1ja137rp4gyug7tg2 a:hover i{color:#ffffff;}<\/style><style type='text\/css'> @font-face{font-family: 'ion'; src:url('https:\/\/stthomaschc.org\/wp-content\/themes\/thefox\/includes\/4k-icons\/icons\/4k-icons-pack03\/icons\/fonts\/ion.eot'); src:url('https:\/\/stthomaschc.org\/wp-content\/themes\/thefox\/includes\/4k-icons\/icons\/4k-icons-pack03\/icons\/fonts\/ion.eot?#iefix') format('embedded-opentype'), url('https:\/\/stthomaschc.org\/wp-content\/themes\/thefox\/includes\/4k-icons\/icons\/4k-icons-pack03\/icons\/fonts\/ion.woff') format('woff'), url('https:\/\/stthomaschc.org\/wp-content\/themes\/thefox\/includes\/4k-icons\/icons\/4k-icons-pack03\/icons\/fonts\/ion.ttf') format('truetype'), url('https:\/\/stthomaschc.org\/wp-content\/themes\/thefox\/includes\/4k-icons\/icons\/4k-icons-pack03\/icons\/fonts\/ion.svg#oi') format('svg'); font-weight: normal; font-style: normal;}#b_dux1ja137rp4gyug7tg2 .ion-ios7-arrow-left:before{font-family: 'ion'; font-weight: normal; font-style: normal;}#b_dux1ja137rp4gyug7tg2 .ion-ios7-arrow-left:before{content: \"\\e8b7\";}<\/style>\n[\/vc_column][\/vc_row]<\/p>\n<\/div>","protected":false},"excerpt":{"rendered":"<p>[vc_row type=\u00bbfull-width-content\u00bb content_placement=\u00bbmiddle\u00bb css=\u00bb.vc_custom_1488563081580{background-color: #72d0ea !important;}\u00bb][vc_column width=\u00bb1\/2&#8243;][vc_single_image image=\u00bb296&#8243; img_size=\u00bb745&#215;450&#8243; css=\u00bb.vc_custom_1488563152509{margin-top: 0px !important;margin-right: 0px !important;margin-bottom: 0px !important;margin-left: 0px !important;}\u00bb][\/vc_column][vc_column width=\u00bb1\/2&#8243; css=\u00bb.vc_custom_1479750092618{margin-left: 35px !important;}\u00bb][vc_column_text] Definiciones de un Seguro M\u00e9dico [\/vc_column_text][\/vc_column][\/vc_row][vc_row type=\u00bbfull-width-section\u00bb][vc_column width=\u00bb1\/2&#8243;][vc_row_inner css=\u00bb.vc_custom_1488557776026{padding-top: 10px !important;padding-right: 15px !important;padding-bottom: 10px !important;padding-left: 15px !important;background-color: #f2bcbc !important;}\u00bb el_class=\u00bbshadow\u00bb][vc_column_inner][vc_custom_heading text=\u00bbPRIMA DEL SEGURO\u00bb font_container=\u00bbtag:h2|font_size:30|text_align:left|color:%23bc7878&#8243; google_fonts=\u00bbfont_family:Lato%3A100%2C100italic%2C300%2C300italic%2Cregular%2Citalic%2C700%2C700italic%2C900%2C900italic|font_style:700%20bold%20regular%3A700%3Anormal\u00bb css=\u00bb.vc_custom_1499089174088{margin-bottom: 15px !important;}\u00bb][vc_column_text]\u00c9sta es una cantidad fija que<br \/><a href=\"https:\/\/stthomaschc.org\/es\/pago\/definiciones-seguro-medico\/\" class=\"more\">Read more<\/a><\/p>\n","protected":false},"author":2,"featured_media":0,"parent":584,"menu_order":0,"comment_status":"closed","ping_status":"closed","template":"","meta":{"_acf_changed":false,"footnotes":""},"class_list":["post-592","page","type-page","status-publish","hentry"],"acf":[],"yoast_head":"<!-- This site is optimized with the Yoast SEO plugin v26.8 - https:\/\/yoast.com\/product\/yoast-seo-wordpress\/ -->\n<title>Definiciones de un Seguro M\u00e9dico - St. Thomas Community Health Center<\/title>\n<meta name=\"robots\" content=\"index, follow, max-snippet:-1, max-image-preview:large, max-video-preview:-1\" \/>\n<link rel=\"canonical\" href=\"https:\/\/stthomaschc.org\/es\/pago\/definiciones-seguro-medico\/\" \/>\n<meta property=\"og:locale\" content=\"es_ES\" \/>\n<meta property=\"og:type\" content=\"article\" \/>\n<meta property=\"og:title\" content=\"Definiciones de un Seguro M\u00e9dico - St. Thomas Community Health Center\" \/>\n<meta property=\"og:description\" content=\"[vc_row type=\u00bbfull-width-content\u00bb content_placement=\u00bbmiddle\u00bb css=\u00bb.vc_custom_1488563081580{background-color: #72d0ea !important;}\u00bb][vc_column width=\u00bb1\/2&#8243;][vc_single_image image=\u00bb296&#8243; img_size=\u00bb745&#215;450&#8243; css=\u00bb.vc_custom_1488563152509{margin-top: 0px !important;margin-right: 0px !important;margin-bottom: 0px !important;margin-left: 0px !important;}\u00bb][\/vc_column][vc_column width=\u00bb1\/2&#8243; css=\u00bb.vc_custom_1479750092618{margin-left: 35px !important;}\u00bb][vc_column_text] Definiciones de un Seguro M\u00e9dico [\/vc_column_text][\/vc_column][\/vc_row][vc_row type=\u00bbfull-width-section\u00bb][vc_column width=\u00bb1\/2&#8243;][vc_row_inner css=\u00bb.vc_custom_1488557776026{padding-top: 10px !important;padding-right: 15px !important;padding-bottom: 10px !important;padding-left: 15px !important;background-color: #f2bcbc !important;}\u00bb el_class=\u00bbshadow\u00bb][vc_column_inner][vc_custom_heading text=\u00bbPRIMA DEL SEGURO\u00bb font_container=\u00bbtag:h2|font_size:30|text_align:left|color:%23bc7878&#8243; google_fonts=\u00bbfont_family:Lato%3A100%2C100italic%2C300%2C300italic%2Cregular%2Citalic%2C700%2C700italic%2C900%2C900italic|font_style:700%20bold%20regular%3A700%3Anormal\u00bb css=\u00bb.vc_custom_1499089174088{margin-bottom: 15px !important;}\u00bb][vc_column_text]\u00c9sta es una cantidad fija queRead more\" \/>\n<meta property=\"og:url\" content=\"https:\/\/stthomaschc.org\/es\/pago\/definiciones-seguro-medico\/\" \/>\n<meta property=\"og:site_name\" content=\"St. Thomas Community Health Center\" \/>\n<meta property=\"article:publisher\" content=\"https:\/\/www.facebook.com\/stthomaschc\" \/>\n<meta property=\"article:modified_time\" content=\"2017-07-03T13:50:31+00:00\" \/>\n<meta name=\"twitter:card\" content=\"summary_large_image\" \/>\n<meta name=\"twitter:site\" content=\"@StThomasCHC\" \/>\n<meta name=\"twitter:label1\" content=\"Tiempo de lectura\" \/>\n\t<meta name=\"twitter:data1\" content=\"6 minutos\" \/>\n<script type=\"application\/ld+json\" class=\"yoast-schema-graph\">{\"@context\":\"https:\/\/schema.org\",\"@graph\":[{\"@type\":\"WebPage\",\"@id\":\"https:\/\/stthomaschc.org\/es\/pago\/definiciones-seguro-medico\/\",\"url\":\"https:\/\/stthomaschc.org\/es\/pago\/definiciones-seguro-medico\/\",\"name\":\"Definiciones de un Seguro M\u00e9dico - St. Thomas Community Health Center\",\"isPartOf\":{\"@id\":\"https:\/\/stthomaschc.org\/#website\"},\"datePublished\":\"2017-03-03T15:29:42+00:00\",\"dateModified\":\"2017-07-03T13:50:31+00:00\",\"breadcrumb\":{\"@id\":\"https:\/\/stthomaschc.org\/es\/pago\/definiciones-seguro-medico\/#breadcrumb\"},\"inLanguage\":\"es\",\"potentialAction\":[{\"@type\":\"ReadAction\",\"target\":[\"https:\/\/stthomaschc.org\/es\/pago\/definiciones-seguro-medico\/\"]}]},{\"@type\":\"BreadcrumbList\",\"@id\":\"https:\/\/stthomaschc.org\/es\/pago\/definiciones-seguro-medico\/#breadcrumb\",\"itemListElement\":[{\"@type\":\"ListItem\",\"position\":1,\"name\":\"Home\",\"item\":\"https:\/\/stthomaschc.org\/es\/\"},{\"@type\":\"ListItem\",\"position\":2,\"name\":\"Opciones de Pago\",\"item\":\"https:\/\/stthomaschc.org\/es\/pago\/\"},{\"@type\":\"ListItem\",\"position\":3,\"name\":\"Definiciones de un Seguro M\u00e9dico\"}]},{\"@type\":\"WebSite\",\"@id\":\"https:\/\/stthomaschc.org\/#website\",\"url\":\"https:\/\/stthomaschc.org\/\",\"name\":\"St. Thomas Community Health Center\",\"description\":\"St. Thomas Community Health Center&#039;s Site\",\"potentialAction\":[{\"@type\":\"SearchAction\",\"target\":{\"@type\":\"EntryPoint\",\"urlTemplate\":\"https:\/\/stthomaschc.org\/?s={search_term_string}\"},\"query-input\":{\"@type\":\"PropertyValueSpecification\",\"valueRequired\":true,\"valueName\":\"search_term_string\"}}],\"inLanguage\":\"es\"}]}<\/script>\n<!-- \/ Yoast SEO plugin. -->","yoast_head_json":{"title":"Definiciones de un Seguro M\u00e9dico - St. Thomas Community Health Center","robots":{"index":"index","follow":"follow","max-snippet":"max-snippet:-1","max-image-preview":"max-image-preview:large","max-video-preview":"max-video-preview:-1"},"canonical":"https:\/\/stthomaschc.org\/es\/pago\/definiciones-seguro-medico\/","og_locale":"es_ES","og_type":"article","og_title":"Definiciones de un Seguro M\u00e9dico - St. Thomas Community Health Center","og_description":"[vc_row type=\u00bbfull-width-content\u00bb content_placement=\u00bbmiddle\u00bb css=\u00bb.vc_custom_1488563081580{background-color: #72d0ea !important;}\u00bb][vc_column width=\u00bb1\/2&#8243;][vc_single_image image=\u00bb296&#8243; img_size=\u00bb745&#215;450&#8243; css=\u00bb.vc_custom_1488563152509{margin-top: 0px !important;margin-right: 0px !important;margin-bottom: 0px !important;margin-left: 0px !important;}\u00bb][\/vc_column][vc_column width=\u00bb1\/2&#8243; css=\u00bb.vc_custom_1479750092618{margin-left: 35px !important;}\u00bb][vc_column_text] Definiciones de un Seguro M\u00e9dico [\/vc_column_text][\/vc_column][\/vc_row][vc_row type=\u00bbfull-width-section\u00bb][vc_column width=\u00bb1\/2&#8243;][vc_row_inner css=\u00bb.vc_custom_1488557776026{padding-top: 10px !important;padding-right: 15px !important;padding-bottom: 10px !important;padding-left: 15px !important;background-color: #f2bcbc !important;}\u00bb el_class=\u00bbshadow\u00bb][vc_column_inner][vc_custom_heading text=\u00bbPRIMA DEL SEGURO\u00bb font_container=\u00bbtag:h2|font_size:30|text_align:left|color:%23bc7878&#8243; google_fonts=\u00bbfont_family:Lato%3A100%2C100italic%2C300%2C300italic%2Cregular%2Citalic%2C700%2C700italic%2C900%2C900italic|font_style:700%20bold%20regular%3A700%3Anormal\u00bb css=\u00bb.vc_custom_1499089174088{margin-bottom: 15px !important;}\u00bb][vc_column_text]\u00c9sta es una cantidad fija queRead more","og_url":"https:\/\/stthomaschc.org\/es\/pago\/definiciones-seguro-medico\/","og_site_name":"St. Thomas Community Health Center","article_publisher":"https:\/\/www.facebook.com\/stthomaschc","article_modified_time":"2017-07-03T13:50:31+00:00","twitter_card":"summary_large_image","twitter_site":"@StThomasCHC","twitter_misc":{"Tiempo de lectura":"6 minutos"},"schema":{"@context":"https:\/\/schema.org","@graph":[{"@type":"WebPage","@id":"https:\/\/stthomaschc.org\/es\/pago\/definiciones-seguro-medico\/","url":"https:\/\/stthomaschc.org\/es\/pago\/definiciones-seguro-medico\/","name":"Definiciones de un Seguro M\u00e9dico - St. Thomas Community Health Center","isPartOf":{"@id":"https:\/\/stthomaschc.org\/#website"},"datePublished":"2017-03-03T15:29:42+00:00","dateModified":"2017-07-03T13:50:31+00:00","breadcrumb":{"@id":"https:\/\/stthomaschc.org\/es\/pago\/definiciones-seguro-medico\/#breadcrumb"},"inLanguage":"es","potentialAction":[{"@type":"ReadAction","target":["https:\/\/stthomaschc.org\/es\/pago\/definiciones-seguro-medico\/"]}]},{"@type":"BreadcrumbList","@id":"https:\/\/stthomaschc.org\/es\/pago\/definiciones-seguro-medico\/#breadcrumb","itemListElement":[{"@type":"ListItem","position":1,"name":"Home","item":"https:\/\/stthomaschc.org\/es\/"},{"@type":"ListItem","position":2,"name":"Opciones de Pago","item":"https:\/\/stthomaschc.org\/es\/pago\/"},{"@type":"ListItem","position":3,"name":"Definiciones de un Seguro M\u00e9dico"}]},{"@type":"WebSite","@id":"https:\/\/stthomaschc.org\/#website","url":"https:\/\/stthomaschc.org\/","name":"St. Thomas Community Health Center","description":"St. Thomas Community Health Center&#039;s Site","potentialAction":[{"@type":"SearchAction","target":{"@type":"EntryPoint","urlTemplate":"https:\/\/stthomaschc.org\/?s={search_term_string}"},"query-input":{"@type":"PropertyValueSpecification","valueRequired":true,"valueName":"search_term_string"}}],"inLanguage":"es"}]}},"_links":{"self":[{"href":"https:\/\/stthomaschc.org\/es\/wp-json\/wp\/v2\/pages\/592","targetHints":{"allow":["GET"]}}],"collection":[{"href":"https:\/\/stthomaschc.org\/es\/wp-json\/wp\/v2\/pages"}],"about":[{"href":"https:\/\/stthomaschc.org\/es\/wp-json\/wp\/v2\/types\/page"}],"author":[{"embeddable":true,"href":"https:\/\/stthomaschc.org\/es\/wp-json\/wp\/v2\/users\/2"}],"replies":[{"embeddable":true,"href":"https:\/\/stthomaschc.org\/es\/wp-json\/wp\/v2\/comments?post=592"}],"version-history":[{"count":0,"href":"https:\/\/stthomaschc.org\/es\/wp-json\/wp\/v2\/pages\/592\/revisions"}],"up":[{"embeddable":true,"href":"https:\/\/stthomaschc.org\/es\/wp-json\/wp\/v2\/pages\/584"}],"wp:attachment":[{"href":"https:\/\/stthomaschc.org\/es\/wp-json\/wp\/v2\/media?parent=592"}],"curies":[{"name":"wp","href":"https:\/\/api.w.org\/{rel}","templated":true}]}}