{"id":590,"date":"2016-11-29T15:36:37","date_gmt":"2016-11-29T21:36:37","guid":{"rendered":"https:\/\/www.stthomaschc.org\/pago\/louisiana-medicaid-expansion\/"},"modified":"2017-07-13T10:12:50","modified_gmt":"2017-07-13T15:12:50","slug":"luisiana-ampliacion-medicaid","status":"publish","type":"page","link":"https:\/\/stthomaschc.org\/es\/pago\/luisiana-ampliacion-medicaid\/","title":{"rendered":"Ampliaci\u00f3n de Medicaid"},"content":{"rendered":"<div class=\"wpb-content-wrapper\"><p>[vc_row type=\u00bbfull-width-content\u00bb content_placement=\u00bbmiddle\u00bb css=\u00bb.vc_custom_1489607551235{margin-bottom: 20px !important;background-color: #55c67f !important;}\u00bb][vc_column width=\u00bb1\/2&#8243;][vc_single_image image=\u00bb117&#8243; img_size=\u00bb745&#215;450&#8243; css=\u00bb.vc_custom_1480456022404{margin-top: 0px !important;margin-right: 0px !important;margin-bottom: 0px !important;margin-left: 0px !important;}\u00bb][\/vc_column][vc_column width=\u00bb1\/2&#8243; css=\u00bb.vc_custom_1479750092618{margin-left: 35px !important;}\u00bb][vc_column_text]<\/p>\n<p class=\"mobileheader\">Expansi\u00f3n<br \/>\nde Medicaid<\/p>\n<p>[\/vc_column_text][\/vc_column][\/vc_row][vc_row type=\u00bbfull-width-section\u00bb equal_height=\u00bbyes\u00bb content_placement=\u00bbmiddle\u00bb][vc_column width=\u00bb1\/2&#8243; css=\u00bb.vc_custom_1488569886185{padding-top: 15px !important;padding-right: 15px !important;padding-bottom: 15px !important;padding-left: 15px !important;}\u00bb][vc_row_inner equal_height=\u00bbyes\u00bb content_placement=\u00bbmiddle\u00bb css=\u00bb.vc_custom_1489607495636{margin-bottom: 20px !important;}\u00bb][vc_column_inner el_class=\u00bbshadow\u00bb css=\u00bb.vc_custom_1489607522580{padding-top: 15px !important;padding-right: 15px !important;padding-bottom: 15px !important;padding-left: 15px !important;background-color: #b2efc9 !important;}\u00bb][vc_custom_heading text=\u00bb\u00bfES USTED ELEGIBLE?\u00bb font_container=\u00bbtag:h2|font_size:30|text_align:left|color:%2363ab7e\u00bb google_fonts=\u00bbfont_family:Lato%3A100%2C100italic%2C300%2C300italic%2Cregular%2Citalic%2C700%2C700italic%2C900%2C900italic|font_style:700%20bold%20regular%3A700%3Anormal\u00bb css=\u00bb.vc_custom_1499958592082{margin-top: 5px !important;margin-bottom: 20px !important;}\u00bb][vc_column_text]<span style=\"font-weight: 400;\">La respuesta es <strong>s\u00ed<\/strong>, si usted cumple con los siguientes criterios:<\/span><\/p>\n<ul>\n<li style=\"font-weight: 400;\">E<span style=\"font-weight: 400;\">dad 19-64<\/span><\/li>\n<li style=\"font-weight: 400;\"><span style=\"font-weight: 400;\">Ingresos familiares menores al 138% del nivel federal de pobreza \u2013 Consulte la tabla<\/span><\/li>\n<li style=\"font-weight: 400;\"><span style=\"font-weight: 400;\">Ya no califico para Medicaid o Medicare<\/span><\/li>\n<li style=\"font-weight: 400;\"><span style=\"font-weight: 400;\">Ciudadano de los Estados Unidos o residente legal<\/span><\/li>\n<\/ul>\n<p>[\/vc_column_text][\/vc_column_inner][\/vc_row_inner][vc_row_inner equal_height=\u00bbyes\u00bb content_placement=\u00bbmiddle\u00bb css=\u00bb.vc_custom_1488570062634{margin-top: 10px !important;}\u00bb][vc_column_inner el_class=\u00bbshadow\u00bb css=\u00bb.vc_custom_1480458210440{padding-top: 15px !important;padding-right: 15px !important;padding-bottom: 15px !important;padding-left: 15px !important;background-color: #ffe0be !important;}\u00bb][vc_custom_heading text=\u00bb\u00bfC\u00d3MO PUEDO SOLICITAR INSCRIPCI\u00d3N?<br \/>\n\u00bb font_container=\u00bbtag:h2|font_size:30|text_align:left|color:%23d1a371&#8243; google_fonts=\u00bbfont_family:Lato%3A100%2C100italic%2C300%2C300italic%2Cregular%2Citalic%2C700%2C700italic%2C900%2C900italic|font_style:700%20bold%20regular%3A700%3Anormal\u00bb css=\u00bb.vc_custom_1499958653813{margin-top: 5px !important;margin-bottom: 20px !important;}\u00bb][vc_column_text]<\/p>\n<ul>\n<li style=\"font-weight: 400;\"><span style=\"font-weight: 400;\">Solicite inscripci\u00f3n en persona en cualquiera de nuestros 6 Centros de Salud Comunitarios St. Thomas. \u00a0Contamos con personal disponible en cada ubicaci\u00f3n para ayudarle con la inscripci\u00f3n y verificaci\u00f3n.<\/span><\/li>\n<li style=\"font-weight: 400;\"><span style=\"font-weight: 400;\">Visite un centro de solicitud de inscripci\u00f3n Medicaid.<\/span><\/li>\n<li style=\"font-weight: 400;\"><span style=\"font-weight: 400;\">Puede presentar su solicitud en el <\/span><i><span style=\"font-weight: 400;\">Louisiana Medicaid Online Application Center<\/span><\/i><span style=\"font-weight: 400;\"> (Centro de Solicitud de Inscripciones En L\u00ednea Medicaid de Luisiana). \u00a0Tambi\u00e9n puede solicitar inscripci\u00f3n por tel\u00e9fono llamando al 1-888-342-6207<\/span><\/li>\n<li style=\"font-weight: 400;\"><span style=\"font-weight: 400;\">Llene una solicitud f\u00edsica<\/span><\/li>\n<\/ul>\n<p>[\/vc_column_text][\/vc_column_inner][\/vc_row_inner][\/vc_column][vc_column width=\u00bb1\/2&#8243; css=\u00bb.vc_custom_1480458090286{background-color: # !important;}\u00bb][vc_row_inner css=\u00bb.vc_custom_1490990181199{padding-top: 10px !important;padding-right: 10px !important;padding-bottom: 10px !important;padding-left: 10px !important;background-color: #ffffff !important;}\u00bb][vc_column_inner css=\u00bb.vc_custom_1480458097678{background-color: #ffffff !important;}\u00bb][vc_column_text]<\/p>\n<h4>138% del Nivel Federal de Pobreza para el a\u00f1o 2017<\/h4>\n<p>[\/vc_column_text][vc_single_image image=\u00bb394&#8243; img_size=\u00bbfull\u00bb alignment=\u00bbcenter\u00bb][\/vc_column_inner][\/vc_row_inner][\/vc_column][\/vc_row][vc_row content_placement=\u00bbmiddle\u00bb][vc_column width=\u00bb1\/3&#8243;]<style type=\"text\/css\" >#b_lc8q9yk17embrzfe4a7w a{color:#ffffff; background:#35b3a5; margin-top:0px; margin-bottom:0px;  margin-left:0px; margin-right:0px; font-weight:900; border-radius:0px;}#b_lc8q9yk17embrzfe4a7w a:hover{color: ; background:#289689 ;}<\/style><div class=\"ta_center tf_btn_pos\" id=\"b_lc8q9yk17embrzfe4a7w\" ><a class=\"rd_normal_bt mediumlarge_rd_bt bt_icon_left   \" href=\"https:\/\/www.stthomaschc.org\/es\/pago\/\" target=\"\"   ><i class=\"ion-ios7-arrow-left\" ><\/i><span>OPCIONES DE PAGO<\/span><\/a><\/div><style type=\"text\/css\" >#b_lc8q9yk17embrzfe4a7w i {color:#ffffff;}#b_lc8q9yk17embrzfe4a7w a:hover i{color:;}<\/style><style type='text\/css'> @font-face{font-family: 'ion'; src:url('https:\/\/stthomaschc.org\/wp-content\/themes\/thefox\/includes\/4k-icons\/icons\/4k-icons-pack03\/icons\/fonts\/ion.eot'); src:url('https:\/\/stthomaschc.org\/wp-content\/themes\/thefox\/includes\/4k-icons\/icons\/4k-icons-pack03\/icons\/fonts\/ion.eot?#iefix') format('embedded-opentype'), url('https:\/\/stthomaschc.org\/wp-content\/themes\/thefox\/includes\/4k-icons\/icons\/4k-icons-pack03\/icons\/fonts\/ion.woff') format('woff'), url('https:\/\/stthomaschc.org\/wp-content\/themes\/thefox\/includes\/4k-icons\/icons\/4k-icons-pack03\/icons\/fonts\/ion.ttf') format('truetype'), url('https:\/\/stthomaschc.org\/wp-content\/themes\/thefox\/includes\/4k-icons\/icons\/4k-icons-pack03\/icons\/fonts\/ion.svg#oi') format('svg'); font-weight: normal; font-style: normal;}#b_lc8q9yk17embrzfe4a7w .ion-ios7-arrow-left:before{font-family: 'ion'; font-weight: normal; font-style: normal;}#b_lc8q9yk17embrzfe4a7w .ion-ios7-arrow-left:before{content: \"\\e8b7\";}<\/style>\n[\/vc_column][vc_column width=\u00bb1\/3&#8243;][vc_empty_space height=\u00bb15px\u00bb][vc_column_text]<\/p>\n<h2 style=\"color: black; text-align: center;\">\u00bfNecesita ayuda para entender su seguro?<\/h2>\n<p>[\/vc_column_text][vc_empty_space height=\u00bb15px\u00bb][\/vc_column][vc_column width=\u00bb1\/3&#8243;]<style type=\"text\/css\" >#b_w05t2sje3o3yo7lu3zns a{color:#ffffff; background:#35b3a5; margin-top:0px; margin-bottom:0px;  margin-left:0px; margin-right:0px; font-weight:900; border-radius:0px;}#b_w05t2sje3o3yo7lu3zns a:hover{color: ; background:#289689 ;}<\/style><div class=\"ta_center tf_btn_pos\" id=\"b_w05t2sje3o3yo7lu3zns\" ><a class=\"rd_normal_bt mediumlarge_rd_bt bt_icon_right   \" href=\"https:\/\/www.stthomaschc.org\/es\/pago\/definiciones-seguro-medico\/\" target=\"\"   ><span>DEFINICIONES<\/span><i class=\"ion-ios7-arrow-right\" ><\/i><\/a><\/div><style type=\"text\/css\" >#b_w05t2sje3o3yo7lu3zns i {color:#ffffff;}#b_w05t2sje3o3yo7lu3zns a:hover i{color:;}<\/style><style type='text\/css'> @font-face{font-family: 'ion'; src:url('https:\/\/stthomaschc.org\/wp-content\/themes\/thefox\/includes\/4k-icons\/icons\/4k-icons-pack03\/icons\/fonts\/ion.eot'); src:url('https:\/\/stthomaschc.org\/wp-content\/themes\/thefox\/includes\/4k-icons\/icons\/4k-icons-pack03\/icons\/fonts\/ion.eot?#iefix') format('embedded-opentype'), url('https:\/\/stthomaschc.org\/wp-content\/themes\/thefox\/includes\/4k-icons\/icons\/4k-icons-pack03\/icons\/fonts\/ion.woff') format('woff'), url('https:\/\/stthomaschc.org\/wp-content\/themes\/thefox\/includes\/4k-icons\/icons\/4k-icons-pack03\/icons\/fonts\/ion.ttf') format('truetype'), url('https:\/\/stthomaschc.org\/wp-content\/themes\/thefox\/includes\/4k-icons\/icons\/4k-icons-pack03\/icons\/fonts\/ion.svg#oi') format('svg'); font-weight: normal; font-style: normal;}#b_w05t2sje3o3yo7lu3zns .ion-ios7-arrow-right:before{font-family: 'ion'; font-weight: normal; font-style: normal;}#b_w05t2sje3o3yo7lu3zns .ion-ios7-arrow-right:before{content: \"\\e8b8\";}<\/style>\n[\/vc_column][\/vc_row]<\/p>\n<\/div>","protected":false},"excerpt":{"rendered":"<p>[vc_row type=\u00bbfull-width-content\u00bb content_placement=\u00bbmiddle\u00bb css=\u00bb.vc_custom_1489607551235{margin-bottom: 20px !important;background-color: #55c67f !important;}\u00bb][vc_column width=\u00bb1\/2&#8243;][vc_single_image image=\u00bb117&#8243; img_size=\u00bb745&#215;450&#8243; css=\u00bb.vc_custom_1480456022404{margin-top: 0px !important;margin-right: 0px !important;margin-bottom: 0px !important;margin-left: 0px !important;}\u00bb][\/vc_column][vc_column width=\u00bb1\/2&#8243; css=\u00bb.vc_custom_1479750092618{margin-left: 35px !important;}\u00bb][vc_column_text] Expansi\u00f3n de Medicaid [\/vc_column_text][\/vc_column][\/vc_row][vc_row type=\u00bbfull-width-section\u00bb equal_height=\u00bbyes\u00bb content_placement=\u00bbmiddle\u00bb][vc_column width=\u00bb1\/2&#8243; css=\u00bb.vc_custom_1488569886185{padding-top: 15px !important;padding-right: 15px !important;padding-bottom: 15px !important;padding-left: 15px !important;}\u00bb][vc_row_inner equal_height=\u00bbyes\u00bb content_placement=\u00bbmiddle\u00bb css=\u00bb.vc_custom_1489607495636{margin-bottom: 20px !important;}\u00bb][vc_column_inner el_class=\u00bbshadow\u00bb css=\u00bb.vc_custom_1489607522580{padding-top: 15px !important;padding-right: 15px !important;padding-bottom: 15px !important;padding-left: 15px<br \/><a href=\"https:\/\/stthomaschc.org\/es\/pago\/luisiana-ampliacion-medicaid\/\" class=\"more\">Read more<\/a><\/p>\n","protected":false},"author":2,"featured_media":0,"parent":584,"menu_order":0,"comment_status":"closed","ping_status":"closed","template":"","meta":{"_acf_changed":false,"footnotes":""},"class_list":["post-590","page","type-page","status-publish","hentry"],"acf":[],"yoast_head":"<!-- This site is optimized with the Yoast SEO plugin v26.8 - https:\/\/yoast.com\/product\/yoast-seo-wordpress\/ -->\n<title>Ampliaci\u00f3n de Medicaid - St. Thomas Community Health Center<\/title>\n<meta name=\"robots\" content=\"index, follow, max-snippet:-1, max-image-preview:large, max-video-preview:-1\" \/>\n<link rel=\"canonical\" href=\"https:\/\/stthomaschc.org\/es\/pago\/luisiana-ampliacion-medicaid\/\" \/>\n<meta property=\"og:locale\" content=\"es_ES\" \/>\n<meta property=\"og:type\" content=\"article\" \/>\n<meta property=\"og:title\" content=\"Ampliaci\u00f3n de Medicaid - St. Thomas Community Health Center\" \/>\n<meta property=\"og:description\" content=\"[vc_row type=\u00bbfull-width-content\u00bb content_placement=\u00bbmiddle\u00bb css=\u00bb.vc_custom_1489607551235{margin-bottom: 20px !important;background-color: #55c67f !important;}\u00bb][vc_column width=\u00bb1\/2&#8243;][vc_single_image image=\u00bb117&#8243; img_size=\u00bb745&#215;450&#8243; css=\u00bb.vc_custom_1480456022404{margin-top: 0px !important;margin-right: 0px !important;margin-bottom: 0px !important;margin-left: 0px !important;}\u00bb][\/vc_column][vc_column width=\u00bb1\/2&#8243; css=\u00bb.vc_custom_1479750092618{margin-left: 35px !important;}\u00bb][vc_column_text] Expansi\u00f3n de Medicaid [\/vc_column_text][\/vc_column][\/vc_row][vc_row type=\u00bbfull-width-section\u00bb equal_height=\u00bbyes\u00bb content_placement=\u00bbmiddle\u00bb][vc_column width=\u00bb1\/2&#8243; css=\u00bb.vc_custom_1488569886185{padding-top: 15px !important;padding-right: 15px !important;padding-bottom: 15px !important;padding-left: 15px !important;}\u00bb][vc_row_inner equal_height=\u00bbyes\u00bb content_placement=\u00bbmiddle\u00bb css=\u00bb.vc_custom_1489607495636{margin-bottom: 20px !important;}\u00bb][vc_column_inner el_class=\u00bbshadow\u00bb css=\u00bb.vc_custom_1489607522580{padding-top: 15px !important;padding-right: 15px !important;padding-bottom: 15px !important;padding-left: 15pxRead more\" \/>\n<meta property=\"og:url\" content=\"https:\/\/stthomaschc.org\/es\/pago\/luisiana-ampliacion-medicaid\/\" \/>\n<meta property=\"og:site_name\" content=\"St. Thomas Community Health Center\" \/>\n<meta property=\"article:publisher\" content=\"https:\/\/www.facebook.com\/stthomaschc\" \/>\n<meta property=\"article:modified_time\" content=\"2017-07-13T15:12:50+00:00\" \/>\n<meta name=\"twitter:card\" content=\"summary_large_image\" \/>\n<meta name=\"twitter:site\" content=\"@StThomasCHC\" \/>\n<meta name=\"twitter:label1\" content=\"Tiempo de lectura\" \/>\n\t<meta name=\"twitter:data1\" content=\"3 minutos\" \/>\n<script type=\"application\/ld+json\" class=\"yoast-schema-graph\">{\"@context\":\"https:\/\/schema.org\",\"@graph\":[{\"@type\":\"WebPage\",\"@id\":\"https:\/\/stthomaschc.org\/es\/pago\/luisiana-ampliacion-medicaid\/\",\"url\":\"https:\/\/stthomaschc.org\/es\/pago\/luisiana-ampliacion-medicaid\/\",\"name\":\"Ampliaci\u00f3n de Medicaid - St. Thomas Community Health Center\",\"isPartOf\":{\"@id\":\"https:\/\/stthomaschc.org\/#website\"},\"datePublished\":\"2016-11-29T21:36:37+00:00\",\"dateModified\":\"2017-07-13T15:12:50+00:00\",\"breadcrumb\":{\"@id\":\"https:\/\/stthomaschc.org\/es\/pago\/luisiana-ampliacion-medicaid\/#breadcrumb\"},\"inLanguage\":\"es\",\"potentialAction\":[{\"@type\":\"ReadAction\",\"target\":[\"https:\/\/stthomaschc.org\/es\/pago\/luisiana-ampliacion-medicaid\/\"]}]},{\"@type\":\"BreadcrumbList\",\"@id\":\"https:\/\/stthomaschc.org\/es\/pago\/luisiana-ampliacion-medicaid\/#breadcrumb\",\"itemListElement\":[{\"@type\":\"ListItem\",\"position\":1,\"name\":\"Home\",\"item\":\"https:\/\/stthomaschc.org\/es\/\"},{\"@type\":\"ListItem\",\"position\":2,\"name\":\"Opciones de Pago\",\"item\":\"https:\/\/stthomaschc.org\/es\/pago\/\"},{\"@type\":\"ListItem\",\"position\":3,\"name\":\"Ampliaci\u00f3n de Medicaid\"}]},{\"@type\":\"WebSite\",\"@id\":\"https:\/\/stthomaschc.org\/#website\",\"url\":\"https:\/\/stthomaschc.org\/\",\"name\":\"St. Thomas Community Health Center\",\"description\":\"St. Thomas Community Health Center&#039;s Site\",\"potentialAction\":[{\"@type\":\"SearchAction\",\"target\":{\"@type\":\"EntryPoint\",\"urlTemplate\":\"https:\/\/stthomaschc.org\/?s={search_term_string}\"},\"query-input\":{\"@type\":\"PropertyValueSpecification\",\"valueRequired\":true,\"valueName\":\"search_term_string\"}}],\"inLanguage\":\"es\"}]}<\/script>\n<!-- \/ Yoast SEO plugin. -->","yoast_head_json":{"title":"Ampliaci\u00f3n de Medicaid - St. Thomas Community Health Center","robots":{"index":"index","follow":"follow","max-snippet":"max-snippet:-1","max-image-preview":"max-image-preview:large","max-video-preview":"max-video-preview:-1"},"canonical":"https:\/\/stthomaschc.org\/es\/pago\/luisiana-ampliacion-medicaid\/","og_locale":"es_ES","og_type":"article","og_title":"Ampliaci\u00f3n de Medicaid - St. Thomas Community Health Center","og_description":"[vc_row type=\u00bbfull-width-content\u00bb content_placement=\u00bbmiddle\u00bb css=\u00bb.vc_custom_1489607551235{margin-bottom: 20px !important;background-color: #55c67f !important;}\u00bb][vc_column width=\u00bb1\/2&#8243;][vc_single_image image=\u00bb117&#8243; img_size=\u00bb745&#215;450&#8243; css=\u00bb.vc_custom_1480456022404{margin-top: 0px !important;margin-right: 0px !important;margin-bottom: 0px !important;margin-left: 0px !important;}\u00bb][\/vc_column][vc_column width=\u00bb1\/2&#8243; css=\u00bb.vc_custom_1479750092618{margin-left: 35px !important;}\u00bb][vc_column_text] Expansi\u00f3n de Medicaid [\/vc_column_text][\/vc_column][\/vc_row][vc_row type=\u00bbfull-width-section\u00bb equal_height=\u00bbyes\u00bb content_placement=\u00bbmiddle\u00bb][vc_column width=\u00bb1\/2&#8243; css=\u00bb.vc_custom_1488569886185{padding-top: 15px !important;padding-right: 15px !important;padding-bottom: 15px !important;padding-left: 15px !important;}\u00bb][vc_row_inner equal_height=\u00bbyes\u00bb content_placement=\u00bbmiddle\u00bb css=\u00bb.vc_custom_1489607495636{margin-bottom: 20px !important;}\u00bb][vc_column_inner el_class=\u00bbshadow\u00bb css=\u00bb.vc_custom_1489607522580{padding-top: 15px !important;padding-right: 15px !important;padding-bottom: 15px !important;padding-left: 15pxRead more","og_url":"https:\/\/stthomaschc.org\/es\/pago\/luisiana-ampliacion-medicaid\/","og_site_name":"St. Thomas Community Health Center","article_publisher":"https:\/\/www.facebook.com\/stthomaschc","article_modified_time":"2017-07-13T15:12:50+00:00","twitter_card":"summary_large_image","twitter_site":"@StThomasCHC","twitter_misc":{"Tiempo de lectura":"3 minutos"},"schema":{"@context":"https:\/\/schema.org","@graph":[{"@type":"WebPage","@id":"https:\/\/stthomaschc.org\/es\/pago\/luisiana-ampliacion-medicaid\/","url":"https:\/\/stthomaschc.org\/es\/pago\/luisiana-ampliacion-medicaid\/","name":"Ampliaci\u00f3n de Medicaid - St. Thomas Community Health Center","isPartOf":{"@id":"https:\/\/stthomaschc.org\/#website"},"datePublished":"2016-11-29T21:36:37+00:00","dateModified":"2017-07-13T15:12:50+00:00","breadcrumb":{"@id":"https:\/\/stthomaschc.org\/es\/pago\/luisiana-ampliacion-medicaid\/#breadcrumb"},"inLanguage":"es","potentialAction":[{"@type":"ReadAction","target":["https:\/\/stthomaschc.org\/es\/pago\/luisiana-ampliacion-medicaid\/"]}]},{"@type":"BreadcrumbList","@id":"https:\/\/stthomaschc.org\/es\/pago\/luisiana-ampliacion-medicaid\/#breadcrumb","itemListElement":[{"@type":"ListItem","position":1,"name":"Home","item":"https:\/\/stthomaschc.org\/es\/"},{"@type":"ListItem","position":2,"name":"Opciones de Pago","item":"https:\/\/stthomaschc.org\/es\/pago\/"},{"@type":"ListItem","position":3,"name":"Ampliaci\u00f3n de Medicaid"}]},{"@type":"WebSite","@id":"https:\/\/stthomaschc.org\/#website","url":"https:\/\/stthomaschc.org\/","name":"St. Thomas Community Health Center","description":"St. Thomas Community Health Center&#039;s Site","potentialAction":[{"@type":"SearchAction","target":{"@type":"EntryPoint","urlTemplate":"https:\/\/stthomaschc.org\/?s={search_term_string}"},"query-input":{"@type":"PropertyValueSpecification","valueRequired":true,"valueName":"search_term_string"}}],"inLanguage":"es"}]}},"_links":{"self":[{"href":"https:\/\/stthomaschc.org\/es\/wp-json\/wp\/v2\/pages\/590","targetHints":{"allow":["GET"]}}],"collection":[{"href":"https:\/\/stthomaschc.org\/es\/wp-json\/wp\/v2\/pages"}],"about":[{"href":"https:\/\/stthomaschc.org\/es\/wp-json\/wp\/v2\/types\/page"}],"author":[{"embeddable":true,"href":"https:\/\/stthomaschc.org\/es\/wp-json\/wp\/v2\/users\/2"}],"replies":[{"embeddable":true,"href":"https:\/\/stthomaschc.org\/es\/wp-json\/wp\/v2\/comments?post=590"}],"version-history":[{"count":0,"href":"https:\/\/stthomaschc.org\/es\/wp-json\/wp\/v2\/pages\/590\/revisions"}],"up":[{"embeddable":true,"href":"https:\/\/stthomaschc.org\/es\/wp-json\/wp\/v2\/pages\/584"}],"wp:attachment":[{"href":"https:\/\/stthomaschc.org\/es\/wp-json\/wp\/v2\/media?parent=590"}],"curies":[{"name":"wp","href":"https:\/\/api.w.org\/{rel}","templated":true}]}}