{"id":586,"date":"2016-11-29T14:54:13","date_gmt":"2016-11-29T20:54:13","guid":{"rendered":"https:\/\/www.stthomaschc.org\/pago\/aca-affordable-care-act-obamacare\/"},"modified":"2017-07-31T11:41:19","modified_gmt":"2017-07-31T16:41:19","slug":"aca-ley-salud-asequible-obamacare","status":"publish","type":"page","link":"https:\/\/stthomaschc.org\/es\/pago\/aca-ley-salud-asequible-obamacare\/","title":{"rendered":"Ley de Cuidado de Salud Asequible"},"content":{"rendered":"<div class=\"wpb-content-wrapper\"><p>[vc_row type=\u00bbfull-width-content\u00bb content_placement=\u00bbmiddle\u00bb css=\u00bb.vc_custom_1489607086833{background-color: #2372db !important;}\u00bb][vc_column width=\u00bb1\/2&#8243;][vc_single_image image=\u00bb111&#8243; img_size=\u00bb745&#215;450&#8243; css=\u00bb.vc_custom_1480547800522{margin-top: 0px !important;margin-right: 0px !important;margin-bottom: 0px !important;margin-left: 0px !important;}\u00bb][\/vc_column][vc_column width=\u00bb1\/2&#8243; css=\u00bb.vc_custom_1479750092618{margin-left: 35px !important;}\u00bb][vc_column_text]<\/p>\n<p class=\"mobileheader\">Ley de Cuidado<br \/>\nde Salud Asequible<br \/>\n(Obamacare)<\/p>\n<p>[\/vc_column_text][\/vc_column][\/vc_row][vc_row type=\u00bbfull-width-section\u00bb content_placement=\u00bbmiddle\u00bb css=\u00bb.vc_custom_1489607052356{margin-top: 0px !important;margin-bottom: 15px !important;}\u00bb][vc_column width=\u00bb2\/3&#8243;][vc_row_inner][vc_column_inner el_class=\u00bbshadow\u00bb css=\u00bb.vc_custom_1480457619435{padding-top: 15px !important;padding-right: 15px !important;padding-bottom: 15px !important;padding-left: 15px !important;background-color: #8cdaf2 !important;}\u00bb][vc_custom_heading text=\u00bbNUESTRO APORTE\u00bb font_container=\u00bbtag:h2|font_size:40|text_align:left|color:%236699af|line_height:37px\u00bb google_fonts=\u00bbfont_family:Lato%3A100%2C100italic%2C300%2C300italic%2Cregular%2Citalic%2C700%2C700italic%2C900%2C900italic|font_style:700%20bold%20regular%3A700%3Anormal\u00bb css=\u00bb.vc_custom_1501519027498{margin-top: 5px !important;margin-bottom: 20px !important;}\u00bb][vc_column_text]Con la implementaci\u00f3n de la Ley de Cuidado de Salud Asequible, nuestro personal est\u00e1 encargado de educar e informar a nuestros pacientes sobre su significado.<\/p>\n<p>El Mercado de Seguros M\u00e9dicos es una parte de la Ley de Cuidado de Salud Asequible (tambi\u00e9n conocida como ObamaCare) y es una forma nueva de obtener seguro m\u00e9dico asequible.\u00a0 Al llenar la solicitud, se puede determinar si usted es elegible para seguro privado, Medicaid, el Programa de Seguro M\u00e9dico Infantil (CHIP por sus siglas en ingl\u00e9s), o descuentos en un seguro m\u00e9dico.<\/p>\n<p>El Centro de Salud Comunitario St. Thomas cuenta con personal capacitado como Asesores Certificados para ayudarle a entender la informaci\u00f3n y lo que esto implica para su familia. \u00a0Haga clic aqu\u00ed para obtener m\u00e1s informaci\u00f3n. En marzo de 2010, la Administraci\u00f3n del Presidente Obama aprob\u00f3 la Ley de Cuidado de la Salud y Protecci\u00f3n del Paciente (ACA por sus siglas en ingl\u00e9s). Una de las metas de la ley es cambiar el sistema de salud al brindar cobertura de salud asequible a m\u00e1s norteamericanos.[\/vc_column_text][\/vc_column_inner][\/vc_row_inner][\/vc_column][vc_column width=\u00bb1\/3&#8243;][vc_row_inner][vc_column_inner el_class=\u00bbshadow\u00bb css=\u00bb.vc_custom_1480457678522{background-color: #fff6e5 !important;}\u00bb][vc_single_image image=\u00bb108&#8243; img_size=\u00bb317&#215;403&#8243; alignment=\u00bbcenter\u00bb el_class=\u00bbshadow\u00bb css=\u00bb.vc_custom_1480452749377{padding-top: 0px !important;padding-right: 0px !important;padding-bottom: 0px !important;padding-left: 0px !important;}\u00bb][\/vc_column_inner][\/vc_row_inner][\/vc_column][\/vc_row][vc_row el_class=\u00bbshadow\u00bb css=\u00bb.vc_custom_1480453885814{padding-top: 15px !important;padding-right: 15px !important;padding-bottom: 15px !important;padding-left: 15px !important;background-color: #ffffff !important;}\u00bb][vc_column][vc_custom_heading text=\u00bbEL MERCADO DE SEGUROS M\u00c9DICOS\u00bb font_container=\u00bbtag:h2|font_size:40|text_align:left|color:%233e8d93|line_height:37px\u00bb google_fonts=\u00bbfont_family:Lato%3A100%2C100italic%2C300%2C300italic%2Cregular%2Citalic%2C700%2C700italic%2C900%2C900italic|font_style:700%20bold%20regular%3A700%3Anormal\u00bb css=\u00bb.vc_custom_1498758670815{margin-top: 5px !important;margin-bottom: 20px !important;}\u00bb][vc_column_text]<\/p>\n<h3>Preguntas Frecuentes<\/h3>\n<p>Para mayor informaci\u00f3n, por favor visite el sitio de la Fundaci\u00f3n de la Familia Kaiser o <a href=\"https:\/\/www.cuidadodesalud.gov\/es\/\">cuidadodesalud.gov<\/a>.[\/vc_column_text][vc_accordion active_tab=\u00bb1&#8243; style=\u00bbrd_acc_2&#8243;][vc_accordion_tab title=\u00bb\u00bfQu\u00e9 es el Mercado de Seguros M\u00e9dicos?\u00bb][vc_column_text]El Mercado de Seguros M\u00e9dicos es una forma nueva de obtener seguro\u00a0 m\u00e9dico a un precio accesible.\u00a0 Forma parte de la Ley de Cuidado de Salud Asequible de este pa\u00eds (com\u00fanmente conocida como ObamaCare).[\/vc_column_text][\/vc_accordion_tab][vc_accordion_tab title=\u00bb\u00bfPara qui\u00e9n es el Mercado?\u00bb][vc_column_text]Es para personas sin seguro m\u00e9dico, y brindar\u00e1 opciones de seguro m\u00e9dico a un costo accesible.\u00a0 Tambi\u00e9n es para personas con seguro m\u00e9dico, quienes es posible que puedan encontrar opciones m\u00e1s accesibles.[\/vc_column_text][\/vc_accordion_tab][vc_accordion_tab title=\u00bb\u00bfQu\u00e9 pasa si tengo una pre-existencia?\u00bb][vc_column_text]\u00a1No pasa nada! Con el Mercado, no se le puede rechazar, no se le puede cobrar m\u00e1s y no se le puede negar cobertura debido a esa pre-existencia.[\/vc_column_text][\/vc_accordion_tab][vc_accordion_tab title=\u00bb\u00bfCu\u00e1nto pagar\u00e9 por el seguro?\u00bb][vc_column_text]El seguro tiene descuentos basados a sus ingresos.\u00a0 Su Especialista en Inscripci\u00f3n podr\u00e1 prepararle una estimaci\u00f3n del precio.[\/vc_column_text][\/vc_accordion_tab][vc_accordion_tab title=\u00bb\u00bfSoy elegible para el Mercado?\u00bb][vc_column_text]Para adquirir seguro en el Mercado usted debe:<\/p>\n<ul>\n<li>Vivir en los Estados Unidos<\/li>\n<li>Ser ciudadano de los Estados Unidos, nacionalizado o estar legalmente en el pa\u00eds<\/li>\n<li>No estar en la c\u00e1rcel<\/li>\n<\/ul>\n<p>[\/vc_column_text][\/vc_accordion_tab][vc_accordion_tab title=\u00bb\u00bfQu\u00e9 necesito para inscribirme?\u00bb][vc_column_text]Si cumple con los requisitos y no se inscribe, existe una penalidad y es posible que tenga que pagar una multa.[\/vc_column_text][\/vc_accordion_tab][vc_accordion_tab title=\u00bb\u00bfCu\u00e1ndo me puedo inscribir?\u00bb][vc_column_text]Para cobertura en el 2017, el per\u00edodo de Inscripci\u00f3n Abierta inici\u00f3 el 1 de noviembre de 2015 y se prorrog\u00f3 hasta el 31 de enero de 2017.\u00a0 Una vez termine el periodo de Inscripci\u00f3n Abierta, las personas y familias no se podr\u00e1n inscribir en los planes de seguro del Mercado hasta el siguiente per\u00edodo de Inscripci\u00f3n Abierta.\u00a0 Sin embargo, si usted sufre ciertos cambios en sus circunstancias durante el a\u00f1o, tendr\u00e1 una oportunidad especial de 60 d\u00edas para inscribirse en los planes de seguro del Mercado, fuera del per\u00edodo de Inscripci\u00f3n Abierta.<\/p>\n<p>Para personas y familias que adquieran cobertura no grupal por s\u00ed solos, fuera del Mercado, solamente pueden inscribirse para cobertura durante los per\u00edodos de Inscripci\u00f3n Abierta y tambi\u00e9n en oportunidades especiales de inscripci\u00f3n.\u00a0 Los Nativo Americanos y nativos de Alaska pueden inscribirse durante todo el a\u00f1o, no s\u00f3lo durante la Inscripci\u00f3n Abierta.[\/vc_column_text][\/vc_accordion_tab][vc_accordion_tab title=\u00bb\u00bfC\u00f3mo me inscribo?\u00bb][vc_column_text]En persona \u2013 puede venir a St. Thomas y reunirse con un Especialista en Inscripci\u00f3n.\u00a0 En l\u00ednea \u2013 Se puede inscribir en l\u00ednea en Healthcare.gov. S\u00f3lo aseg\u00farese de seleccionar St. Thomas como su proveedor.[\/vc_column_text][\/vc_accordion_tab][vc_accordion_tab title=\u00bb\u00bfQu\u00e9 informaci\u00f3n necesito llevar para inscribirme?\u00bb][vc_column_text]<\/p>\n<ul>\n<li>N\u00famero de Seguro Social (o n\u00fameros de documento para los inmigrantes legales)<\/li>\n<li>Informaci\u00f3n del patrono y de ingresos para cada miembro de su familia que necesite cobertura (por ejemplo, comprobantes de pago, W-2)<\/li>\n<li>N\u00famero de p\u00f3liza de cualquier plan de seguro m\u00e9dico actual que cubra a los miembros de su familia<\/li>\n<\/ul>\n<p>[\/vc_column_text][\/vc_accordion_tab][vc_accordion_tab title=\u00bb\u00bfQu\u00e9 cubre el seguro m\u00e9dico del Mercado?\u00bb][vc_column_text]Los planes de seguro en el Mercado le ofrecer\u00e1n los mismos beneficios esenciales de salud.\u00a0 Algunos planes probablemente ofrezcan coberturas adicionales y su Especialista en Inscripci\u00f3n en St. Thomas puede ayudarle a revisar estos planes.<\/p>\n<p>Beneficios Esenciales de Salud<\/p>\n<ul>\n<li>Servicios primarios de salud y servicios especializados (servicios ambulatorios que puede obtener sin ser admitido a un hospital)<\/li>\n<li>Servicios para el tratamiento de una enfermedad cr\u00f3nica y servicios de bienestar preventivo<\/li>\n<li>Servicios pedi\u00e1tricos<\/li>\n<li>Servicios de laboratorio<\/li>\n<li>Servicios de emergencia<\/li>\n<li>Hospitalizaci\u00f3n (tales como cirug\u00eda)<\/li>\n<li>Maternidad y cuidado neonatal (servicios antes y despu\u00e9s de que nace el beb\u00e9)<\/li>\n<li>Salud mental y abuso de sustancias, incluyendo tratamiento para trastornos de conducta (orientaci\u00f3n y psicoterapia)<\/li>\n<li>Medicamentos bajo receta m\u00e9dica<\/li>\n<li>Servicios y dispositivos de rehabilitaci\u00f3n (servicios para ayudar a las personas con lesiones, discapacidades, o problemas cr\u00f3nicos a recuperar sus habilidades f\u00edsicas y mentales)<\/li>\n<\/ul>\n<p>[\/vc_column_text][\/vc_accordion_tab][\/vc_accordion][\/vc_column][\/vc_row][vc_row][vc_column]<style type=\"text\/css\" >#b_ucjss97saq8dou46wc7h a{color:#ffffff; background:#35b3a5; margin-top:0px; margin-bottom:0px;  margin-left:0px; margin-right:0px; font-weight:900; border-radius:0px;}#b_ucjss97saq8dou46wc7h a:hover{color: ; background:#289689 ;}<\/style><div class=\"ta_center tf_btn_pos\" id=\"b_ucjss97saq8dou46wc7h\" ><a class=\"rd_normal_bt mediumlarge_rd_bt bt_icon_left   \" href=\"\/payment\" target=\"\"   ><i class=\"ion-ios7-arrow-left\" ><\/i><span>OPCIONES DE PAGO<\/span><\/a><\/div><style type=\"text\/css\" >#b_ucjss97saq8dou46wc7h i {color:#ffffff;}#b_ucjss97saq8dou46wc7h a:hover i{color:;}<\/style><style type='text\/css'> @font-face{font-family: 'ion'; src:url('https:\/\/stthomaschc.org\/wp-content\/themes\/thefox\/includes\/4k-icons\/icons\/4k-icons-pack03\/icons\/fonts\/ion.eot'); src:url('https:\/\/stthomaschc.org\/wp-content\/themes\/thefox\/includes\/4k-icons\/icons\/4k-icons-pack03\/icons\/fonts\/ion.eot?#iefix') format('embedded-opentype'), url('https:\/\/stthomaschc.org\/wp-content\/themes\/thefox\/includes\/4k-icons\/icons\/4k-icons-pack03\/icons\/fonts\/ion.woff') format('woff'), url('https:\/\/stthomaschc.org\/wp-content\/themes\/thefox\/includes\/4k-icons\/icons\/4k-icons-pack03\/icons\/fonts\/ion.ttf') format('truetype'), url('https:\/\/stthomaschc.org\/wp-content\/themes\/thefox\/includes\/4k-icons\/icons\/4k-icons-pack03\/icons\/fonts\/ion.svg#oi') format('svg'); font-weight: normal; font-style: normal;}#b_ucjss97saq8dou46wc7h .ion-ios7-arrow-left:before{font-family: 'ion'; font-weight: normal; font-style: normal;}#b_ucjss97saq8dou46wc7h .ion-ios7-arrow-left:before{content: \"\\e8b7\";}<\/style>\n[\/vc_column][\/vc_row]<\/p>\n<\/div>","protected":false},"excerpt":{"rendered":"<p>[vc_row type=\u00bbfull-width-content\u00bb content_placement=\u00bbmiddle\u00bb css=\u00bb.vc_custom_1489607086833{background-color: #2372db !important;}\u00bb][vc_column width=\u00bb1\/2&#8243;][vc_single_image image=\u00bb111&#8243; img_size=\u00bb745&#215;450&#8243; css=\u00bb.vc_custom_1480547800522{margin-top: 0px !important;margin-right: 0px !important;margin-bottom: 0px !important;margin-left: 0px !important;}\u00bb][\/vc_column][vc_column width=\u00bb1\/2&#8243; css=\u00bb.vc_custom_1479750092618{margin-left: 35px !important;}\u00bb][vc_column_text] Ley de Cuidado de Salud Asequible (Obamacare) [\/vc_column_text][\/vc_column][\/vc_row][vc_row type=\u00bbfull-width-section\u00bb content_placement=\u00bbmiddle\u00bb css=\u00bb.vc_custom_1489607052356{margin-top: 0px !important;margin-bottom: 15px !important;}\u00bb][vc_column width=\u00bb2\/3&#8243;][vc_row_inner][vc_column_inner el_class=\u00bbshadow\u00bb css=\u00bb.vc_custom_1480457619435{padding-top: 15px !important;padding-right: 15px !important;padding-bottom: 15px !important;padding-left: 15px !important;background-color: #8cdaf2 !important;}\u00bb][vc_custom_heading text=\u00bbNUESTRO APORTE\u00bb font_container=\u00bbtag:h2|font_size:40|text_align:left|color:%236699af|line_height:37px\u00bb google_fonts=\u00bbfont_family:Lato%3A100%2C100italic%2C300%2C300italic%2Cregular%2Citalic%2C700%2C700italic%2C900%2C900italic|font_style:700%20bold%20regular%3A700%3Anormal\u00bb css=\u00bb.vc_custom_1501519027498{margin-top:<br \/><a href=\"https:\/\/stthomaschc.org\/es\/pago\/aca-ley-salud-asequible-obamacare\/\" class=\"more\">Read more<\/a><\/p>\n","protected":false},"author":2,"featured_media":0,"parent":584,"menu_order":0,"comment_status":"closed","ping_status":"closed","template":"","meta":{"_acf_changed":false,"footnotes":""},"class_list":["post-586","page","type-page","status-publish","hentry"],"acf":[],"yoast_head":"<!-- This site is optimized with the Yoast SEO plugin v26.8 - https:\/\/yoast.com\/product\/yoast-seo-wordpress\/ -->\n<title>Ley de Cuidado de Salud Asequible - St. Thomas Community Health Center<\/title>\n<meta name=\"robots\" content=\"index, follow, max-snippet:-1, max-image-preview:large, max-video-preview:-1\" \/>\n<link rel=\"canonical\" href=\"https:\/\/stthomaschc.org\/es\/pago\/aca-ley-salud-asequible-obamacare\/\" \/>\n<meta property=\"og:locale\" content=\"es_ES\" \/>\n<meta property=\"og:type\" content=\"article\" \/>\n<meta property=\"og:title\" content=\"Ley de Cuidado de Salud Asequible - St. Thomas Community Health Center\" \/>\n<meta property=\"og:description\" content=\"[vc_row type=\u00bbfull-width-content\u00bb content_placement=\u00bbmiddle\u00bb css=\u00bb.vc_custom_1489607086833{background-color: #2372db !important;}\u00bb][vc_column width=\u00bb1\/2&#8243;][vc_single_image image=\u00bb111&#8243; img_size=\u00bb745&#215;450&#8243; css=\u00bb.vc_custom_1480547800522{margin-top: 0px !important;margin-right: 0px !important;margin-bottom: 0px !important;margin-left: 0px !important;}\u00bb][\/vc_column][vc_column width=\u00bb1\/2&#8243; css=\u00bb.vc_custom_1479750092618{margin-left: 35px !important;}\u00bb][vc_column_text] Ley de Cuidado de Salud Asequible (Obamacare) [\/vc_column_text][\/vc_column][\/vc_row][vc_row type=\u00bbfull-width-section\u00bb content_placement=\u00bbmiddle\u00bb css=\u00bb.vc_custom_1489607052356{margin-top: 0px !important;margin-bottom: 15px !important;}\u00bb][vc_column width=\u00bb2\/3&#8243;][vc_row_inner][vc_column_inner el_class=\u00bbshadow\u00bb css=\u00bb.vc_custom_1480457619435{padding-top: 15px !important;padding-right: 15px !important;padding-bottom: 15px !important;padding-left: 15px !important;background-color: #8cdaf2 !important;}\u00bb][vc_custom_heading text=\u00bbNUESTRO APORTE\u00bb font_container=\u00bbtag:h2|font_size:40|text_align:left|color:%236699af|line_height:37px\u00bb google_fonts=\u00bbfont_family:Lato%3A100%2C100italic%2C300%2C300italic%2Cregular%2Citalic%2C700%2C700italic%2C900%2C900italic|font_style:700%20bold%20regular%3A700%3Anormal\u00bb css=\u00bb.vc_custom_1501519027498{margin-top:Read more\" \/>\n<meta property=\"og:url\" content=\"https:\/\/stthomaschc.org\/es\/pago\/aca-ley-salud-asequible-obamacare\/\" \/>\n<meta property=\"og:site_name\" content=\"St. Thomas Community Health Center\" \/>\n<meta property=\"article:publisher\" content=\"https:\/\/www.facebook.com\/stthomaschc\" \/>\n<meta property=\"article:modified_time\" content=\"2017-07-31T16:41:19+00:00\" \/>\n<meta name=\"twitter:card\" content=\"summary_large_image\" \/>\n<meta name=\"twitter:site\" content=\"@StThomasCHC\" \/>\n<meta name=\"twitter:label1\" content=\"Tiempo de lectura\" \/>\n\t<meta name=\"twitter:data1\" content=\"7 minutos\" \/>\n<script type=\"application\/ld+json\" class=\"yoast-schema-graph\">{\"@context\":\"https:\/\/schema.org\",\"@graph\":[{\"@type\":\"WebPage\",\"@id\":\"https:\/\/stthomaschc.org\/es\/pago\/aca-ley-salud-asequible-obamacare\/\",\"url\":\"https:\/\/stthomaschc.org\/es\/pago\/aca-ley-salud-asequible-obamacare\/\",\"name\":\"Ley de Cuidado de Salud Asequible - St. Thomas Community Health Center\",\"isPartOf\":{\"@id\":\"https:\/\/stthomaschc.org\/#website\"},\"datePublished\":\"2016-11-29T20:54:13+00:00\",\"dateModified\":\"2017-07-31T16:41:19+00:00\",\"breadcrumb\":{\"@id\":\"https:\/\/stthomaschc.org\/es\/pago\/aca-ley-salud-asequible-obamacare\/#breadcrumb\"},\"inLanguage\":\"es\",\"potentialAction\":[{\"@type\":\"ReadAction\",\"target\":[\"https:\/\/stthomaschc.org\/es\/pago\/aca-ley-salud-asequible-obamacare\/\"]}]},{\"@type\":\"BreadcrumbList\",\"@id\":\"https:\/\/stthomaschc.org\/es\/pago\/aca-ley-salud-asequible-obamacare\/#breadcrumb\",\"itemListElement\":[{\"@type\":\"ListItem\",\"position\":1,\"name\":\"Home\",\"item\":\"https:\/\/stthomaschc.org\/es\/\"},{\"@type\":\"ListItem\",\"position\":2,\"name\":\"Opciones de Pago\",\"item\":\"https:\/\/stthomaschc.org\/es\/pago\/\"},{\"@type\":\"ListItem\",\"position\":3,\"name\":\"Ley de Cuidado de Salud Asequible\"}]},{\"@type\":\"WebSite\",\"@id\":\"https:\/\/stthomaschc.org\/#website\",\"url\":\"https:\/\/stthomaschc.org\/\",\"name\":\"St. Thomas Community Health Center\",\"description\":\"St. Thomas Community Health Center&#039;s Site\",\"potentialAction\":[{\"@type\":\"SearchAction\",\"target\":{\"@type\":\"EntryPoint\",\"urlTemplate\":\"https:\/\/stthomaschc.org\/?s={search_term_string}\"},\"query-input\":{\"@type\":\"PropertyValueSpecification\",\"valueRequired\":true,\"valueName\":\"search_term_string\"}}],\"inLanguage\":\"es\"}]}<\/script>\n<!-- \/ Yoast SEO plugin. -->","yoast_head_json":{"title":"Ley de Cuidado de Salud Asequible - St. Thomas Community Health Center","robots":{"index":"index","follow":"follow","max-snippet":"max-snippet:-1","max-image-preview":"max-image-preview:large","max-video-preview":"max-video-preview:-1"},"canonical":"https:\/\/stthomaschc.org\/es\/pago\/aca-ley-salud-asequible-obamacare\/","og_locale":"es_ES","og_type":"article","og_title":"Ley de Cuidado de Salud Asequible - St. Thomas Community Health Center","og_description":"[vc_row type=\u00bbfull-width-content\u00bb content_placement=\u00bbmiddle\u00bb css=\u00bb.vc_custom_1489607086833{background-color: #2372db !important;}\u00bb][vc_column width=\u00bb1\/2&#8243;][vc_single_image image=\u00bb111&#8243; img_size=\u00bb745&#215;450&#8243; css=\u00bb.vc_custom_1480547800522{margin-top: 0px !important;margin-right: 0px !important;margin-bottom: 0px !important;margin-left: 0px !important;}\u00bb][\/vc_column][vc_column width=\u00bb1\/2&#8243; css=\u00bb.vc_custom_1479750092618{margin-left: 35px !important;}\u00bb][vc_column_text] Ley de Cuidado de Salud Asequible (Obamacare) [\/vc_column_text][\/vc_column][\/vc_row][vc_row type=\u00bbfull-width-section\u00bb content_placement=\u00bbmiddle\u00bb css=\u00bb.vc_custom_1489607052356{margin-top: 0px !important;margin-bottom: 15px !important;}\u00bb][vc_column width=\u00bb2\/3&#8243;][vc_row_inner][vc_column_inner el_class=\u00bbshadow\u00bb css=\u00bb.vc_custom_1480457619435{padding-top: 15px !important;padding-right: 15px !important;padding-bottom: 15px !important;padding-left: 15px !important;background-color: #8cdaf2 !important;}\u00bb][vc_custom_heading text=\u00bbNUESTRO APORTE\u00bb font_container=\u00bbtag:h2|font_size:40|text_align:left|color:%236699af|line_height:37px\u00bb google_fonts=\u00bbfont_family:Lato%3A100%2C100italic%2C300%2C300italic%2Cregular%2Citalic%2C700%2C700italic%2C900%2C900italic|font_style:700%20bold%20regular%3A700%3Anormal\u00bb css=\u00bb.vc_custom_1501519027498{margin-top:Read more","og_url":"https:\/\/stthomaschc.org\/es\/pago\/aca-ley-salud-asequible-obamacare\/","og_site_name":"St. Thomas Community Health Center","article_publisher":"https:\/\/www.facebook.com\/stthomaschc","article_modified_time":"2017-07-31T16:41:19+00:00","twitter_card":"summary_large_image","twitter_site":"@StThomasCHC","twitter_misc":{"Tiempo de lectura":"7 minutos"},"schema":{"@context":"https:\/\/schema.org","@graph":[{"@type":"WebPage","@id":"https:\/\/stthomaschc.org\/es\/pago\/aca-ley-salud-asequible-obamacare\/","url":"https:\/\/stthomaschc.org\/es\/pago\/aca-ley-salud-asequible-obamacare\/","name":"Ley de Cuidado de Salud Asequible - St. Thomas Community Health Center","isPartOf":{"@id":"https:\/\/stthomaschc.org\/#website"},"datePublished":"2016-11-29T20:54:13+00:00","dateModified":"2017-07-31T16:41:19+00:00","breadcrumb":{"@id":"https:\/\/stthomaschc.org\/es\/pago\/aca-ley-salud-asequible-obamacare\/#breadcrumb"},"inLanguage":"es","potentialAction":[{"@type":"ReadAction","target":["https:\/\/stthomaschc.org\/es\/pago\/aca-ley-salud-asequible-obamacare\/"]}]},{"@type":"BreadcrumbList","@id":"https:\/\/stthomaschc.org\/es\/pago\/aca-ley-salud-asequible-obamacare\/#breadcrumb","itemListElement":[{"@type":"ListItem","position":1,"name":"Home","item":"https:\/\/stthomaschc.org\/es\/"},{"@type":"ListItem","position":2,"name":"Opciones de Pago","item":"https:\/\/stthomaschc.org\/es\/pago\/"},{"@type":"ListItem","position":3,"name":"Ley de Cuidado de Salud Asequible"}]},{"@type":"WebSite","@id":"https:\/\/stthomaschc.org\/#website","url":"https:\/\/stthomaschc.org\/","name":"St. Thomas Community Health Center","description":"St. Thomas Community Health Center&#039;s Site","potentialAction":[{"@type":"SearchAction","target":{"@type":"EntryPoint","urlTemplate":"https:\/\/stthomaschc.org\/?s={search_term_string}"},"query-input":{"@type":"PropertyValueSpecification","valueRequired":true,"valueName":"search_term_string"}}],"inLanguage":"es"}]}},"_links":{"self":[{"href":"https:\/\/stthomaschc.org\/es\/wp-json\/wp\/v2\/pages\/586","targetHints":{"allow":["GET"]}}],"collection":[{"href":"https:\/\/stthomaschc.org\/es\/wp-json\/wp\/v2\/pages"}],"about":[{"href":"https:\/\/stthomaschc.org\/es\/wp-json\/wp\/v2\/types\/page"}],"author":[{"embeddable":true,"href":"https:\/\/stthomaschc.org\/es\/wp-json\/wp\/v2\/users\/2"}],"replies":[{"embeddable":true,"href":"https:\/\/stthomaschc.org\/es\/wp-json\/wp\/v2\/comments?post=586"}],"version-history":[{"count":0,"href":"https:\/\/stthomaschc.org\/es\/wp-json\/wp\/v2\/pages\/586\/revisions"}],"up":[{"embeddable":true,"href":"https:\/\/stthomaschc.org\/es\/wp-json\/wp\/v2\/pages\/584"}],"wp:attachment":[{"href":"https:\/\/stthomaschc.org\/es\/wp-json\/wp\/v2\/media?parent=586"}],"curies":[{"name":"wp","href":"https:\/\/api.w.org\/{rel}","templated":true}]}}