{"id":584,"date":"2016-11-28T09:24:47","date_gmt":"2016-11-28T15:24:47","guid":{"rendered":"https:\/\/www.stthomaschc.org\/payment\/"},"modified":"2026-02-03T13:15:54","modified_gmt":"2026-02-03T19:15:54","slug":"pago","status":"publish","type":"page","link":"https:\/\/stthomaschc.org\/es\/pago\/","title":{"rendered":"Opciones de Pago"},"content":{"rendered":"<div class=\"wpb-content-wrapper\"><p>[vc_row type=\u00bbfull-width-content\u00bb content_placement=\u00bbmiddle\u00bb css=\u00bb.vc_custom_1488486290542{background-color: #5d99dd !important;}\u00bb][vc_column width=\u00bb1\/2&#8243;][vc_single_image image=\u00bb1073&#8243; img_size=\u00bb745&#215;450&#8243; css=\u00bb.vc_custom_1480538922835{margin-top: 0px !important;margin-right: 0px !important;margin-bottom: 0px !important;margin-left: 0px !important;}\u00bb][\/vc_column][vc_column width=\u00bb1\/2&#8243; css=\u00bb.vc_custom_1479750092618{margin-left: 35px !important;}\u00bb][vc_column_text]<\/p>\n<p class=\"mobileheader\">Opciones de Pago<\/p>\n<p>\n[\/vc_column_text][\/vc_column][\/vc_row][vc_row disable_element=\u00bbyes\u00bb][vc_column width=\u00bb2\/3&#8243;][vc_column_text]<\/p>\n<h3 style=\"text-align: center;\">Todo paciente es bienvenido, sin importar si posee los medios para pagar. Nuestra escala de precios se basa en los ingresos econ\u00f3micos de cada paciente. Tambi\u00e9n aceptamos la mayor\u00eda de seguros m\u00e9dicos comerciales, Medicaid y Medicare.<\/h3>\n<p>\n[\/vc_column_text][\/vc_column][vc_column width=\u00bb1\/3&#8243;]<style type=\"text\/css\" >#b_hfsxvciad48hywnkw0ks a{color:; background:; border-style:solid; border-color:; margin-top:0px; margin-bottom:0px;  margin-left:0px; margin-right:0px; font-weight:900; border-radius:0px;}#b_hfsxvciad48hywnkw0ks a:hover{color: ; background: ; border-color:;}<\/style><div class=\"ta_right tf_btn_pos\" id=\"b_hfsxvciad48hywnkw0ks\" ><a class=\"rd_stroke_bt large_rd_bt border_1px  \" href=\"https:\/\/www.phreesia.net\/25\/patient\/Payment.aspx\/Start?encrypted=BP5ZPn7voBAv48GssPNWtqqcjawfXtf_L1REkF2sfVr_dlG6dkSuoyVmbL46tJgo1-Rc96eL6yQdD3YhU-mdRFrV6-c_K8-BUJ5ynGVBj2pUVYi8p24Z7D8u_zNcrO0aRYMTRzKC1e85AOkXQX1aho0tj7RuRfIKnqBSKwNbereOC4yXcvCcbWNrkSjaAKWpUtxxoMiiQwfaVPURt2Gz2RZPy29Zhl8xYKzVQZMHie4pNcGk8cYsZwJ2L13_nM_G0\" target=\"\"   >Haga su Pago<\/a><\/div>[\/vc_column][\/vc_row][vc_row][vc_column width=\u00bb2\/3&#8243;][vc_column_text]<\/p>\n<h3 style=\"text-align: center;\">Todo paciente es bienvenido, sin importar si posee los medios para pagar. Nuestra escala de precios se basa en los ingresos econ\u00f3micos de cada paciente. Tambi\u00e9n aceptamos la mayor\u00eda de seguros m\u00e9dicos comerciales, Medicaid y Medicare.<\/h3>\n<p>\n[\/vc_column_text][\/vc_column][vc_column width=\u00bb1\/3&#8243;]<style type=\"text\/css\" >#b_pqsrffgs3ffm5qwy4mk9 a{color:; background:; border-style:solid; border-color:; margin-top:0px; margin-bottom:0px;  margin-left:0px; margin-right:0px; font-weight:900; border-radius:0px;}#b_pqsrffgs3ffm5qwy4mk9 a:hover{color: ; background: ; border-color:;}<\/style><div class=\"ta_right tf_btn_pos\" id=\"b_pqsrffgs3ffm5qwy4mk9\" ><a class=\"rd_stroke_bt large_rd_bt border_1px  \" href=\"https:\/\/patientportal.lcmchealth.org\/\" target=\"\"   >Haga su Pago<\/a><\/div>[\/vc_column][\/vc_row][vc_row type=\u00bbfull-width-section\u00bb equal_height=\u00bbyes\u00bb content_placement=\u00bbmiddle\u00bb css=\u00bb.vc_custom_1489606529350{margin-bottom: 15px !important;}\u00bb][vc_column][vc_row_inner css=\u00bb.vc_custom_1489606550495{margin-bottom: 20px !important;padding-top: 15px !important;padding-right: 15px !important;padding-bottom: 15px !important;padding-left: 15px !important;background-color: #ffefb8 !important;}\u00bb el_class=\u00bbshadow\u00bb][vc_column_inner][vc_custom_heading text=\u00bbMEDICAID Y MEDICARE\u00bb font_container=\u00bbtag:h2|font_size:30|text_align:left|color:%2383774d\u00bb google_fonts=\u00bbfont_family:Lato%3A100%2C100italic%2C300%2C300italic%2Cregular%2Citalic%2C700%2C700italic%2C900%2C900italic|font_style:700%20bold%20regular%3A700%3Anormal\u00bb css=\u00bb.vc_custom_1484148114866{margin-bottom: 10px !important;}\u00bb][vc_column_text css=\u00bb.vc_custom_1751386356154{margin-top: 5px !important;}\u00bb]Si tiene seguro a trav\u00e9s de Amerigroup, Amerihealth Caritas LA, United Healthcare Community Plan, Aetna Better Health, Louisiana Healthcare Connections o Medicare, nosotros enviaremos el cobro por servicios prestados directamente a su seguro. Usted deber\u00e1 pagar los costos que Medicare no cubra y puede realizar su pago en cualquiera de nuestras cl\u00ednicas. No hay cobros por consulta.<\/p>\n<p>Si usted no tiene ninguno de los seguros mencionados pero cree que cumple los requisitos para obtener Medicaid, tenemos personal disponible que puede verificar y ayudarle con la aplicaci\u00f3n.[\/vc_column_text][\/vc_column_inner][\/vc_row_inner][vc_row_inner css=\u00bb.vc_custom_1480444693942{padding-top: 15px !important;padding-right: 15px !important;padding-bottom: 33px !important;padding-left: 15px !important;background-color: #b7d5f6 !important;}\u00bb el_class=\u00bbshadow\u00bb][vc_column_inner][vc_custom_heading text=\u00bbSEGUROS PRIVADOS\u00bb font_container=\u00bbtag:h2|font_size:30|text_align:left|color:%234c657c\u00bb google_fonts=\u00bbfont_family:Lato%3A100%2C100italic%2C300%2C300italic%2Cregular%2Citalic%2C700%2C700italic%2C900%2C900italic|font_style:700%20bold%20regular%3A700%3Anormal\u00bb css=\u00bb.vc_custom_1487200344851{margin-top: 5px !important;margin-bottom: 11px !important;}\u00bb][vc_column_text]La cl\u00ednica St Thomas acepta la mayor\u00eda de seguros privados y comerciales incluyendo Blue Cross Blue Shield, Humana, Cigna, United Healthcare, Gilsbar 360, Vantage Healthplan, Verity HealthNet, Coventry, Aetna, Peoples Health. Si usted tiene un seguro que no est\u00e1 incluido en esta lista, deber\u00e1 llamar directamente a su seguro para verificar si cubre los servicios que ofrece la cl\u00ednica St Thomas.<\/p>\n<p>Deber\u00e1 pagar los costos por consulta que su seguro indique al momento de su visita. St Thomas enviar\u00e1 el resto de cobros por servicios prestados directamente a su seguro.[\/vc_column_text][\/vc_column_inner][\/vc_row_inner][\/vc_column][\/vc_row][vc_row css=\u00bb.vc_custom_1480349294291{margin-bottom: 10px !important;}\u00bb][vc_column width=\u00bb1\/3&#8243;][vc_row_inner css=\u00bb.vc_custom_1489606329361{padding-top: 15px !important;padding-right: 15px !important;padding-bottom: 15px !important;padding-left: 15px !important;background-color: #2372db !important;}\u00bb el_class=\u00bbribbon-1&#8243;][vc_column_inner width=\u00bb1\/2&#8243;][vc_column_text css=\u00bb.vc_custom_1480547723780{margin-top: 5px !important;padding-top: 5px !important;padding-bottom: 8px !important;}\u00bb]<\/p>\n<h2 style=\"color: white; text-align: center;\">ObamaCare<\/h2>\n<p>[\/vc_column_text][\/vc_column_inner][vc_column_inner width=\u00bb1\/2&#8243;]<style type=\"text\/css\" >#b_v3lbgdintf35kn6dwbem a{color:#ffffff; background:; border-style:solid; border-color:#ffffff; margin-top:0px; margin-bottom:0px;  margin-left:0px; margin-right:0px; font-weight:900; border-radius:0px;}#b_v3lbgdintf35kn6dwbem a:hover{color: ; background: ; border-color:;}<\/style><div class=\"ta_center tf_btn_pos\" id=\"b_v3lbgdintf35kn6dwbem\" ><a class=\"rd_stroke_bt medium_rd_bt border_1px  \" href=\"\/payment\/aca\/\" target=\"\"   >MAS INFORMACI\u00d3N<\/a><\/div>[\/vc_column_inner][\/vc_row_inner][\/vc_column][vc_column width=\u00bb1\/3&#8243;][vc_row_inner css=\u00bb.vc_custom_1489606335650{padding-top: 15px !important;padding-right: 15px !important;padding-bottom: 15px !important;padding-left: 15px !important;background-color: #55c67f !important;}\u00bb el_class=\u00bbribbon-1&#8243;][vc_column_inner width=\u00bb1\/2&#8243;][vc_column_text css=\u00bb.vc_custom_1480547727683{margin-top: 5px !important;padding-top: 5px !important;padding-bottom: 8px !important;}\u00bb]<\/p>\n<h2 style=\"color: white; text-align: center;\">Medicaid<\/h2>\n<p>[\/vc_column_text][\/vc_column_inner][vc_column_inner width=\u00bb1\/2&#8243;]<style type=\"text\/css\" >#b_8rbfz8xxr185gx0jkw8n a{color:#ffffff; background:; border-style:solid; border-color:#ffffff; margin-top:0px; margin-bottom:0px;  margin-left:0px; margin-right:0px; font-weight:900; border-radius:0px;}#b_8rbfz8xxr185gx0jkw8n a:hover{color: ; background: ; border-color:;}<\/style><div class=\"ta_center tf_btn_pos\" id=\"b_8rbfz8xxr185gx0jkw8n\" ><a class=\"rd_stroke_bt medium_rd_bt border_1px  \" href=\"\/payment\/louisiana-medicaid-expansion\/\" target=\"\"   >MAS INFORMACI\u00d3N<\/a><\/div>[\/vc_column_inner][\/vc_row_inner][\/vc_column][vc_column width=\u00bb1\/3&#8243;][vc_row_inner css=\u00bb.vc_custom_1489606343031{padding-top: 15px !important;padding-right: 15px !important;padding-bottom: 15px !important;padding-left: 15px !important;background-color: #e070b3 !important;}\u00bb el_class=\u00bbribbon-1&#8243;][vc_column_inner width=\u00bb1\/2&#8243;][vc_column_text css=\u00bb.vc_custom_1488564085935{margin-top: 5px !important;padding-top: 5px !important;padding-bottom: 8px !important;}\u00bb]<\/p>\n<h2 style=\"color: white; text-align: center;\">Definiciones<\/h2>\n<p>[\/vc_column_text][\/vc_column_inner][vc_column_inner width=\u00bb1\/2&#8243;]<style type=\"text\/css\" >#b_l2h53mkd46qmajld3ivx a{color:#ffffff; background:; border-style:solid; border-color:#ffffff; margin-top:0px; margin-bottom:0px;  margin-left:0px; margin-right:0px; font-weight:900; border-radius:0px;}#b_l2h53mkd46qmajld3ivx a:hover{color: ; background: ; border-color:;}<\/style><div class=\"ta_center tf_btn_pos\" id=\"b_l2h53mkd46qmajld3ivx\" ><a class=\"rd_stroke_bt medium_rd_bt border_1px  \" href=\"\/payment\/insurance-definitions\" target=\"\"   >MAS INFORMACI\u00d3N<\/a><\/div>[\/vc_column_inner][\/vc_row_inner][\/vc_column][\/vc_row][vc_row css=\u00bb.vc_custom_1710872732127{padding-top: 10px !important;padding-right: 10px !important;padding-bottom: 10px !important;padding-left: 10px !important;background-color: #ffffff !important;background-position: center !important;background-repeat: no-repeat !important;background-size: cover !important;}\u00bb][vc_column][vc_column_text css=\u00bb.vc_custom_1712335420095{padding-top: 10px !important;padding-right: 10px !important;padding-bottom: 10px !important;padding-left: 10px !important;background-color: #ffffff !important;}\u00bb]<\/p>\n<h2 style=\"line-height: 1.35em; padding-bottom: 20px;\">Por ser un Centro de Salud Comunitario que recibe fondos federales, podemos ofrecer descuentos a nuestros pacientes, tanto en consultas como medicamentos. Para poder recibir cualquier tipo de descuento es necesario que traiga un documento oficial que indique su ingreso econ\u00f3mico. Todos los documentos son confidenciales y no ser\u00e1n enviados a terceras personas u organizaciones.<\/h2>\n<p><\/p>\n<h3>\u00bfQu\u00e9 documentos puedo traer?<\/h3>\n<p>[\/vc_column_text][vc_row_inner][vc_column_inner width=\u00bb1\/6&#8243; css=\u00bb.vc_custom_1710872802519{padding: 10px !important;border: 1px solid #000000 !important;}\u00bb][vc_column_text]<\/p>\n<h5><strong>Declaraci\u00f3n de impuestos<\/strong><\/h5>\n<p>W2 o Anexo C[\/vc_column_text][\/vc_column_inner][vc_column_inner width=\u00bb1\/6&#8243; css=\u00bb.vc_custom_1710872825595{padding: 10px !important;border: 1px solid #000000 !important;}\u00bb][vc_column_text]<\/p>\n<h5><strong>Recibo de su cheque mensual, semanal u otro<\/strong><\/h5>\n<p>Propio o de su c\u00f3nyuge[\/vc_column_text][\/vc_column_inner][vc_column_inner width=\u00bb1\/6&#8243; css=\u00bb.vc_custom_1710872857509{padding: 10px !important;border: 1px solid #000000 !important;}\u00bb][vc_column_text]<\/p>\n<h5><strong>Carta de Beneficios Recibidos<\/strong><\/h5>\n<p>Seguro social, SSI- Discapacidad, Manutenci\u00f3n infantil o Desempleo[\/vc_column_text][\/vc_column_inner][vc_column_inner width=\u00bb1\/2&#8243; css=\u00bb.vc_custom_1710872900818{border-top-width: 1px !important;border-right-width: 1px !important;border-bottom-width: 1px !important;border-left-width: 1px !important;padding-top: 10px !important;padding-right: 10px !important;padding-bottom: 10px !important;padding-left: 10px !important;border-left-color: #000000 !important;border-left-style: solid !important;border-right-color: #000000 !important;border-right-style: solid !important;border-top-color: #000000 !important;border-top-style: solid !important;border-bottom-color: #000000 !important;border-bottom-style: solid !important;}\u00bb][vc_column_text css=\u00bb.vc_custom_1710872682911{background-color: #ffffff !important;}\u00bb]<\/p>\n<h5><strong>Cartas Oficiales<\/strong><\/h5>\n<p>Donde declara que recibe cualquier tipo de ingreso monetario o que posee alg\u00fan tipo de cobertura m\u00e9dica. La carta debe incluir el nombre, direcci\u00f3n y n\u00famero de tel\u00e9fono de la persona que lo mantiene. La carta deber\u00e1 ser redactada por cualquier agente oficial.[\/vc_column_text][\/vc_column_inner][\/vc_row_inner][vc_column_text css=\u00bb.vc_custom_1712067605724{padding-top: 10px !important;padding-right: 10px !important;padding-bottom: 10px !important;padding-left: 10px !important;background-color: #ffffff !important;}\u00bb]<\/p>\n<h4>Agradecemos su comprensi\u00f3n en cuanto a los documentos que debe traer ya que ayudan a que continuemos recibiendo fondos federales para cubrir las necesidades de todas nuestras comunidades.<\/h4>\n<p>[\/vc_column_text][\/vc_column][\/vc_row][vc_row css=\u00bb.vc_custom_1480349294291{margin-bottom: 10px !important;}\u00bb][vc_column][vc_custom_heading text=\u00bbESCALA DE PRECIOS\u00bb font_container=\u00bbtag:h2|font_size:40|text_align:left|color:%233e8d93|line_height:37px\u00bb google_fonts=\u00bbfont_family:Lato%3A100%2C100italic%2C300%2C300italic%2Cregular%2Citalic%2C700%2C700italic%2C900%2C900italic|font_style:700%20bold%20regular%3A700%3Anormal\u00bb css=\u00bb.vc_custom_1489606727326{margin-top: 5px !important;margin-bottom: 10px !important;border-top-width: 2px !important;border-right-width: 2px !important;border-bottom-width: 2px !important;border-left-width: 2px !important;border-left-color: #35b3a5 !important;border-right-color: #35b3a5 !important;border-top-color: #35b3a5 !important;border-bottom-color: #35b3a5 !important;}\u00bb][vc_row_inner][vc_column_inner][vc_column_text css=\u00bb\u00bb]<strong><b data-stringify-type=\"bold\">La tarifa m\u00ednima de pago por los servicios aument\u00f3 de 30 a 50 d\u00f3lares. A los pacientes que no presenten comprobante de ingresos se les podr\u00e1 cobrar el costo total de la consulta, que oscila entre 120 y 160 d\u00f3lares.<\/b><\/strong>[\/vc_column_text][\/vc_column_inner][\/vc_row_inner][\/vc_column][\/vc_row][vc_row type=\u00bbfull-width-section\u00bb][vc_column][vc_tabs interval=\u00bb0&#8243;][vc_tab use_icon=\u00bbyes\u00bb title=\u00bbCuidados Primarios (Primary Care)\u00bb tab_id=\u00bb0af5b576-c754-8&#8243; icon=\u00bbmk-hospital\u00bb][vc_row_inner css=\u00bb.vc_custom_1480349876046{margin-top: 10px !important;background-color: #ffffff !important;}\u00bb][vc_column_inner][vc_column_text]<a href=\"https:\/\/stthomaschc.org\/wp-content\/uploads\/2026\/02\/2026-Sliding-Fee-Scale-01-28-26-v2.pdf\" class=\"pdfemb-viewer\" style=\"\" data-width=\"max\" data-height=\"max\" data-toolbar=\"bottom\" data-toolbar-fixed=\"off\">2026 Sliding Fee Scale 01-28-26 v2<\/a>[\/vc_column_text][\/vc_column_inner][\/vc_row_inner][vc_row_inner css=\u00bb.vc_custom_1480349900312{margin-top: 10px !important;background-color: #ffffff !important;}\u00bb][vc_column_inner][vc_column_text css=\u00bb\u00bb]<\/p>\n<h4 style=\"margin-top: 20px;\"><a href=\"https:\/\/stthomaschc.org\/wp-content\/uploads\/2026\/02\/2026-Behavioral-Health-Sliding-Fee-Scale-01-28-26.pdf\" target=\"_blank\" rel=\"noopener noreferrer\">Click to Download a PDF of these tables<\/a><\/h4>\n<p>[\/vc_column_text][\/vc_column_inner][\/vc_row_inner][\/vc_tab][vc_tab use_icon=\u00bbyes\u00bb title=\u00bbServicios de Salud Mental (Behavioral Health)\u00bb tab_id=\u00bb2892084b-b2c1-8&#8243; icon=\u00bbimf-brain\u00bb][vc_row_inner css=\u00bb.vc_custom_1480349900312{margin-top: 10px !important;background-color: #ffffff !important;}\u00bb][vc_column_inner][vc_column_text css=\u00bb\u00bb]<a href=\"https:\/\/stthomaschc.org\/wp-content\/uploads\/2026\/02\/2026-Behavioral-Health-Sliding-Fee-Scale-01-28-26.pdf\" class=\"pdfemb-viewer\" style=\"\" data-width=\"max\" data-height=\"max\" data-toolbar=\"bottom\" data-toolbar-fixed=\"off\">2026 Behavioral Health Sliding Fee Scale 01-28-26<\/a>[\/vc_column_text][\/vc_column_inner][\/vc_row_inner][vc_row_inner css=\u00bb.vc_custom_1480349900312{margin-top: 10px !important;background-color: #ffffff !important;}\u00bb][vc_column_inner][vc_column_text css=\u00bb\u00bb]<\/p>\n<h4 style=\"margin-top: 20px;\"><a href=\"https:\/\/stthomaschc.org\/wp-content\/uploads\/2026\/02\/2026-Behavioral-Health-Sliding-Fee-Scale-01-28-26.pdf\">Click to Download a PDF of these tables<\/a><\/h4>\n<p>[\/vc_column_text][\/vc_column_inner][\/vc_row_inner][\/vc_tab][\/vc_tabs][\/vc_column][\/vc_row]<\/p>\n<\/div>","protected":false},"excerpt":{"rendered":"<p>[vc_row type=\u00bbfull-width-content\u00bb content_placement=\u00bbmiddle\u00bb css=\u00bb.vc_custom_1488486290542{background-color: #5d99dd !important;}\u00bb][vc_column width=\u00bb1\/2&#8243;][vc_single_image image=\u00bb1073&#8243; img_size=\u00bb745&#215;450&#8243; css=\u00bb.vc_custom_1480538922835{margin-top: 0px !important;margin-right: 0px !important;margin-bottom: 0px !important;margin-left: 0px !important;}\u00bb][\/vc_column][vc_column width=\u00bb1\/2&#8243; css=\u00bb.vc_custom_1479750092618{margin-left: 35px !important;}\u00bb][vc_column_text] Opciones de Pago [\/vc_column_text][\/vc_column][\/vc_row][vc_row disable_element=\u00bbyes\u00bb][vc_column width=\u00bb2\/3&#8243;][vc_column_text] Todo paciente es bienvenido, sin importar si posee los medios para pagar. Nuestra escala de precios se basa en los ingresos econ\u00f3micos de cada paciente. Tambi\u00e9n aceptamos<br \/><a href=\"https:\/\/stthomaschc.org\/es\/pago\/\" class=\"more\">Read more<\/a><\/p>\n","protected":false},"author":2,"featured_media":0,"parent":0,"menu_order":0,"comment_status":"closed","ping_status":"closed","template":"","meta":{"_acf_changed":false,"footnotes":""},"class_list":["post-584","page","type-page","status-publish","hentry"],"acf":[],"yoast_head":"<!-- This site is optimized with the Yoast SEO plugin v26.8 - https:\/\/yoast.com\/product\/yoast-seo-wordpress\/ -->\n<title>Opciones de Pago | Medicaid, Medicare, y Escala de Precios | St. Thomas Community Health Center<\/title>\n<meta name=\"description\" content=\"En St. Thomas, todo paciente es bienvenido, sin importar si posee los medios para pagar. Aceptamos la mayor\u00eda de seguros m\u00e9dicos comerciales, Medicaid y Medicare.\" \/>\n<meta name=\"robots\" content=\"index, follow, max-snippet:-1, max-image-preview:large, max-video-preview:-1\" \/>\n<link rel=\"canonical\" href=\"https:\/\/stthomaschc.org\/es\/pago\/\" \/>\n<meta property=\"og:locale\" content=\"es_ES\" \/>\n<meta property=\"og:type\" content=\"article\" \/>\n<meta property=\"og:title\" content=\"Opciones de Pago | Medicaid, Medicare, y Escala de Precios | St. Thomas Community Health Center\" \/>\n<meta property=\"og:description\" content=\"En St. Thomas, todo paciente es bienvenido, sin importar si posee los medios para pagar. Aceptamos la mayor\u00eda de seguros m\u00e9dicos comerciales, Medicaid y Medicare.\" \/>\n<meta property=\"og:url\" content=\"https:\/\/stthomaschc.org\/es\/pago\/\" \/>\n<meta property=\"og:site_name\" content=\"St. Thomas Community Health Center\" \/>\n<meta property=\"article:publisher\" content=\"https:\/\/www.facebook.com\/stthomaschc\" \/>\n<meta property=\"article:modified_time\" content=\"2026-02-03T19:15:54+00:00\" \/>\n<meta name=\"twitter:card\" content=\"summary_large_image\" \/>\n<meta name=\"twitter:site\" content=\"@StThomasCHC\" \/>\n<meta name=\"twitter:label1\" content=\"Tiempo de lectura\" \/>\n\t<meta name=\"twitter:data1\" content=\"9 minutos\" \/>\n<script type=\"application\/ld+json\" class=\"yoast-schema-graph\">{\"@context\":\"https:\/\/schema.org\",\"@graph\":[{\"@type\":\"WebPage\",\"@id\":\"https:\/\/stthomaschc.org\/es\/pago\/\",\"url\":\"https:\/\/stthomaschc.org\/es\/pago\/\",\"name\":\"Opciones de Pago | Medicaid, Medicare, y Escala de Precios | St. Thomas Community Health Center\",\"isPartOf\":{\"@id\":\"https:\/\/stthomaschc.org\/#website\"},\"datePublished\":\"2016-11-28T15:24:47+00:00\",\"dateModified\":\"2026-02-03T19:15:54+00:00\",\"description\":\"En St. Thomas, todo paciente es bienvenido, sin importar si posee los medios para pagar. Aceptamos la mayor\u00eda de seguros m\u00e9dicos comerciales, Medicaid y Medicare.\",\"breadcrumb\":{\"@id\":\"https:\/\/stthomaschc.org\/es\/pago\/#breadcrumb\"},\"inLanguage\":\"es\",\"potentialAction\":[{\"@type\":\"ReadAction\",\"target\":[\"https:\/\/stthomaschc.org\/es\/pago\/\"]}]},{\"@type\":\"BreadcrumbList\",\"@id\":\"https:\/\/stthomaschc.org\/es\/pago\/#breadcrumb\",\"itemListElement\":[{\"@type\":\"ListItem\",\"position\":1,\"name\":\"Home\",\"item\":\"https:\/\/stthomaschc.org\/es\/\"},{\"@type\":\"ListItem\",\"position\":2,\"name\":\"Opciones de Pago\"}]},{\"@type\":\"WebSite\",\"@id\":\"https:\/\/stthomaschc.org\/#website\",\"url\":\"https:\/\/stthomaschc.org\/\",\"name\":\"St. Thomas Community Health Center\",\"description\":\"St. Thomas Community Health Center&#039;s Site\",\"potentialAction\":[{\"@type\":\"SearchAction\",\"target\":{\"@type\":\"EntryPoint\",\"urlTemplate\":\"https:\/\/stthomaschc.org\/?s={search_term_string}\"},\"query-input\":{\"@type\":\"PropertyValueSpecification\",\"valueRequired\":true,\"valueName\":\"search_term_string\"}}],\"inLanguage\":\"es\"}]}<\/script>\n<!-- \/ Yoast SEO plugin. -->","yoast_head_json":{"title":"Opciones de Pago | Medicaid, Medicare, y Escala de Precios | St. Thomas Community Health Center","description":"En St. Thomas, todo paciente es bienvenido, sin importar si posee los medios para pagar. Aceptamos la mayor\u00eda de seguros m\u00e9dicos comerciales, Medicaid y Medicare.","robots":{"index":"index","follow":"follow","max-snippet":"max-snippet:-1","max-image-preview":"max-image-preview:large","max-video-preview":"max-video-preview:-1"},"canonical":"https:\/\/stthomaschc.org\/es\/pago\/","og_locale":"es_ES","og_type":"article","og_title":"Opciones de Pago | Medicaid, Medicare, y Escala de Precios | St. Thomas Community Health Center","og_description":"En St. Thomas, todo paciente es bienvenido, sin importar si posee los medios para pagar. Aceptamos la mayor\u00eda de seguros m\u00e9dicos comerciales, Medicaid y Medicare.","og_url":"https:\/\/stthomaschc.org\/es\/pago\/","og_site_name":"St. Thomas Community Health Center","article_publisher":"https:\/\/www.facebook.com\/stthomaschc","article_modified_time":"2026-02-03T19:15:54+00:00","twitter_card":"summary_large_image","twitter_site":"@StThomasCHC","twitter_misc":{"Tiempo de lectura":"9 minutos"},"schema":{"@context":"https:\/\/schema.org","@graph":[{"@type":"WebPage","@id":"https:\/\/stthomaschc.org\/es\/pago\/","url":"https:\/\/stthomaschc.org\/es\/pago\/","name":"Opciones de Pago | Medicaid, Medicare, y Escala de Precios | St. Thomas Community Health Center","isPartOf":{"@id":"https:\/\/stthomaschc.org\/#website"},"datePublished":"2016-11-28T15:24:47+00:00","dateModified":"2026-02-03T19:15:54+00:00","description":"En St. Thomas, todo paciente es bienvenido, sin importar si posee los medios para pagar. Aceptamos la mayor\u00eda de seguros m\u00e9dicos comerciales, Medicaid y Medicare.","breadcrumb":{"@id":"https:\/\/stthomaschc.org\/es\/pago\/#breadcrumb"},"inLanguage":"es","potentialAction":[{"@type":"ReadAction","target":["https:\/\/stthomaschc.org\/es\/pago\/"]}]},{"@type":"BreadcrumbList","@id":"https:\/\/stthomaschc.org\/es\/pago\/#breadcrumb","itemListElement":[{"@type":"ListItem","position":1,"name":"Home","item":"https:\/\/stthomaschc.org\/es\/"},{"@type":"ListItem","position":2,"name":"Opciones de Pago"}]},{"@type":"WebSite","@id":"https:\/\/stthomaschc.org\/#website","url":"https:\/\/stthomaschc.org\/","name":"St. Thomas Community Health Center","description":"St. Thomas Community Health Center&#039;s Site","potentialAction":[{"@type":"SearchAction","target":{"@type":"EntryPoint","urlTemplate":"https:\/\/stthomaschc.org\/?s={search_term_string}"},"query-input":{"@type":"PropertyValueSpecification","valueRequired":true,"valueName":"search_term_string"}}],"inLanguage":"es"}]}},"_links":{"self":[{"href":"https:\/\/stthomaschc.org\/es\/wp-json\/wp\/v2\/pages\/584","targetHints":{"allow":["GET"]}}],"collection":[{"href":"https:\/\/stthomaschc.org\/es\/wp-json\/wp\/v2\/pages"}],"about":[{"href":"https:\/\/stthomaschc.org\/es\/wp-json\/wp\/v2\/types\/page"}],"author":[{"embeddable":true,"href":"https:\/\/stthomaschc.org\/es\/wp-json\/wp\/v2\/users\/2"}],"replies":[{"embeddable":true,"href":"https:\/\/stthomaschc.org\/es\/wp-json\/wp\/v2\/comments?post=584"}],"version-history":[{"count":0,"href":"https:\/\/stthomaschc.org\/es\/wp-json\/wp\/v2\/pages\/584\/revisions"}],"wp:attachment":[{"href":"https:\/\/stthomaschc.org\/es\/wp-json\/wp\/v2\/media?parent=584"}],"curies":[{"name":"wp","href":"https:\/\/api.w.org\/{rel}","templated":true}]}}