{"id":579,"date":"2017-06-29T08:34:45","date_gmt":"2017-06-29T13:34:45","guid":{"rendered":"https:\/\/www.stthomaschc.org\/?page_id=579\/"},"modified":"2017-06-29T08:34:45","modified_gmt":"2017-06-29T13:34:45","slug":"solicitud-de-cita-recibida","status":"publish","type":"page","link":"https:\/\/stthomaschc.org\/es\/solicitud-de-cita-recibida\/","title":{"rendered":"Solicitud de Cita Recibida"},"content":{"rendered":"<div class=\"wpb-content-wrapper\"><p>[vc_row type=\u00bbfull-width-content\u00bb content_placement=\u00bbmiddle\u00bb css=\u00bb.vc_custom_1488486341465{background-color: #7ad16b !important;}\u00bb][vc_column width=\u00bb1\/2&#8243;][vc_single_image image=\u00bb34&#8243; img_size=\u00bb745&#215;450&#8243; css=\u00bb.vc_custom_1479832409330{margin-top: 0px !important;margin-right: 0px !important;margin-bottom: 0px !important;margin-left: 0px !important;}\u00bb][\/vc_column][vc_column width=\u00bb1\/2&#8243; css=\u00bb.vc_custom_1479750092618{margin-left: 35px !important;}\u00bb][vc_column_text]<\/p>\n<p class=\"mobileheader\">Appointment<br \/>\nRequest<br \/>\nReceived<\/p>\n<p>[\/vc_column_text][\/vc_column][\/vc_row][vc_row][vc_column][vc_column_text]<\/p>\n<h3 style=\"text-align: center;\">Un representante se pondr\u00e1 en contacto con usted en breve. Si necesita atenci\u00f3n inmediata, consulte a continuaci\u00f3n informaci\u00f3n espec\u00edfica sobre las horas y la direcci\u00f3n de cada sitio.<\/h3>\n<p>[\/vc_column_text][\/vc_column][\/vc_row][vc_row type=\u00bbfull-width-section\u00bb equal_height=\u00bbyes\u00bb][vc_column width=\u00bb1\/2&#8243;][vc_row_inner css=\u00bb.vc_custom_1486397267239{padding-top: 10px !important;padding-right: 15px !important;padding-bottom: 10px !important;padding-left: 15px !important;background-color: #f4eac3 !important;}\u00bb el_class=\u00bbshadow\u00bb][vc_column_inner][vc_custom_heading text=\u00bbSt. Thomas Community Health Center\u00bb font_container=\u00bbtag:h2|font_size:25|text_align:left|color:%23938260&#8243; google_fonts=\u00bbfont_family:Lato%3A100%2C100italic%2C300%2C300italic%2Cregular%2Citalic%2C700%2C700italic%2C900%2C900italic|font_style:700%20bold%20regular%3A700%3Anormal\u00bb css=\u00bb.vc_custom_1479834427353{margin-bottom: 0px !important;padding-top: 5px !important;padding-right: 15px !important;padding-bottom: 5px !important;padding-left: 15px !important;}\u00bb][vc_raw_html css=\u00bb.vc_custom_1483456616878{margin-top: 0px !important;padding-top: 15px !important;padding-right: 15px !important;padding-bottom: 15px !important;padding-left: 15px !important;}\u00bb]JTNDdGFibGUlMjBzdHlsZSUzRCUyMndpZHRoJTNBMTAwJTI1JTNCJTIwY29sb3IlM0ElMjBibGFjayUzQiUyMiUzRSUwQSUyMCUyMCUzQ3RyJTNFJTBBJTIwJTIwJTIwJTNDdGQlM0UlMEElM0NzdHJvbmclM0UxMDIwJTIwU3QuJTIwQW5kcmV3JTIwU3QuJTNDYnIlM0VOZXclMjBPcmxlYW5zJTJDJTIwTEElMjA3MDEzMCUzQyUyRnN0cm9uZyUzRSUwQSUyMCUyMCUyMCUzQ2JyJTNFJTNDYnIlM0UlMEFPbiUyMHRoZSUyMGNvcm5lciUyMG9mJTIwTWFnYXppbmUlMjBTdC4lM0NiciUzRSUwQWFuZCUyMFN0LiUyMEFuZHJldyUyMFN0LiUwQSUyMCUyMCUyMCUzQ2JyJTNFJTNDJTJGYnIlM0UlMEFQYXJraW5nJTNBJTIwT2ZmJTIwc3RyZWV0JTIwcGFya2luZyUyMGF2YWlsYWJsZSUwQSUzQ2JyJTNFaW4lMjBsb3QlMjBvbiUyMFN0LiUyMEFuZHJldyUyMFN0LiUyMGJlaGluZCUzQ2JyJTNFeWVsbG93JTIwRG9uYWxkJTIwVC4lMjBFcndpbiUyMENlbnRlciUwQSUyMCUyMCUyMCUzQyUyRnRkJTNFJTBBJTIwJTIwJTIwJTNDdGQlM0UlMEElM0NlbSUzRU1vbmRheS1GcmlkYXklM0MlMkZlbSUzRSUyMDclM0EzMGFtJTIwLSUyMDUlM0EwMHBtJTBBJTNDYnIlM0UlM0NiciUzRSUwQSUzQ3N0cm9uZyUzRU1hbW1vZ3JhcGh5JTIwSG91cnMlM0ElM0MlMkZzdHJvbmclM0UlM0NiciUzRSUwQSUzQ2VtJTNFTW9uJTJDJTIwVHVlcyUyQyUyMFRodXJzJTNBJTNDJTJGZW0lM0UlMjA4JTNBMDBhbSUyMC0lMjA0JTNBMDBwbSUzQ2JyJTNFJTBBJTNDZW0lM0VXZWQlMkMlMjBGcmklM0ElM0MlMkZlbSUzRSUyMDglM0EwMGFtJTIwLSUyMDEyJTNBMDBwbSUwQSUzQ2JyJTNFJTNDYnIlM0UlMEFUZWwlM0ElMjA1MDQuNTI5LjU1NTglM0NiciUzRSUwQUZheCUzQSUyMDUwNC41OTkuNDU4MyUwQSUyMCUyMCUyMCUzQyUyRnRkJTNFJTBBJTIwJTNDJTJGdHIlM0UlMEElM0MlMkZ0YWJsZSUzRQ==[\/vc_raw_html][\/vc_column_inner][\/vc_row_inner][\/vc_column][vc_column width=\u00bb1\/2&#8243;][vc_gmaps link=\u00bb#E-8_JTNDaWZyYW1lJTIwc3JjJTNEJTIyaHR0cHMlM0ElMkYlMkZ3d3cuZ29vZ2xlLmNvbSUyRm1hcHMlMkZlbWJlZCUzRnBiJTNEJTIxMW0xOCUyMTFtMTIlMjExbTMlMjExZDM0NTcuNzAxMDAzMTUwMjcxJTIxMmQtOTAuMDc2NjQzMzQ4MzkxOTMlMjEzZDI5LjkzMDUwODg4MTgzNTIxNiUyMTJtMyUyMTFmMCUyMTJmMCUyMTNmMCUyMTNtMiUyMTFpMTAyNCUyMTJpNzY4JTIxNGYxMy4xJTIxM20zJTIxMW0yJTIxMXMweDg2MjBhNjdmODFhMjI4OGYlMjUzQTB4OTliMTI0ZjRkYjc0YTRiNSUyMTJzMTAyMCUyQlN0JTJCQW5kcmV3JTJCU3QlMjUyQyUyQk5ldyUyQk9ybGVhbnMlMjUyQyUyQkxBJTJCNzAxMzAlMjE1ZTAlMjEzbTIlMjExc2VuJTIxMnN1cyUyMTR2MTQ4MzQ3MDc2MzU4MiUyMiUyMHdpZHRoJTNEJTIyNDAwJTIyJTIwaGVpZ2h0JTNEJTIyMjU3JTIyJTNFJTNDJTJGaWZyYW1lJTNF\u00bb el_class=\u00bbshadow\u00bb][\/vc_column][\/vc_row][vc_row type=\u00bbfull-width-section\u00bb equal_height=\u00bbyes\u00bb][vc_column width=\u00bb1\/2&#8243;][vc_row_inner css=\u00bb.vc_custom_1486397288254{padding-top: 10px !important;padding-right: 15px !important;padding-bottom: 10px !important;padding-left: 15px !important;background-color: #f4eac3 !important;}\u00bb el_class=\u00bbshadow\u00bb][vc_column_inner][vc_custom_heading text=\u00bbDonald T. Erwin Center\u00bb font_container=\u00bbtag:h2|font_size:25|text_align:left|color:%23938260&#8243; google_fonts=\u00bbfont_family:Lato%3A100%2C100italic%2C300%2C300italic%2Cregular%2Citalic%2C700%2C700italic%2C900%2C900italic|font_style:700%20bold%20regular%3A700%3Anormal\u00bb css=\u00bb.vc_custom_1479836174472{margin-bottom: 0px !important;padding-top: 5px !important;padding-right: 15px !important;padding-bottom: 5px !important;padding-left: 15px !important;}\u00bb][vc_raw_html css=\u00bb.vc_custom_1483456654623{margin-top: 0px !important;padding-top: 15px !important;padding-right: 15px !important;padding-bottom: 15px !important;padding-left: 15px !important;}\u00bb]JTNDdGFibGUlMjBzdHlsZSUzRCUyMndpZHRoJTNBMTAwJTI1JTNCJTIwY29sb3IlM0ElMjBibGFjayUzQiUyMiUzRSUwQSUyMCUyMCUzQ3RyJTNFJTBBJTIwJTIwJTIwJTNDdGQlM0UlMEElM0NzdHJvbmclM0UxOTM2JTIwTWFnYXppbmUlMjBTdC4lM0NiciUzRU5ldyUyME9ybGVhbnMlMkMlMjBMQSUyMDcwMTMwJTNDJTJGc3Ryb25nJTNFJTBBJTIwJTIwJTIwJTNDYnIlM0UlM0NiciUzRSUwQU9uJTIwdGhlJTIwY29ybmVyJTIwb2YlMjBNYWdhemluZSUyMFN0LiUzQ2JyJTNFJTBBYW5kJTIwU3QuJTIwQW5kcmV3JTIwU3QuJTBBJTIwJTIwJTIwJTNDYnIlM0UlM0MlMkZiciUzRSUwQVBhcmtpbmclM0ElMjBPZmYlMjBzdHJlZXQlMjBwYXJraW5nJTIwYXZhaWxhYmxlJTBBJTNDYnIlM0VpbiUyMGxvdCUyMG9uJTIwU3QuJTIwQW5kcmV3JTIwU3QuJTIwYmVoaW5kJTNDYnIlM0V5ZWxsb3clMjBEb25hbGQlMjBULiUyMEVyd2luJTIwQ2VudGVyJTBBJTIwJTIwJTIwJTNDJTJGdGQlM0UlMEElMjAlMjAlMjAlM0N0ZCUzRSUwQSUzQ2VtJTNFTW9uZGF5LUZyaWRheSUzQyUyRmVtJTNFJTIwNyUzQTMwYW0lMjAtJTIwNSUzQTAwcG0lMEElM0NiciUzRSUzQ2JyJTNFJTBBJTNDc3Ryb25nJTNFTWFtbW9ncmFwaHklMjBIb3VycyUzQSUzQyUyRnN0cm9uZyUzRSUzQ2JyJTNFJTBBJTNDZW0lM0VNb24lMkMlMjBUdWVzJTJDJTIwVGh1cnMlM0ElM0MlMkZlbSUzRSUyMDglM0EwMGFtJTIwLSUyMDQlM0EwMHBtJTNDYnIlM0UlMEElM0NlbSUzRVdlZCUyQyUyMEZyaSUzQSUzQyUyRmVtJTNFJTIwOCUzQTAwYW0lMjAtJTIwMTIlM0EwMHBtJTBBJTNDYnIlM0UlM0NiciUzRSUwQVRlbCUzQSUyMDUwNC41MjkuNTU1OCUzQ2JyJTNFJTBBRmF4JTNBJTIwNTA0LjU5OS40NTgzJTBBJTIwJTIwJTIwJTNDJTJGdGQlM0UlMEElMjAlM0MlMkZ0ciUzRSUwQSUzQyUyRnRhYmxlJTNF[\/vc_raw_html][\/vc_column_inner][\/vc_row_inner][\/vc_column][vc_column width=\u00bb1\/2&#8243;][vc_gmaps link=\u00bb#E-8_JTNDaWZyYW1lJTIwc3JjJTNEJTIyaHR0cHMlM0ElMkYlMkZ3d3cuZ29vZ2xlLmNvbSUyRm1hcHMlMkZlbWJlZCUzRnBiJTNEJTIxMW0xOCUyMTFtMTIlMjExbTMlMjExZDM0NTcuNjg2MzMzOTAwOTA2JTIxMmQtOTAuMDc2NzE0MTQ4MzkxOTYlMjEzZDI5LjkzMDkzMTA4MTgzNDk0NSUyMTJtMyUyMTFmMCUyMTJmMCUyMTNmMCUyMTNtMiUyMTFpMTAyNCUyMTJpNzY4JTIxNGYxMy4xJTIxM20zJTIxMW0yJTIxMXMweDg2MjBhNjdmN2M3YTBiN2YlMjUzQTB4OTA0MDgwNTRkNjQxMjhjNyUyMTJzU3QuJTJCVGhvbWFzJTJCQ29tbXVuaXR5JTJCSGVhbHRoJTJCQ2VudGVyJTIxNWUwJTIxM20yJTIxMXNlbiUyMTJzdXMlMjE0djE0ODM0NzA4MTkzMDAlMjIlMjB3aWR0aCUzRCUyMjQwMCUyMiUyMGhlaWdodCUzRCUyMjI1NyUyMiUyMGZyYW1lYm9yZGVyJTNEJTIyMCUyMiUyMHN0eWxlJTNEJTIyYm9yZGVyJTNBMCUyMiUyMGFsbG93ZnVsbHNjcmVlbiUzRSUzQyUyRmlmcmFtZSUzRQ==\u00bb el_class=\u00bbshadow\u00bb][\/vc_column][\/vc_row][vc_row type=\u00bbfull-width-section\u00bb equal_height=\u00bbyes\u00bb][vc_column width=\u00bb1\/2&#8243;][vc_row_inner css=\u00bb.vc_custom_1486397365521{padding-top: 10px !important;padding-right: 15px !important;padding-bottom: 10px !important;padding-left: 15px !important;background-color: #f4eac3 !important;}\u00bb el_class=\u00bbshadow\u00bb][vc_column_inner][vc_custom_heading text=\u00bbSt. Thomas at Mahalia Jackson\u00bb font_container=\u00bbtag:h2|font_size:25|text_align:left|color:%23938260&#8243; google_fonts=\u00bbfont_family:Lato%3A100%2C100italic%2C300%2C300italic%2Cregular%2Citalic%2C700%2C700italic%2C900%2C900italic|font_style:700%20bold%20regular%3A700%3Anormal\u00bb css=\u00bb.vc_custom_1479836190806{margin-bottom: 0px !important;padding-top: 5px !important;padding-right: 15px !important;padding-bottom: 5px !important;padding-left: 15px !important;}\u00bb][vc_raw_html css=\u00bb.vc_custom_1483456622907{margin-top: 0px !important;padding-top: 15px !important;padding-right: 15px !important;padding-bottom: 15px !important;padding-left: 15px !important;}\u00bb]JTNDdGFibGUlMjBzdHlsZSUzRCUyMndpZHRoJTNBMTAwJTI1JTNCJTIwY29sb3IlM0ElMjBibGFjayUzQiUyMiUzRSUwQSUyMCUyMCUzQ3RyJTNFJTBBJTIwJTIwJTIwJTNDdGQlM0UlMEElM0NzdHJvbmclM0UyNDA1JTIwSmFja3NvbiUyMEF2ZS4lM0NiciUzRUJ1aWxkaW5nJTIwQXZlLiUyQyUyMFN1aXRlJTIwMjIyJTNDJTJGYnIlM0VOZXclMjBPcmxlYW5zJTJDJTIwTEElMjA3MDExMyUzQyUyRnN0cm9uZyUzRSUwQSUyMCUyMCUyMCUzQ2JyJTNFJTNDYnIlM0UlMEFPbiUyMHRoZSUyMGNvcm5lciUyMG9mJTIwSmFja3NvbiUyMEF2ZS4lM0NiciUzRWFuZCUyMCUwQUZyZXJldCUyMFN0cmVldC4lMEElMjAlMjAlMjAlM0NiciUzRSUzQyUyRmJyJTNFJTBBUGFya2luZyUzQSUyMEF2YWlsYWJsZSUyMGluJTIwZ2F0ZWQlMjBwYXJraW5nJTIwbG90LiUyMCUwQSUyMCUyMCUyMCUzQyUyRnRkJTNFJTBBJTIwJTIwJTIwJTNDdGQlM0UlMEElM0NlbSUzRU1vbmRheS1GcmlkYXklM0MlMkZlbSUzRSUyMDclM0EzMGFtJTIwLSUyMDMlM0EwMHBtJTBBJTNDYnIlM0UlM0NiciUzRSUwQSUzQ3N0cm9uZyUzRU9wdG9tZXRyeSUyMEhvdXJzJTNBJTNDJTJGc3Ryb25nJTNFJTNDYnIlM0UlMEE4JTNBMDBhbSUyMC0lMjA0JTNBMDBwbSUwQSUzQ2JyJTNFJTNDYnIlM0UlMEFUZWwlM0ElMjA1MDQuNTI5LjU1NTglM0NiciUzRSUwQUZheCUzQSUyMDUwNC41OTkuNDU4MyUwQSUyMCUyMCUyMCUzQyUyRnRkJTNFJTBBJTIwJTNDJTJGdHIlM0UlMEElM0MlMkZ0YWJsZSUzRQ==[\/vc_raw_html][\/vc_column_inner][\/vc_row_inner][\/vc_column][vc_column width=\u00bb1\/2&#8243;][vc_gmaps link=\u00bb#E-8_JTNDaWZyYW1lJTIwc3JjJTNEJTIyaHR0cHMlM0ElMkYlMkZ3d3cuZ29vZ2xlLmNvbSUyRm1hcHMlMkZlbWJlZCUzRnBiJTNEJTIxMW0xOCUyMTFtMTIlMjExbTMlMjExZDEzODI5LjIwOTE1NTUyNjU5OCUyMTJkLTkwLjA5NjE3MDgzOTQyMjYlMjEzZDI5Ljk0MTk4MjQ3MzEzMzkxNSUyMTJtMyUyMTFmMCUyMTJmMCUyMTNmMCUyMTNtMiUyMTFpMTAyNCUyMTJpNzY4JTIxNGYxMy4xJTIxM20zJTIxMW0yJTIxMXMweDAlMjUzQTB4MWU4MzY0ZGQxMzRmZWE0NyUyMTJzU2FpbnQlMkJUaG9tYXMlMkJDb21tdW5pdHklMkJIZWFsdGglMkJDZW50ZXIlMjE1ZTAlMjEzbTIlMjExc2VuJTIxMnN1cyUyMTR2MTQ4MzQ3MTA3MzU0NCUyMiUyMHdpZHRoJTNEJTIyNDAwJTIyJTIwaGVpZ2h0JTNEJTIyMjU3JTIyJTIwZnJhbWVib3JkZXIlM0QlMjIwJTIyJTIwc3R5bGUlM0QlMjJib3JkZXIlM0EwJTIyJTIwYWxsb3dmdWxsc2NyZWVuJTNFJTNDJTJGaWZyYW1lJTNF\u00bb el_class=\u00bbshadow\u00bb][\/vc_column][\/vc_row][vc_row type=\u00bbfull-width-section\u00bb equal_height=\u00bbyes\u00bb][vc_column width=\u00bb1\/2&#8243;][vc_row_inner css=\u00bb.vc_custom_1486397359029{padding-top: 10px !important;padding-right: 15px !important;padding-bottom: 10px !important;padding-left: 15px !important;background-color: #f4eac3 !important;}\u00bb el_class=\u00bbshadow\u00bb][vc_column_inner][vc_custom_heading text=\u00bbSt. Thomas at Columbia Parc\u00bb font_container=\u00bbtag:h2|font_size:25|text_align:left|color:%23938260&#8243; google_fonts=\u00bbfont_family:Lato%3A100%2C100italic%2C300%2C300italic%2Cregular%2Citalic%2C700%2C700italic%2C900%2C900italic|font_style:700%20bold%20regular%3A700%3Anormal\u00bb css=\u00bb.vc_custom_1480710860986{margin-bottom: 0px !important;padding-top: 5px !important;padding-right: 15px !important;padding-bottom: 5px !important;padding-left: 15px !important;}\u00bb][vc_raw_html css=\u00bb.vc_custom_1483456628465{margin-top: 0px !important;padding-top: 15px !important;padding-right: 15px !important;padding-bottom: 15px !important;padding-left: 15px !important;}\u00bb]JTNDdGFibGUlMjBzdHlsZSUzRCUyMndpZHRoJTNBMTAwJTI1JTNCJTIwY29sb3IlM0ElMjBibGFjayUzQiUyMiUzRSUwQSUyMCUyMCUzQ3RyJTNFJTBBJTIwJTIwJTIwJTNDdGQlM0UlMEElM0NzdHJvbmclM0UzOTQzJTIwU3QuJTIwQmVybmFyZCUyMEF2ZS4lM0NiciUzRU5ldyUyME9ybGVhbnMlMkMlMjBMQSUyMDcwMTIyJTNDJTJGc3Ryb25nJTNFJTBBJTIwJTIwJTIwJTNDYnIlM0UlM0NiciUzRSUwQU9uJTIwdGhlJTIwY29ybmVyJTIwb2YlMjBTdC4lMjBCZXJuYXJkJTIwQXZlLiUzQ2JyJTNFJTBBYW5kJTIwQ2F0b24lMjBTdHJlZXQuJTBBJTIwJTIwJTIwJTNDJTJGdGQlM0UlMEElMjAlMjAlMjAlM0N0ZCUzRSUwQSUzQ2VtJTNFTW9uZGF5LUZyaWRheSUzQyUyRmVtJTNFJTIwNyUzQTMwYW0lMjAtJTIwNCUzQTMwcG0lMEElM0NiciUzRSUzQ2JyJTNFJTBBVGVsJTNBJTIwNTA0LjUyOS41NTU4JTNDYnIlM0UlMEFGYXglM0ElMjA1MDQuNTk5LjQ1ODMlMEElMjAlMjAlMjAlM0MlMkZ0ZCUzRSUwQSUyMCUzQyUyRnRyJTNFJTBBJTNDJTJGdGFibGUlM0U=[\/vc_raw_html][\/vc_column_inner][\/vc_row_inner][\/vc_column][vc_column width=\u00bb1\/2&#8243;][vc_gmaps link=\u00bb#E-8_JTNDaWZyYW1lJTIwc3JjJTNEJTIyaHR0cHMlM0ElMkYlMkZ3d3cuZ29vZ2xlLmNvbSUyRm1hcHMlMkZlbWJlZCUzRnBiJTNEJTIxMW0xOCUyMTFtMTIlMjExbTMlMjExZDEyOTg3LjEwMjQ5OTk3ODQ1NyUyMTJkLTkwLjA3OTU5NjM3NTY0NTA3JTIxM2QyOS45ODYwMTE3MzAyMDMyMTclMjEybTMlMjExZjAlMjEyZjAlMjEzZjAlMjEzbTIlMjExaTEwMjQlMjEyaTc2OCUyMTRmMTMuMSUyMTNtMyUyMTFtMiUyMTFzMHgwJTI1M0EweDZlOTJiYzkxZTRiOTM3OWQlMjEyc1N0LiUyQlRob21hcyUyQkNvbW11bml0eSUyQkhlYWx0aCUyQkNlbnRlciUyMTVlMCUyMTNtMiUyMTFzZW4lMjEyc3VzJTIxNHYxNDgzNDcxMTM3NjkzJTIyJTIwd2lkdGglM0QlMjI0MDAlMjIlMjBoZWlnaHQlM0QlMjIxODElMjIlMjBmcmFtZWJvcmRlciUzRCUyMjAlMjIlMjBzdHlsZSUzRCUyMmJvcmRlciUzQTAlMjIlMjBhbGxvd2Z1bGxzY3JlZW4lM0UlM0MlMkZpZnJhbWUlM0U=\u00bb el_class=\u00bbshadow\u00bb][\/vc_column][\/vc_row][vc_row type=\u00bbfull-width-section\u00bb equal_height=\u00bbyes\u00bb][vc_column width=\u00bb1\/2&#8243;][vc_row_inner css=\u00bb.vc_custom_1486397352841{padding-top: 10px !important;padding-right: 15px !important;padding-bottom: 10px !important;padding-left: 15px !important;background-color: #f4eac3 !important;}\u00bb el_class=\u00bbshadow\u00bb][vc_column_inner][vc_custom_heading text=\u00bbSt. Thomas at L.B. Landry\u00bb font_container=\u00bbtag:h2|font_size:25|text_align:left|color:%23938260&#8243; google_fonts=\u00bbfont_family:Lato%3A100%2C100italic%2C300%2C300italic%2Cregular%2Citalic%2C700%2C700italic%2C900%2C900italic|font_style:700%20bold%20regular%3A700%3Anormal\u00bb css=\u00bb.vc_custom_1480710869562{margin-bottom: 0px !important;padding-top: 5px !important;padding-right: 15px !important;padding-bottom: 5px !important;padding-left: 15px !important;}\u00bb][vc_raw_html css=\u00bb.vc_custom_1483456635013{margin-top: 0px !important;padding-top: 15px !important;padding-right: 15px !important;padding-bottom: 15px !important;padding-left: 15px !important;}\u00bb]JTNDdGFibGUlMjBzdHlsZSUzRCUyMndpZHRoJTNBMTAwJTI1JTNCJTIwY29sb3IlM0ElMjBibGFjayUzQiUyMiUzRSUwQSUyMCUyMCUzQ3RyJTNFJTBBJTIwJTIwJTIwJTNDdGQlM0UlMEElM0NzdHJvbmclM0UxMjAwJTIwTC5CLiUyMExhbmRyeSUyMEF2ZS4lM0NiciUzRU5ldyUyME9ybGVhbnMlMkMlMjBMQSUyMDcwMTE0JTNDJTJGc3Ryb25nJTNFJTBBJTIwJTIwJTIwJTNDYnIlM0UlM0NiciUzRSUwQU9uJTIwTGFuZHJ5LVdhbGtlciUyMFNjaG9vbCUyMENhbXB1cy4lMEElMjAlMjAlMjAlM0MlMkZ0ZCUzRSUwQSUyMCUyMCUyMCUzQ3RkJTNFJTBBJTNDZW0lM0VNb25kYXktRnJpZGF5JTNDJTJGZW0lM0UlMjA3JTNBMzBhbSUyMC0lMjA0JTNBMzBwbSUwQSUzQ2JyJTNFJTNDYnIlM0UlMEFUZWwlM0ElMjA1MDQuNTI5LjU1NTglM0NiciUzRSUwQUZheCUzQSUyMDUwNC41OTkuNDU4MyUwQSUyMCUyMCUyMCUzQyUyRnRkJTNFJTBBJTIwJTNDJTJGdHIlM0UlMEElM0MlMkZ0YWJsZSUzRQ==[\/vc_raw_html][\/vc_column_inner][\/vc_row_inner][\/vc_column][vc_column width=\u00bb1\/2&#8243;][vc_gmaps link=\u00bb#E-8_JTNDaWZyYW1lJTIwc3JjJTNEJTIyaHR0cHMlM0ElMkYlMkZ3d3cuZ29vZ2xlLmNvbSUyRm1hcHMlMkZlbWJlZCUzRnBiJTNEJTIxMW0xOCUyMTFtMTIlMjExbTMlMjExZDM0NTcuMjg1OTI4NTA3NzY5MyUyMTJkLTkwLjA0MjA5NjM0ODM5MTgyJTIxM2QyOS45NDI0NTMxODE4MzA3NTclMjEybTMlMjExZjAlMjEyZjAlMjEzZjAlMjEzbTIlMjExaTEwMjQlMjEyaTc2OCUyMTRmMTMuMSUyMTNtMyUyMTFtMiUyMTFzMHg4NjIwYTY0YzU0NjQ5MWQ3JTI1M0EweDQ1M2M1MGU1OWYxZjYzNTIlMjEyc1N0LiUyQlRob21hcyUyQkNvbW11bml0eSUyQkhlYWx0aCUyQkNlbnRlciUyMTVlMCUyMTNtMiUyMTFzZW4lMjEyc3VzJTIxNHYxNDgzNDcxMTY3ODEwJTIyJTIwd2lkdGglM0QlMjI0MDAlMjIlMjBoZWlnaHQlM0QlMjIxNjclMjIlMjBmcmFtZWJvcmRlciUzRCUyMjAlMjIlMjBzdHlsZSUzRCUyMmJvcmRlciUzQTAlMjIlMjBhbGxvd2Z1bGxzY3JlZW4lM0UlM0MlMkZpZnJhbWUlM0U=\u00bb el_class=\u00bbshadow\u00bb][\/vc_column][\/vc_row][vc_row type=\u00bbfull-width-section\u00bb equal_height=\u00bbyes\u00bb][vc_column width=\u00bb1\/2&#8243;][vc_row_inner css=\u00bb.vc_custom_1486397334144{padding-top: 10px !important;padding-right: 15px !important;padding-bottom: 10px !important;padding-left: 15px !important;background-color: #f4eac3 !important;}\u00bb el_class=\u00bbshadow\u00bb][vc_column_inner][vc_custom_heading text=\u00bbComing Soon\u00bb font_container=\u00bbtag:h2|font_size:25|text_align:left|color:%23938260&#8243; google_fonts=\u00bbfont_family:Lato%3A100%2C100italic%2C300%2C300italic%2Cregular%2Citalic%2C700%2C700italic%2C900%2C900italic|font_style:700%20bold%20regular%3A700%3Anormal\u00bb css=\u00bb.vc_custom_1483730584868{margin-bottom: 0px !important;padding-top: 5px !important;padding-right: 15px !important;padding-bottom: 5px !important;padding-left: 15px !important;}\u00bb][vc_raw_html css=\u00bb.vc_custom_1483730693956{margin-top: 0px !important;padding-top: 15px !important;padding-right: 15px !important;padding-bottom: 15px !important;padding-left: 15px !important;}\u00bb]JTNDdGFibGUlMjBzdHlsZSUzRCUyMndpZHRoJTNBMTAwJTI1JTNCJTIwY29sb3IlM0ElMjBibGFjayUzQiUyMiUzRSUwQSUyMCUyMCUzQ3RyJTNFJTBBJTIwJTIwJTIwJTNDdGQlM0UlMEElM0NzdHJvbmclM0UxMDI0JTIwSmFja3NvbiUyMEF2ZSUzQ2JyJTNFTmV3JTIwT3JsZWFucyUyQyUyMExBJTIwNzAxMzAlM0MlMkZzdHJvbmclM0UlMEElMjAlMjAlMjAlM0MlMkZ0ZCUzRSUwQSUyMCUzQyUyRnRyJTNFJTBBJTNDJTJGdGFibGUlM0U=[\/vc_raw_html][\/vc_column_inner][\/vc_row_inner][\/vc_column][vc_column width=\u00bb1\/2&#8243;][vc_gmaps link=\u00bb#E-8_JTNDaWZyYW1lJTIwc3JjJTNEJTIyaHR0cHMlM0ElMkYlMkZ3d3cuZ29vZ2xlLmNvbSUyRm1hcHMlMkZlbWJlZCUzRnBiJTNEJTIxMW0xOCUyMTFtMTIlMjExbTMlMjExZDM0NTcuNzUwMTE3MDEyNDEzNyUyMTJkLTkwLjA3ODg0NTQ4NDg4NzU4JTIxM2QyOS45MjkwOTUyODE5MjQ0MzYlMjEybTMlMjExZjAlMjEyZjAlMjEzZjAlMjEzbTIlMjExaTEwMjQlMjEyaTc2OCUyMTRmMTMuMSUyMTNtMyUyMTFtMiUyMTFzMHg4NjIwYTVkNTIyM2JlN2ZmJTI1M0EweDY3NmU4Njk1MDA3ZTNlY2UlMjEyczEwMjQlMkJKYWNrc29uJTJCQXZlJTI1MkMlMkJOZXclMkJPcmxlYW5zJTI1MkMlMkJMQSUyQjcwMTMwJTIxNWUwJTIxM20yJTIxMXNlbiUyMTJzdXMlMjE0djE0ODM3MzA2NTI4MjUlMjIlMjB3aWR0aCUzRCUyMjQwMCUyMiUyMGhlaWdodCUzRCUyMjE2NyUyMiUyMGZyYW1lYm9yZGVyJTNEJTIyMCUyMiUyMHN0eWxlJTNEJTIyYm9yZGVyJTNBMCUyMiUyMGFsbG93ZnVsbHNjcmVlbiUzRSUzQyUyRmlmcmFtZSUzRQ==\u00bb el_class=\u00bbshadow\u00bb][\/vc_column][\/vc_row]<\/p>\n<\/div>","protected":false},"excerpt":{"rendered":"<p>[vc_row type=\u00bbfull-width-content\u00bb content_placement=\u00bbmiddle\u00bb css=\u00bb.vc_custom_1488486341465{background-color: #7ad16b !important;}\u00bb][vc_column width=\u00bb1\/2&#8243;][vc_single_image image=\u00bb34&#8243; img_size=\u00bb745&#215;450&#8243; css=\u00bb.vc_custom_1479832409330{margin-top: 0px !important;margin-right: 0px !important;margin-bottom: 0px !important;margin-left: 0px !important;}\u00bb][\/vc_column][vc_column width=\u00bb1\/2&#8243; css=\u00bb.vc_custom_1479750092618{margin-left: 35px !important;}\u00bb][vc_column_text] Appointment Request Received [\/vc_column_text][\/vc_column][\/vc_row][vc_row][vc_column][vc_column_text] Un representante se pondr\u00e1 en contacto con usted en breve. Si necesita atenci\u00f3n inmediata, consulte a continuaci\u00f3n informaci\u00f3n espec\u00edfica sobre las horas y la direcci\u00f3n de cada sitio. [\/vc_column_text][\/vc_column][\/vc_row][vc_row<br \/><a href=\"https:\/\/stthomaschc.org\/es\/solicitud-de-cita-recibida\/\" class=\"more\">Read more<\/a><\/p>\n","protected":false},"author":2,"featured_media":0,"parent":0,"menu_order":0,"comment_status":"closed","ping_status":"closed","template":"","meta":{"_acf_changed":false,"footnotes":""},"class_list":["post-579","page","type-page","status-publish","hentry"],"acf":[],"yoast_head":"<!-- This site is optimized with the Yoast SEO plugin v26.8 - https:\/\/yoast.com\/product\/yoast-seo-wordpress\/ -->\n<title>Solicitud de Cita Recibida - St. Thomas Community Health Center<\/title>\n<meta name=\"robots\" content=\"index, follow, max-snippet:-1, max-image-preview:large, max-video-preview:-1\" \/>\n<link rel=\"canonical\" href=\"https:\/\/stthomaschc.org\/es\/solicitud-de-cita-recibida\/\" \/>\n<meta property=\"og:locale\" content=\"es_ES\" \/>\n<meta property=\"og:type\" content=\"article\" \/>\n<meta property=\"og:title\" content=\"Solicitud de Cita Recibida - St. Thomas Community Health Center\" \/>\n<meta property=\"og:description\" content=\"[vc_row type=\u00bbfull-width-content\u00bb content_placement=\u00bbmiddle\u00bb css=\u00bb.vc_custom_1488486341465{background-color: #7ad16b !important;}\u00bb][vc_column width=\u00bb1\/2&#8243;][vc_single_image image=\u00bb34&#8243; img_size=\u00bb745&#215;450&#8243; css=\u00bb.vc_custom_1479832409330{margin-top: 0px !important;margin-right: 0px !important;margin-bottom: 0px !important;margin-left: 0px !important;}\u00bb][\/vc_column][vc_column width=\u00bb1\/2&#8243; css=\u00bb.vc_custom_1479750092618{margin-left: 35px !important;}\u00bb][vc_column_text] Appointment Request Received [\/vc_column_text][\/vc_column][\/vc_row][vc_row][vc_column][vc_column_text] Un representante se pondr\u00e1 en contacto con usted en breve. Si necesita atenci\u00f3n inmediata, consulte a continuaci\u00f3n informaci\u00f3n espec\u00edfica sobre las horas y la direcci\u00f3n de cada sitio. [\/vc_column_text][\/vc_column][\/vc_row][vc_rowRead more\" \/>\n<meta property=\"og:url\" content=\"https:\/\/stthomaschc.org\/es\/solicitud-de-cita-recibida\/\" \/>\n<meta property=\"og:site_name\" content=\"St. Thomas Community Health Center\" \/>\n<meta property=\"article:publisher\" content=\"https:\/\/www.facebook.com\/stthomaschc\" \/>\n<meta name=\"twitter:card\" content=\"summary_large_image\" \/>\n<meta name=\"twitter:site\" content=\"@StThomasCHC\" \/>\n<meta name=\"twitter:label1\" content=\"Tiempo de lectura\" \/>\n\t<meta name=\"twitter:data1\" content=\"8 minutos\" \/>\n<script type=\"application\/ld+json\" class=\"yoast-schema-graph\">{\"@context\":\"https:\/\/schema.org\",\"@graph\":[{\"@type\":\"WebPage\",\"@id\":\"https:\/\/stthomaschc.org\/es\/solicitud-de-cita-recibida\/\",\"url\":\"https:\/\/stthomaschc.org\/es\/solicitud-de-cita-recibida\/\",\"name\":\"Solicitud de Cita Recibida - St. Thomas Community Health Center\",\"isPartOf\":{\"@id\":\"https:\/\/stthomaschc.org\/#website\"},\"datePublished\":\"2017-06-29T13:34:45+00:00\",\"breadcrumb\":{\"@id\":\"https:\/\/stthomaschc.org\/es\/solicitud-de-cita-recibida\/#breadcrumb\"},\"inLanguage\":\"es\",\"potentialAction\":[{\"@type\":\"ReadAction\",\"target\":[\"https:\/\/stthomaschc.org\/es\/solicitud-de-cita-recibida\/\"]}]},{\"@type\":\"BreadcrumbList\",\"@id\":\"https:\/\/stthomaschc.org\/es\/solicitud-de-cita-recibida\/#breadcrumb\",\"itemListElement\":[{\"@type\":\"ListItem\",\"position\":1,\"name\":\"Home\",\"item\":\"https:\/\/stthomaschc.org\/es\/\"},{\"@type\":\"ListItem\",\"position\":2,\"name\":\"Solicitud de Cita Recibida\"}]},{\"@type\":\"WebSite\",\"@id\":\"https:\/\/stthomaschc.org\/#website\",\"url\":\"https:\/\/stthomaschc.org\/\",\"name\":\"St. Thomas Community Health Center\",\"description\":\"St. Thomas Community Health Center&#039;s Site\",\"potentialAction\":[{\"@type\":\"SearchAction\",\"target\":{\"@type\":\"EntryPoint\",\"urlTemplate\":\"https:\/\/stthomaschc.org\/?s={search_term_string}\"},\"query-input\":{\"@type\":\"PropertyValueSpecification\",\"valueRequired\":true,\"valueName\":\"search_term_string\"}}],\"inLanguage\":\"es\"}]}<\/script>\n<!-- \/ Yoast SEO plugin. -->","yoast_head_json":{"title":"Solicitud de Cita Recibida - St. Thomas Community Health Center","robots":{"index":"index","follow":"follow","max-snippet":"max-snippet:-1","max-image-preview":"max-image-preview:large","max-video-preview":"max-video-preview:-1"},"canonical":"https:\/\/stthomaschc.org\/es\/solicitud-de-cita-recibida\/","og_locale":"es_ES","og_type":"article","og_title":"Solicitud de Cita Recibida - St. Thomas Community Health Center","og_description":"[vc_row type=\u00bbfull-width-content\u00bb content_placement=\u00bbmiddle\u00bb css=\u00bb.vc_custom_1488486341465{background-color: #7ad16b !important;}\u00bb][vc_column width=\u00bb1\/2&#8243;][vc_single_image image=\u00bb34&#8243; img_size=\u00bb745&#215;450&#8243; css=\u00bb.vc_custom_1479832409330{margin-top: 0px !important;margin-right: 0px !important;margin-bottom: 0px !important;margin-left: 0px !important;}\u00bb][\/vc_column][vc_column width=\u00bb1\/2&#8243; css=\u00bb.vc_custom_1479750092618{margin-left: 35px !important;}\u00bb][vc_column_text] Appointment Request Received [\/vc_column_text][\/vc_column][\/vc_row][vc_row][vc_column][vc_column_text] Un representante se pondr\u00e1 en contacto con usted en breve. Si necesita atenci\u00f3n inmediata, consulte a continuaci\u00f3n informaci\u00f3n espec\u00edfica sobre las horas y la direcci\u00f3n de cada sitio. [\/vc_column_text][\/vc_column][\/vc_row][vc_rowRead more","og_url":"https:\/\/stthomaschc.org\/es\/solicitud-de-cita-recibida\/","og_site_name":"St. Thomas Community Health Center","article_publisher":"https:\/\/www.facebook.com\/stthomaschc","twitter_card":"summary_large_image","twitter_site":"@StThomasCHC","twitter_misc":{"Tiempo de lectura":"8 minutos"},"schema":{"@context":"https:\/\/schema.org","@graph":[{"@type":"WebPage","@id":"https:\/\/stthomaschc.org\/es\/solicitud-de-cita-recibida\/","url":"https:\/\/stthomaschc.org\/es\/solicitud-de-cita-recibida\/","name":"Solicitud de Cita Recibida - St. Thomas Community Health Center","isPartOf":{"@id":"https:\/\/stthomaschc.org\/#website"},"datePublished":"2017-06-29T13:34:45+00:00","breadcrumb":{"@id":"https:\/\/stthomaschc.org\/es\/solicitud-de-cita-recibida\/#breadcrumb"},"inLanguage":"es","potentialAction":[{"@type":"ReadAction","target":["https:\/\/stthomaschc.org\/es\/solicitud-de-cita-recibida\/"]}]},{"@type":"BreadcrumbList","@id":"https:\/\/stthomaschc.org\/es\/solicitud-de-cita-recibida\/#breadcrumb","itemListElement":[{"@type":"ListItem","position":1,"name":"Home","item":"https:\/\/stthomaschc.org\/es\/"},{"@type":"ListItem","position":2,"name":"Solicitud de Cita Recibida"}]},{"@type":"WebSite","@id":"https:\/\/stthomaschc.org\/#website","url":"https:\/\/stthomaschc.org\/","name":"St. Thomas Community Health Center","description":"St. Thomas Community Health Center&#039;s Site","potentialAction":[{"@type":"SearchAction","target":{"@type":"EntryPoint","urlTemplate":"https:\/\/stthomaschc.org\/?s={search_term_string}"},"query-input":{"@type":"PropertyValueSpecification","valueRequired":true,"valueName":"search_term_string"}}],"inLanguage":"es"}]}},"_links":{"self":[{"href":"https:\/\/stthomaschc.org\/es\/wp-json\/wp\/v2\/pages\/579","targetHints":{"allow":["GET"]}}],"collection":[{"href":"https:\/\/stthomaschc.org\/es\/wp-json\/wp\/v2\/pages"}],"about":[{"href":"https:\/\/stthomaschc.org\/es\/wp-json\/wp\/v2\/types\/page"}],"author":[{"embeddable":true,"href":"https:\/\/stthomaschc.org\/es\/wp-json\/wp\/v2\/users\/2"}],"replies":[{"embeddable":true,"href":"https:\/\/stthomaschc.org\/es\/wp-json\/wp\/v2\/comments?post=579"}],"version-history":[{"count":0,"href":"https:\/\/stthomaschc.org\/es\/wp-json\/wp\/v2\/pages\/579\/revisions"}],"wp:attachment":[{"href":"https:\/\/stthomaschc.org\/es\/wp-json\/wp\/v2\/media?parent=579"}],"curies":[{"name":"wp","href":"https:\/\/api.w.org\/{rel}","templated":true}]}}